{"id":2745,"date":"2023-06-29T21:01:05","date_gmt":"2023-06-29T14:01:05","guid":{"rendered":"https:\/\/www.phivutabletennis.com\/?post_type=product&#038;p=2745"},"modified":"2023-06-29T21:01:05","modified_gmt":"2023-06-29T14:01:05","slug":"lin-yun-ju-super-zlc","status":"publish","type":"product","link":"https:\/\/www.phivutabletennis.com\/index.php\/product\/lin-yun-ju-super-zlc\/","title":{"rendered":"LIN YUN JU SUPER ZLC"},"content":{"rendered":"<p><strong>H\u00c0NG CH\u00cdNH H\u00c3NG BUTTERFLY S\u1ea2N XU\u1ea4T T\u1ea0I NH\u1eacT B\u1ea2N &#8211; MADE IN JAPAN\u00a0<\/strong><\/p>\n<p><u><em><span style=\"font-family: arial, helvetica, sans-serif;\"><b>V\u1eadn \u0111\u1ed9ng vi\u00ean LIN YUN JU chia s\u1ebb:<\/b><\/span><\/em><\/u><\/p>\n<p>\u201cT\u00f4i r\u1ea5t vui khi c\u00f3 m\u1ed9t c\u1ed1t v\u1ee3t mang t\u00ean m\u00ecnh. T\u00f4i ngh\u0129 nh\u1eefng n\u1ed5 l\u1ef1c v\u00e0 c\u1ed1 g\u1eafng c\u1ee7a t\u00f4i trong th\u1eddi gian d\u00e0i \u0111\u00e3 \u0111\u01b0\u1ee3c m\u1ecdi ng\u01b0\u1eddi c\u00f4ng nh\u1eadn. T\u00f4i ch\u1ecdn c\u00e1n v\u1ee3t c\u00f3 m\u00e0u s\u1eafc t\u01b0\u01a1i s\u00e1ng m\u00e0 t\u00f4i th\u00edch do t\u00f4i c\u00f2n tr\u1ebb, \u0111\u1ed3ng th\u1eddi t\u00f4i mu\u1ed1n truy\u1ec1n n\u0103ng l\u01b0\u1ee3ng v\u00e0 c\u1ea3m h\u1ee9ng cho m\u1ecdi ng\u01b0\u1eddi, c\u0169ng nh\u01b0 gi\u1eef \u0111\u1ed9ng l\u1ef1c cho b\u1ea3n th\u00e2n. T\u00f4i th\u1ea5y c\u1ed1t v\u1ee3t t\u00f4i \u0111ang s\u1eed d\u1ee5ng hi\u1ec7n t\u1ea1i r\u1ea5t d\u1ec5 \u0111\u1ec3 th\u1ef1c hi\u1ec7n k\u1ef9 thu\u1eadt v\u1eaby tr\u00e1i trong tr\u1eadn \u0111\u1ea5u. K\u1ef9 thu\u1eadt v\u1eaby tr\u00e1i th\u01b0\u1eddng \u0111\u01b0\u1ee3c d\u00f9ng nhi\u1ec1u trong tr\u1eadn \u0111\u1ea5u v\u00e0 \u0111\u00f3 c\u0169ng l\u00e0 k\u1ef9 thu\u1eadt t\u1ed1t nh\u1ea5t c\u1ee7a t\u00f4i. &#8221;<\/p>\n<p><strong>C\u1ed1t v\u1ee3t mang t\u00ean\u00a0LIN YUN JU<\/strong>\u00a0&#8211; V\u1eadn \u0111\u1ed9ng vi\u00ean \u0111\u1ec9nh cao b\u00f3ng b\u00e0n \u0110\u00e0i Loan.<\/p>\n<p><strong>C\u1ed1t v\u1ee3t\u00a0LIN YUN JU<\/strong>&#8211; Thi\u1ebft k\u1ebf 5 l\u1edbp g\u1ed7 k\u1ebft h\u1ee3p 2 l\u1edbp s\u1ee3i s\u01a1 cao c\u1ea5p Super Zylon Carbon m\u1eadt \u0111\u1ed9 cao c\u00f3 \u01b0u \u0111i\u1ec3m\u00a0t\u1ea1o ra l\u1ef1c \u0111\u00e1nh b\u00f3ng t\u1ed1t, \u1ed5n \u0111\u1ecbnh do \u0111i\u1ec3m ti\u1ebfp x\u00fac b\u00f3ng r\u1ed9ng v\u00e0 l\u1ef1c \u0111\u1ea9y b\u00f3ng l\u1edbn.<\/p>\n<p>Th\u00e2n c\u00e1n \u0111\u01b0\u1ee3c\u00a0ph\u1ed1i theo gam m\u00e0u y\u00eau th\u00edch c\u1ee7a V\u1eadn \u0111\u1ed9ng vi\u00ean\u00a0<strong>LIN YUN JU<\/strong>, d\u1ea5u hi\u1ec7u h\u00ecnh c\u00e1nh kh\u1eafc tr\u00ean th\u00e2n c\u00e1n v\u1ee3t \u0111\u01b0\u1ee3c thi\u1ebft k\u1ebf d\u1ef1a theo t\u00ean vi\u1ebft t\u1eaft c\u1ee7a V\u1eadn \u0111\u1ed9ng vi\u00ean\u00a0<strong>LIN YUN JU<\/strong>\u00a0nh\u1eb1m truy\u1ec1n t\u1ea3i n\u00e9t tr\u1ebb trung v\u00e0 m\u1ed9t t\u01b0\u01a1ng lai th\u00e0nh c\u00f4ng.<\/p>\n<p>S\u1ef1 l\u1ef1a ch\u1ecdn t\u1ed1i \u01b0u gi\u00fap ng\u01b0\u1eddi ch\u01a1i d\u1ec5 d\u00e0ng th\u1ef1c hi\u1ec7n nh\u1eefng k\u1ef9 thu\u1eadt v\u1eaby tr\u00e1i hay gi\u1eadt \u0111\u00f4i c\u00f4ng \u00f4m b\u00e0n.<\/p>\n<p>C\u1ed1t\u00a0v\u1ee3t\u00a0<strong>LIN YUN JU<\/strong>\u00a0hi\u1ec7n \u0111ang \u0111\u01b0\u1ee3c v\u1eadn \u0111\u1ed9ng vi\u00ean\u00a0n\u00e0y s\u1eed d\u1ee5ng k\u1ebft h\u1ee3p c\u00f9ng 2 m\u1eb7t v\u1ee3t\u00a0<strong>Tenergy 05 Hard<\/strong>\u00a0v\u00e0\u00a0<strong>Dignics 05.<\/strong><\/p>\n<p><u><em>V\u1eadn \u0111\u1ed9ng vi\u00ean\u00a0<strong>LIN YUN JU<\/strong>\u00a0\u0111\u00e3 \u0111\u1ea1t \u0111\u01b0\u1ee3c nhi\u1ec1u th\u00e0nh t\u00edch nh\u01b0:<\/em><\/u><\/p>\n<ul>\n<li value=\"21\">V\u00f4 \u0111\u1ecbch \u0110\u01a1n nam t\u1ea1i gi\u1ea3i ITTF World Tour Czech n\u0103m 2019<\/li>\n<li value=\"21\">V\u00f4 \u0111\u1ecbch \u0110\u01a1n nam t\u1ea1i gi\u1ea3i T2 Diamond Malaysia n\u0103m 2019<\/li>\n<li value=\"21\">V\u00f4 \u0111\u1ecbch \u0110\u00f4i\u00a0 nam n\u1eef t\u1ea1i gi\u1ea3i ITTF World Tour China Open n\u0103m 2019<\/li>\n<li value=\"21\">V\u00f4 \u0111\u1ecbch \u0110\u00f4i\u00a0 nam n\u1eef t\u1ea1i gi\u1ea3i ITTF World Tour Hong Kong Open n\u0103m 2019<\/li>\n<li value=\"21\">Huy ch\u01b0\u01a1ng \u0110\u1ed3ng \u0111\u00f4i nam n\u1eef t\u1ea1i gi\u1ea3i V\u00f4 \u0110\u1ecbch Th\u1ebf Gi\u1edbi n\u0103m 2019<\/li>\n<li value=\"21\">V\u00f4 \u0111\u1ecbch \u0110\u01a1n nam t\u1ea1i gi\u1ea3i ITTF World Tour Hungary Open U21 n\u0103m 2018<\/li>\n<\/ul>\n<table border=\"0\" cellspacing=\"1\" cellpadding=\"1\">\n<tbody>\n<tr>\n<td>C\u1ea5u t\u1ea1o<\/td>\n<td>:\u00a05 l\u1edbp g\u1ed7 + 2 l\u1edbp s\u1ee3i Super Zylon Carbon<\/td>\n<\/tr>\n<tr>\n<td>L\u1ef1c \u0111\u1ea9y<\/td>\n<td>:\u00a012.3 (t\u1ed1c \u0111\u1ed9)<\/td>\n<\/tr>\n<tr>\n<td>\u0110\u1ed9 rung<\/td>\n<td>: 11.1 (\u0111\u1ed9 xo\u00e1y)<\/td>\n<\/tr>\n<tr>\n<td>\u0110\u1ed9 d\u00e0y<\/td>\n<td>: 5.6mm<\/td>\n<\/tr>\n<tr>\n<td>B\u1ea3ng v\u1ee3t<\/td>\n<td>:\u00a0157 x 150mm<\/td>\n<\/tr>\n<tr>\n<td>Tr\u1ecdng l\u01b0\u1ee3ng<\/td>\n<td>: \u00b1 84gr<\/td>\n<\/tr>\n<\/tbody>\n<\/table>\n<p><strong>H\u00e0ng ch\u00ednh h\u00e3ng b\u1ea3o h\u00e0nh 1 th\u00e1ng<\/strong><br \/>\n<strong>Theo th\u00f4ng s\u1ed1 chu\u1ea9n c\u1ee7a h\u00e3ng Butterfly<\/strong><\/p>\n","protected":false},"excerpt":{"rendered":"<p>H\u00c0NG CH\u00cdNH H\u00c3NG BUTTERFLY S\u1ea2N XU\u1ea4T T\u1ea0I NH\u1eacT B\u1ea2N &#8211; MADE IN JAPAN\u00a0 V\u1eadn \u0111\u1ed9ng vi\u00ean LIN YUN JU chia s\u1ebb: \u201cT\u00f4i r\u1ea5t vui khi c\u00f3 m\u1ed9t c\u1ed1t v\u1ee3t mang t\u00ean m\u00ecnh. T\u00f4i ngh\u0129 nh\u1eefng n\u1ed5 l\u1ef1c v\u00e0 c\u1ed1 g\u1eafng c\u1ee7a t\u00f4i trong th\u1eddi gian d\u00e0i \u0111\u00e3 \u0111\u01b0\u1ee3c m\u1ecdi ng\u01b0\u1eddi c\u00f4ng nh\u1eadn. T\u00f4i ch\u1ecdn c\u00e1n [&hellip;]<\/p>\n","protected":false},"featured_media":2746,"comment_status":"open","ping_status":"closed","template":"","meta":{"_eb_attr":""},"product_cat":[76,26],"product_tag":[],"class_list":["post-2745","product","type-product","status-publish","has-post-thumbnail","hentry","product_cat-butterfly-cot-vot","product_cat-cot-vot"],"_links":{"self":[{"href":"https:\/\/www.phivutabletennis.com\/index.php\/wp-json\/wp\/v2\/product\/2745","targetHints":{"allow":["GET"]}}],"collection":[{"href":"https:\/\/www.phivutabletennis.com\/index.php\/wp-json\/wp\/v2\/product"}],"about":[{"href":"https:\/\/www.phivutabletennis.com\/index.php\/wp-json\/wp\/v2\/types\/product"}],"replies":[{"embeddable":true,"href":"https:\/\/www.phivutabletennis.com\/index.php\/wp-json\/wp\/v2\/comments?post=2745"}],"wp:featuredmedia":[{"embeddable":true,"href":"https:\/\/www.phivutabletennis.com\/index.php\/wp-json\/wp\/v2\/media\/2746"}],"wp:attachment":[{"href":"https:\/\/www.phivutabletennis.com\/index.php\/wp-json\/wp\/v2\/media?parent=2745"}],"wp:term":[{"taxonomy":"product_cat","embeddable":true,"href":"https:\/\/www.phivutabletennis.com\/index.php\/wp-json\/wp\/v2\/product_cat?post=2745"},{"taxonomy":"product_tag","embeddable":true,"href":"https:\/\/www.phivutabletennis.com\/index.php\/wp-json\/wp\/v2\/product_tag?post=2745"}],"curies":[{"name":"wp","href":"https:\/\/api.w.org\/{rel}","templated":true}]}}