{"id":2751,"date":"2023-06-29T21:03:23","date_gmt":"2023-06-29T14:03:23","guid":{"rendered":"https:\/\/www.phivutabletennis.com\/?post_type=product&#038;p=2751"},"modified":"2023-06-29T21:03:23","modified_gmt":"2023-06-29T14:03:23","slug":"viscaria-super-alc","status":"publish","type":"product","link":"https:\/\/www.phivutabletennis.com\/index.php\/product\/viscaria-super-alc\/","title":{"rendered":"VISCARIA SUPER ALC"},"content":{"rendered":"<p>Phi\u00ean b\u1ea3n \u0111\u1ea7u ti\u00ean trang b\u1ecb s\u1ee3i Super Arylate Carbon<br \/>\nViscaria Super ALC c\u00f3 t\u1ed1c \u0111\u1ed9 v\u01b0\u1ee3t tr\u1ed9i h\u01a1n nh\u01b0ng v\u1eabn duy tr\u00ec t\u00ednh linh ho\u1ea1t v\u00e0 \u0111\u1ed9 \u0111\u00e0n h\u1ed3i c\u1ee7a d\u00f2ng Viscaria c\u1ed5 \u0111i\u1ec3n.<br \/>\nTh\u01b0\u01a1ng hi\u1ec7u Butterfly \u0111\u00e3 th\u00e0nh c\u00f4ng trong vi\u1ec7c nghi\u00ean c\u1ee9u t\u0103ng l\u1ef1c cho phi\u00ean b\u1ea3n Viscaria Super ALC nh\u01b0ng v\u1eabn gi\u1eef nguy\u00ean c\u1ea5u tr\u00fac c\u01a1 b\u1ea3n c\u00e1c l\u1edbp g\u1ed7 v\u00e0 c\u1ea3m gi\u00e1c rung nh\u1eb9 c\u1ee7a d\u00f2ng Viscaria c\u1ed5 \u0111i\u1ec3n.<br \/>\nViscaria Super ALC kh\u00f4ng nh\u1eefng \u0111\u00e1p \u1ee9ng y\u00eau c\u1ea7u c\u00e1c v\u1eadn \u0111\u1ed9ng vi\u00ean \u0111\u1ec9nh cao m\u00e0 c\u00f2n ph\u00f9 h\u1ee3p v\u1edbi ng\u01b0\u1eddi ch\u01a1i c\u00f3 k\u1ef9 thu\u1eadt b\u00f3ng b\u00e0n t\u1eeb t\u1ea7m trung \u0111\u1ebfn cao, \u0111\u1eb7c bi\u1ec7t th\u00edch h\u1ee3p v\u1edbi v\u1eadn \u0111\u1ed9ng vi\u00ean v\u00e0 ng\u01b0\u1eddi ch\u01a1i mu\u1ed1n t\u0103ng l\u1ef1c \u0111\u00e1nh b\u00f3ng nhanh h\u01a1n nh\u01b0ng v\u1eabn gi\u1eef \u0111\u01b0\u1ee3c c\u1ea3m gi\u00e1c c\u1ee7a d\u00f2ng Viscaria c\u1ed5 \u0111i\u1ec3n.<\/p>\n<table border=\"0\" cellspacing=\"1\" cellpadding=\"1\">\n<tbody>\n<tr>\n<td>C\u1ea5u t\u1ea1o<\/td>\n<td>:\u00a05 l\u1edbp g\u1ed7 + 2 l\u1edbp s\u1ee3i Super Arylate Carbon<\/td>\n<\/tr>\n<tr>\n<td>L\u1ef1c \u0111\u1ea9y<\/td>\n<td>: 12.1\u00a0(t\u1ed1c \u0111\u1ed9)<\/td>\n<\/tr>\n<tr>\n<td>\u0110\u1ed9 rung<\/td>\n<td>: 10.1\u00a0(c\u1ea3m gi\u00e1c)<\/td>\n<\/tr>\n<tr>\n<td>\u0110\u1ed9 d\u00e0y<\/td>\n<td>:\u00a05.7 mm<\/td>\n<\/tr>\n<tr>\n<td>B\u1ea3ng v\u1ee3t<\/td>\n<td>:\u00a0157 x 150mm<\/td>\n<\/tr>\n<\/tbody>\n<\/table>\n<p>&nbsp;<\/p>\n<p><img decoding=\"async\" src=\"https:\/\/bongban.asia\/image\/data\/BUTTERFLY\/coc_vot_thang\/M%E1%BB%9E%20B%C3%81N%20L%E1%BA%A6N%203%20(1).jpg\" alt=\"\" \/><\/p>\n","protected":false},"excerpt":{"rendered":"<p>Phi\u00ean b\u1ea3n \u0111\u1ea7u ti\u00ean trang b\u1ecb s\u1ee3i Super Arylate Carbon Viscaria Super ALC c\u00f3 t\u1ed1c \u0111\u1ed9 v\u01b0\u1ee3t tr\u1ed9i h\u01a1n nh\u01b0ng v\u1eabn duy tr\u00ec t\u00ednh linh ho\u1ea1t v\u00e0 \u0111\u1ed9 \u0111\u00e0n h\u1ed3i c\u1ee7a d\u00f2ng Viscaria c\u1ed5 \u0111i\u1ec3n. Th\u01b0\u01a1ng hi\u1ec7u Butterfly \u0111\u00e3 th\u00e0nh c\u00f4ng trong vi\u1ec7c nghi\u00ean c\u1ee9u t\u0103ng l\u1ef1c cho phi\u00ean b\u1ea3n Viscaria Super ALC nh\u01b0ng v\u1eabn [&hellip;]<\/p>\n","protected":false},"featured_media":2758,"comment_status":"open","ping_status":"closed","template":"","meta":{"_eb_attr":""},"product_cat":[76,26],"product_tag":[],"class_list":["post-2751","product","type-product","status-publish","has-post-thumbnail","hentry","product_cat-butterfly-cot-vot","product_cat-cot-vot"],"_links":{"self":[{"href":"https:\/\/www.phivutabletennis.com\/index.php\/wp-json\/wp\/v2\/product\/2751","targetHints":{"allow":["GET"]}}],"collection":[{"href":"https:\/\/www.phivutabletennis.com\/index.php\/wp-json\/wp\/v2\/product"}],"about":[{"href":"https:\/\/www.phivutabletennis.com\/index.php\/wp-json\/wp\/v2\/types\/product"}],"replies":[{"embeddable":true,"href":"https:\/\/www.phivutabletennis.com\/index.php\/wp-json\/wp\/v2\/comments?post=2751"}],"wp:featuredmedia":[{"embeddable":true,"href":"https:\/\/www.phivutabletennis.com\/index.php\/wp-json\/wp\/v2\/media\/2758"}],"wp:attachment":[{"href":"https:\/\/www.phivutabletennis.com\/index.php\/wp-json\/wp\/v2\/media?parent=2751"}],"wp:term":[{"taxonomy":"product_cat","embeddable":true,"href":"https:\/\/www.phivutabletennis.com\/index.php\/wp-json\/wp\/v2\/product_cat?post=2751"},{"taxonomy":"product_tag","embeddable":true,"href":"https:\/\/www.phivutabletennis.com\/index.php\/wp-json\/wp\/v2\/product_tag?post=2751"}],"curies":[{"name":"wp","href":"https:\/\/api.w.org\/{rel}","templated":true}]}}