{"id":2759,"date":"2023-06-29T21:05:53","date_gmt":"2023-06-29T14:05:53","guid":{"rendered":"https:\/\/www.phivutabletennis.com\/?post_type=product&#038;p=2759"},"modified":"2026-01-19T22:00:43","modified_gmt":"2026-01-19T15:00:43","slug":"harimoto-tomokazu-innerforce-alc","status":"publish","type":"product","link":"https:\/\/www.phivutabletennis.com\/index.php\/product\/harimoto-tomokazu-innerforce-alc\/","title":{"rendered":"HARIMOTO TOMOKAZU INNERFORCE ALC"},"content":{"rendered":"<p><strong>H\u00c0NG CH\u00cdNH H\u00c3NG BUTTERFLY S\u1ea2N XU\u1ea4T T\u1ea0I NH\u1eacT B\u1ea2N- MADE IN JAPAN<\/strong><\/p>\n<p>Ph\u00f2ng nghi\u00ean c\u1ee9u Butterfly kh\u00f4ng nh\u1eefng gi\u1eef vai tr\u00f2 quan tr\u1ecdng trong vi\u1ec7c t\u1ed5ng h\u1ee3p \u00fd ki\u1ebfn ph\u1ea3n h\u1ed3i c\u1ee7a V\u0110V Tomokazu Harimoto m\u00e0 c\u00f2n \u0111\u01b0a ra c\u00e1c gi\u1ea3i ph\u00e1p thi\u1ebft k\u1ebf v\u1ec1 k\u00edch th\u01b0\u1edbc, h\u00ecnh d\u1ea1ng c\u00e1n v\u00e0 b\u1ea3ng v\u1ee3t, k\u1ebft h\u1ee3p c\u00e1c ngu\u1ed3n v\u1eadt li\u1ec7u g\u1ed7 m\u1edbi d\u1ef1a tr\u00ean kinh nghi\u1ec7m s\u1ea3n xu\u1ea5t c\u1ed1t v\u1ee3t b\u00f3ng b\u00e0n \u0111\u01b0\u1ee3c t\u00edch l\u0169y \u0111\u1ebfn th\u1eddi \u0111i\u1ec3m hi\u1ec7n t\u1ea1i.<\/p>\n<p><img decoding=\"async\" src=\"https:\/\/bongban.asia\/image\/data\/HARI%2002.jpg\" alt=\"\" \/><\/p>\n<p>D\u1ef1 \u00e1n \u0111\u01b0\u1ee3c tri\u1ec3n khai trong kho\u1ea3ng 3 n\u0103m, c\u1ed1t v\u1ee3t \u0111\u01b0\u1ee3c \u0111\u00e1nh th\u1eed nghi\u1ec7m nhi\u1ec1u l\u1ea7n v\u00e0 h\u01a1n 30 l\u1ea7n thay \u0111\u1ed5i thi\u1ebft k\u1ebf.<\/p>\n<p><img decoding=\"async\" src=\"https:\/\/bongban.asia\/image\/data\/HARI%2003.jpg\" alt=\"\" \/><\/p>\n<p>Theo V\u0110V Harimoto, vi\u1ec7c \u0111\u00e1nh th\u1eed nghi\u1ec7m nhi\u1ec1u l\u1ea7n nh\u1eb1m \u0111i\u1ec1u ch\u1ec9nh th\u00eam n\u1eefa \u0111\u1ed9 xo\u00e1y v\u00e0 c\u1ea3m gi\u00e1c b\u00f3ng so v\u1edbi th\u00f4ng s\u1ed1 c\u1ed1t v\u1ee3t hi\u1ec7n t\u1ea1i m\u00e0 V\u0110V Harimoto \u0111ang s\u1eed d\u1ee5ng.<\/p>\n<p><img decoding=\"async\" src=\"https:\/\/bongban.asia\/image\/data\/HARI%2004.jpg\" alt=\"\" \/><\/p>\n<p>Sau nhi\u1ec1u l\u1ea7n th\u1eed nghi\u1ec7m v\u00e0 thay \u0111\u1ed5i th\u00f4ng s\u1ed1, V\u0110V Harimoto \u0111\u00e3 x\u00e1c \u0111\u1ecbnh v\u00e0 \u0111\u1eb7t ni\u1ec1m tin v\u00e0o c\u1ed1t v\u1ee3t hi\u1ec7n t\u1ea1i mang t\u00ean\u00a0<strong>HARIMOTO TOMOKAZU<\/strong>.<\/p>\n<p><img decoding=\"async\" src=\"https:\/\/bongban.asia\/image\/data\/36991_01.jpg\" alt=\"\" \/><\/p>\n<p>D\u1ef1 \u00e1n \u0111\u00e3 m\u1edf ra m\u1ed9t b\u01b0\u1edbc ti\u1ebfn l\u1edbn trong vi\u1ec7c \u0111\u1ecbnh h\u01b0\u1edbng n\u1ec1n t\u1ea3ng nghi\u00ean c\u1ee9u t\u0103ng b\u1eb1ng c\u00e1ch t\u0103ng c\u01b0\u1eddng th\u00f4ng s\u1ed1 c\u1ed1t v\u1ee3t.<\/p>\n<p><strong>HARIMOTO TOMOKAZU INNERFORCE ALC\u00a0<\/strong>\u2013 Thi\u1ebft k\u1ebf hi\u1ec7n t\u1ea1i V\u0110V Harimoto \u0111ang s\u1eed d\u1ee5ng.<\/p>\n<p><strong>C\u1ed1t v\u1ee3t HARIMOTO TOMOKAZU\u00a0<\/strong><strong>INNERFORCE ALC<\/strong>\u00a0\u0111\u01b0\u1ee3c ph\u00e1t tri\u1ec3n v\u1edbi s\u1ef1 c\u1ed9ng t\u00e1c c\u1ee7a V\u0110V Harimoto v\u00e0 hi\u1ec7n \u0111ang \u0111\u01b0\u1ee3c V\u0110V n\u00e0y s\u1eed d\u1ee5ng.<\/p>\n<p><img decoding=\"async\" src=\"https:\/\/bongban.asia\/image\/data\/36991_12.jpg\" alt=\"\" \/><\/p>\n<p>C\u1ed1t v\u1ee3t \u0111\u01b0\u1ee3c thi\u1ebft k\u1ebf d\u1ef1a tr\u00ean th\u00f4ng s\u1ed1<strong>\u00a0Innerfore Layer ALC:<\/strong><\/p>\n<ul>\n<li>S\u1ee3i Arylate Carbon n\u1eb1m g\u1ea7n l\u1edbp g\u1ed7 trung t\u00e2m.<\/li>\n<li>\u0110\u1ed3ng th\u1eddi t\u0103ng c\u01b0\u1eddng k\u1ebft h\u1ee3p \u0111\u1ed9 \u0111\u00e0n h\u1ed3i, th\u1eddi gian gi\u1eef b\u00f3ng v\u00e0 c\u1ea3m gi\u00e1c b\u00f3ng.<\/li>\n<li>Th\u00f4ng s\u1ed1 b\u1ea3ng v\u1ee3t \u0111\u01b0\u1ee3c t\u00ednh to\u00e1n v\u00e0 thi\u1ebft k\u1ebf h\u01a1i to h\u01a1n so v\u1edbi v\u1ee3t th\u00f4ng th\u01b0\u1eddng.<\/li>\n<\/ul>\n<p>\u200b<img decoding=\"async\" src=\"https:\/\/bongban.asia\/image\/data\/36991_06.jpg\" alt=\"\" \/><\/p>\n<p>C\u1ed1t v\u1ee3t\u00a0<strong>HARIMOTO TOMOKAZU\u00a0<\/strong><strong>INNERFORCE ALC<\/strong>\u00a0l\u00e0 tr\u1ee3 th\u1ee7 \u0111\u1eafc l\u1ef1c h\u1ed7 tr\u1ee3 l\u1ed1i \u0111\u00e1nh si\u00eau t\u1ea5n c\u00f4ng hai c\u00e0n \u00f4m b\u00e0n c\u1ee7a V\u0110V Harimoto Tomokazu.<\/p>\n<table border=\"0\" cellspacing=\"1\" cellpadding=\"1\">\n<tbody>\n<tr>\n<td>C\u1ea5u t\u1ea1o<\/td>\n<td>:\u00a05 l\u1edbp g\u1ed7 + 2 l\u1edbp s\u1ee3i\u00a0Arylate\u00a0Carbon<\/td>\n<\/tr>\n<tr>\n<td>L\u1ef1c \u0111\u1ea9y<\/td>\n<td>:\u00a010.7 (t\u1ed1c \u0111\u1ed9)<\/td>\n<\/tr>\n<tr>\n<td>\u0110\u1ed9 rung<\/td>\n<td>:\u00a09.2 (\u0111\u1ed9 xo\u00e1y)<\/td>\n<\/tr>\n<tr>\n<td>\u0110\u1ed9 d\u00e0y<\/td>\n<td>:\u00a06.0mm<\/td>\n<\/tr>\n<tr>\n<td>B\u1ea3ng v\u1ee3t<\/td>\n<td>:\u00a0158 x 152mm<\/td>\n<\/tr>\n<tr>\n<td>Tr\u1ecdng l\u01b0\u1ee3ng<\/td>\n<td>: \u00b1 94gr<\/td>\n<\/tr>\n<\/tbody>\n<\/table>\n<p><strong>Theo th\u00f4ng s\u1ed1 chu\u1ea9n c\u1ee7a h\u00e3ng Butterfly<\/strong><br \/>\n<strong>\u200b<\/strong><strong>H\u00e0ng ch\u00ednh h\u00e3ng Butterfly b\u1ea3o h\u00e0nh 1 th\u00e1ng<\/strong><\/p>\n","protected":false},"excerpt":{"rendered":"<p>H\u00c0NG CH\u00cdNH H\u00c3NG BUTTERFLY S\u1ea2N XU\u1ea4T T\u1ea0I NH\u1eacT B\u1ea2N- MADE IN JAPAN Ph\u00f2ng nghi\u00ean c\u1ee9u Butterfly kh\u00f4ng nh\u1eefng gi\u1eef vai tr\u00f2 quan tr\u1ecdng trong vi\u1ec7c t\u1ed5ng h\u1ee3p \u00fd ki\u1ebfn ph\u1ea3n h\u1ed3i c\u1ee7a V\u0110V Tomokazu Harimoto m\u00e0 c\u00f2n \u0111\u01b0a ra c\u00e1c gi\u1ea3i ph\u00e1p thi\u1ebft k\u1ebf v\u1ec1 k\u00edch th\u01b0\u1edbc, h\u00ecnh d\u1ea1ng c\u00e1n v\u00e0 b\u1ea3ng v\u1ee3t, k\u1ebft h\u1ee3p [&hellip;]<\/p>\n","protected":false},"featured_media":2762,"comment_status":"open","ping_status":"closed","template":"","meta":{"_eb_attr":""},"product_cat":[76,26],"product_tag":[],"class_list":["post-2759","product","type-product","status-publish","has-post-thumbnail","hentry","product_cat-butterfly-cot-vot","product_cat-cot-vot"],"_links":{"self":[{"href":"https:\/\/www.phivutabletennis.com\/index.php\/wp-json\/wp\/v2\/product\/2759","targetHints":{"allow":["GET"]}}],"collection":[{"href":"https:\/\/www.phivutabletennis.com\/index.php\/wp-json\/wp\/v2\/product"}],"about":[{"href":"https:\/\/www.phivutabletennis.com\/index.php\/wp-json\/wp\/v2\/types\/product"}],"replies":[{"embeddable":true,"href":"https:\/\/www.phivutabletennis.com\/index.php\/wp-json\/wp\/v2\/comments?post=2759"}],"wp:featuredmedia":[{"embeddable":true,"href":"https:\/\/www.phivutabletennis.com\/index.php\/wp-json\/wp\/v2\/media\/2762"}],"wp:attachment":[{"href":"https:\/\/www.phivutabletennis.com\/index.php\/wp-json\/wp\/v2\/media?parent=2759"}],"wp:term":[{"taxonomy":"product_cat","embeddable":true,"href":"https:\/\/www.phivutabletennis.com\/index.php\/wp-json\/wp\/v2\/product_cat?post=2759"},{"taxonomy":"product_tag","embeddable":true,"href":"https:\/\/www.phivutabletennis.com\/index.php\/wp-json\/wp\/v2\/product_tag?post=2759"}],"curies":[{"name":"wp","href":"https:\/\/api.w.org\/{rel}","templated":true}]}}