{"id":2764,"date":"2023-06-29T21:08:58","date_gmt":"2023-06-29T14:08:58","guid":{"rendered":"https:\/\/www.phivutabletennis.com\/?post_type=product&#038;p=2764"},"modified":"2023-06-29T21:08:58","modified_gmt":"2023-06-29T14:08:58","slug":"viscaria","status":"publish","type":"product","link":"https:\/\/www.phivutabletennis.com\/index.php\/product\/viscaria\/","title":{"rendered":"VISCARIA"},"content":{"rendered":"<p><strong>H\u00c0NG CH\u00cdNH H\u00c3NG BUTTERFLY S\u1ea2N XU\u1ea4T T\u1ea0I NH\u1eacT B\u1ea2N\u00a0<\/strong><strong>&#8211; MADE IN JAPAN<\/strong><\/p>\n<p><strong>VISCARIA<\/strong>\u00a0c\u00e2n b\u1eb1ng trong l\u1ed1i \u0111\u00e1nh t\u1ea5n c\u00f4ng v\u00e0 ph\u00f2ng th\u1ee7 to\u00e0n di\u1ec7n.\u00a0Ng\u01b0\u1eddi ch\u01a1i c\u00f3 th\u1ec3 t\u1ef1 tin v\u1edbi c\u00e1c k\u1ef9 thu\u1eadt t\u1ea5n c\u00f4ng, ph\u00f2ng th\u1ee7 c\u1ef1 ly \u00f4m b\u00e0n, c\u1ef1 ly trung v\u00e0 xa b\u00e0n.<\/p>\n<p>Thi\u1ebft k\u1ebf s\u1ee3i\u00a0<strong>Arylate Carbon<\/strong>, c\u1ea3m gi\u00e1c b\u00f3ng m\u1ec1m, nh\u1eb9, \u0111\u1ed9 c\u1ee9ng v\u1eeba ph\u1ea3i, c\u00e2n b\u1eb1ng t\u1ed1c \u0111\u1ed9 v\u00e0 \u0111\u1ed9 xo\u00e1y, gi\u00fap c\u1ed1t v\u1ee3t\u00a0\u00a0<strong>VISCARIA\u00a0<\/strong>tr\u1edf th\u00e0nh c\u00e2y v\u1ee3t huy\u1ec1n tho\u1ea1i \u0111\u01b0\u1ee3c nhi\u1ec1u v\u1eadn \u0111\u1ed9ng vi\u00ean h\u00e0ng \u0111\u1ea7u th\u1ebf gi\u1edbi tin t\u01b0\u1edfng s\u1eed d\u1ee5ng v\u00e0 \u0111\u1ea1t \u0111\u01b0\u1ee3c nhi\u1ec1u th\u00e0nh t\u00edch n\u1ed5i b\u1eadt nh\u01b0: Lin Gao Yuan, Zhang Jike, Andrej Gacina, Alexander Shibaev\u2026<\/p>\n<table border=\"0\" cellspacing=\"1\" cellpadding=\"1\">\n<tbody>\n<tr>\n<td>C\u1ea5u t\u1ea1o<\/td>\n<td>:\u00a05 l\u1edbp g\u1ed7 +\u00a02 l\u1edbp Arylate Carbon<\/td>\n<\/tr>\n<tr>\n<td>L\u1ef1c \u0111\u1ea9y<\/td>\n<td>:\u00a011.8\u00a0(t\u1ed1c \u0111\u1ed9)<\/td>\n<\/tr>\n<tr>\n<td>\u0110\u1ed9 rung<\/td>\n<td>:\u00a010.3\u00a0(c\u1ea3m gi\u00e1c)<\/td>\n<\/tr>\n<tr>\n<td>\u0110\u1ed9 d\u00e0y<\/td>\n<td>:\u00a05.8\u00a0mm<\/td>\n<\/tr>\n<tr>\n<td>B\u1ea3ng v\u1ee3t<\/td>\n<td>:\u00a0157 x 150mm<\/td>\n<\/tr>\n<tr>\n<td>Tr\u1ecdng l\u01b0\u1ee3ng<\/td>\n<td>:\u00a082gr\u00b1<\/td>\n<\/tr>\n<\/tbody>\n<\/table>\n<p><strong>H\u00e0ng ch\u00ednh h\u00e3ng b\u1ea3o h\u00e0nh 1 th\u00e1ng<\/strong><br \/>\n<strong>Theo th\u00f4ng s\u1ed1 chu\u1ea9n c\u1ee7a h\u00e3ng Butterfly<\/strong><\/p>\n","protected":false},"excerpt":{"rendered":"<p>H\u00c0NG CH\u00cdNH H\u00c3NG BUTTERFLY S\u1ea2N XU\u1ea4T T\u1ea0I NH\u1eacT B\u1ea2N\u00a0&#8211; MADE IN JAPAN VISCARIA\u00a0c\u00e2n b\u1eb1ng trong l\u1ed1i \u0111\u00e1nh t\u1ea5n c\u00f4ng v\u00e0 ph\u00f2ng th\u1ee7 to\u00e0n di\u1ec7n.\u00a0Ng\u01b0\u1eddi ch\u01a1i c\u00f3 th\u1ec3 t\u1ef1 tin v\u1edbi c\u00e1c k\u1ef9 thu\u1eadt t\u1ea5n c\u00f4ng, ph\u00f2ng th\u1ee7 c\u1ef1 ly \u00f4m b\u00e0n, c\u1ef1 ly trung v\u00e0 xa b\u00e0n. Thi\u1ebft k\u1ebf s\u1ee3i\u00a0Arylate Carbon, c\u1ea3m gi\u00e1c b\u00f3ng m\u1ec1m, [&hellip;]<\/p>\n","protected":false},"featured_media":2765,"comment_status":"open","ping_status":"closed","template":"","meta":{"_eb_attr":""},"product_cat":[76,26],"product_tag":[],"class_list":["post-2764","product","type-product","status-publish","has-post-thumbnail","hentry","product_cat-butterfly-cot-vot","product_cat-cot-vot"],"_links":{"self":[{"href":"https:\/\/www.phivutabletennis.com\/index.php\/wp-json\/wp\/v2\/product\/2764","targetHints":{"allow":["GET"]}}],"collection":[{"href":"https:\/\/www.phivutabletennis.com\/index.php\/wp-json\/wp\/v2\/product"}],"about":[{"href":"https:\/\/www.phivutabletennis.com\/index.php\/wp-json\/wp\/v2\/types\/product"}],"replies":[{"embeddable":true,"href":"https:\/\/www.phivutabletennis.com\/index.php\/wp-json\/wp\/v2\/comments?post=2764"}],"wp:featuredmedia":[{"embeddable":true,"href":"https:\/\/www.phivutabletennis.com\/index.php\/wp-json\/wp\/v2\/media\/2765"}],"wp:attachment":[{"href":"https:\/\/www.phivutabletennis.com\/index.php\/wp-json\/wp\/v2\/media?parent=2764"}],"wp:term":[{"taxonomy":"product_cat","embeddable":true,"href":"https:\/\/www.phivutabletennis.com\/index.php\/wp-json\/wp\/v2\/product_cat?post=2764"},{"taxonomy":"product_tag","embeddable":true,"href":"https:\/\/www.phivutabletennis.com\/index.php\/wp-json\/wp\/v2\/product_tag?post=2764"}],"curies":[{"name":"wp","href":"https:\/\/api.w.org\/{rel}","templated":true}]}}