{"id":2768,"date":"2023-06-29T21:10:59","date_gmt":"2023-06-29T14:10:59","guid":{"rendered":"https:\/\/www.phivutabletennis.com\/?post_type=product&#038;p=2768"},"modified":"2023-06-29T21:10:59","modified_gmt":"2023-06-29T14:10:59","slug":"sardius","status":"publish","type":"product","link":"https:\/\/www.phivutabletennis.com\/index.php\/product\/sardius\/","title":{"rendered":"SARDIUS"},"content":{"rendered":"<p><strong>H\u00c0NG CH\u00cdNH H\u00c3NG BUTTERFLY S\u1ea2N XU\u1ea4T T\u1ea0I NH\u1eacT B\u1ea2N &#8211; MADE IN JAPAN<\/strong><\/p>\n<p><strong>Sardius huy\u1ec1n tho\u1ea1i.<\/strong><\/p>\n<p>Sardius huy\u1ec1n tho\u1ea1i \u0111\u01b0\u1ee3c H\u00e3ng B\u00f3ng b\u00e0n Butterfly nghi\u00ean c\u1ee9u v\u00e0 s\u1ea3n xu\u1ea5t t\u1eeb n\u0103m 1988\u00a0t\u1ea1i Nh\u1eadt B\u1ea3n v\u1edbi t\u00ednh n\u0103ng h\u1ed7 tr\u1ee3 l\u1ef1c nh\u1edd 3 l\u1edbp g\u1ed7 \u0111an xen k\u1ebd 2 l\u1edbp s\u1ee3i Carbon n\u1eb1m g\u1ea7n l\u1edbp g\u1ed7 hinoki ngo\u00e0i, \u0111\u1ed9 d\u1ea7y 7.2mm n\u00ean Sardius \u0111\u01b0\u1ee3c m\u1ec7nh danh l\u00e0 c\u1ed1t v\u1ee3t c\u00f3 s\u1ee9c m\u1ea1nh v\u00e0 uy l\u1ef1c t\u1ea5n c\u00f4ng m\u1ea1nh nh\u1ea5t trong c\u00e1c d\u00f2ng s\u1ea3n ph\u1ea9m c\u1ee7a H\u00e3ng Butterfly cho \u0111\u1ebfn n\u0103m.<\/p>\n<table border=\"0\" cellspacing=\"1\" cellpadding=\"1\">\n<tbody>\n<tr>\n<td>C\u1ea5u t\u1ea1o<\/td>\n<td>: 3 l\u1edbp g\u1ed7 + 2 l\u1edbp s\u1ee3i Carbon<\/td>\n<\/tr>\n<tr>\n<td>L\u1ef1c \u0111\u1ea9y<\/td>\n<td>:\u00a012.8\u00a0(t\u1ed1c \u0111\u1ed9)<\/td>\n<\/tr>\n<tr>\n<td>\u0110\u1ed9 rung<\/td>\n<td>:\u00a014.4\u00a0(c\u1ea3m gi\u00e1c)<\/td>\n<\/tr>\n<tr>\n<td>\u0110\u1ed9 d\u00e0y<\/td>\n<td>:\u00a07.2\u00a0mm<\/td>\n<\/tr>\n<tr>\n<td>B\u1ea3ng v\u1ee3t<\/td>\n<td>:\u00a0158\u00a0x 152\u00a0mm<\/td>\n<\/tr>\n<tr>\n<td>Tr\u1ecdng l\u01b0\u1ee3ng<\/td>\n<td>:\u00a0\u00b1 90gr<\/td>\n<\/tr>\n<\/tbody>\n<\/table>\n<p><strong>Theo th\u00f4ng s\u1ed1 chu\u1ea9n c\u1ee7a h\u00e3ng Butterfly<\/strong><br \/>\n<strong>H\u00e0ng ch\u00ednh h\u00e3ng b\u1ea3o h\u00e0nh 1 th\u00e1ng<\/strong><\/p>\n","protected":false},"excerpt":{"rendered":"<p>H\u00c0NG CH\u00cdNH H\u00c3NG BUTTERFLY S\u1ea2N XU\u1ea4T T\u1ea0I NH\u1eacT B\u1ea2N &#8211; MADE IN JAPAN Sardius huy\u1ec1n tho\u1ea1i. Sardius huy\u1ec1n tho\u1ea1i \u0111\u01b0\u1ee3c H\u00e3ng B\u00f3ng b\u00e0n Butterfly nghi\u00ean c\u1ee9u v\u00e0 s\u1ea3n xu\u1ea5t t\u1eeb n\u0103m 1988\u00a0t\u1ea1i Nh\u1eadt B\u1ea3n v\u1edbi t\u00ednh n\u0103ng h\u1ed7 tr\u1ee3 l\u1ef1c nh\u1edd 3 l\u1edbp g\u1ed7 \u0111an xen k\u1ebd 2 l\u1edbp s\u1ee3i Carbon n\u1eb1m g\u1ea7n l\u1edbp g\u1ed7 [&hellip;]<\/p>\n","protected":false},"featured_media":2770,"comment_status":"open","ping_status":"closed","template":"","meta":{"_eb_attr":""},"product_cat":[76,26],"product_tag":[],"class_list":["post-2768","product","type-product","status-publish","has-post-thumbnail","hentry","product_cat-butterfly-cot-vot","product_cat-cot-vot"],"_links":{"self":[{"href":"https:\/\/www.phivutabletennis.com\/index.php\/wp-json\/wp\/v2\/product\/2768","targetHints":{"allow":["GET"]}}],"collection":[{"href":"https:\/\/www.phivutabletennis.com\/index.php\/wp-json\/wp\/v2\/product"}],"about":[{"href":"https:\/\/www.phivutabletennis.com\/index.php\/wp-json\/wp\/v2\/types\/product"}],"replies":[{"embeddable":true,"href":"https:\/\/www.phivutabletennis.com\/index.php\/wp-json\/wp\/v2\/comments?post=2768"}],"wp:featuredmedia":[{"embeddable":true,"href":"https:\/\/www.phivutabletennis.com\/index.php\/wp-json\/wp\/v2\/media\/2770"}],"wp:attachment":[{"href":"https:\/\/www.phivutabletennis.com\/index.php\/wp-json\/wp\/v2\/media?parent=2768"}],"wp:term":[{"taxonomy":"product_cat","embeddable":true,"href":"https:\/\/www.phivutabletennis.com\/index.php\/wp-json\/wp\/v2\/product_cat?post=2768"},{"taxonomy":"product_tag","embeddable":true,"href":"https:\/\/www.phivutabletennis.com\/index.php\/wp-json\/wp\/v2\/product_tag?post=2768"}],"curies":[{"name":"wp","href":"https:\/\/api.w.org\/{rel}","templated":true}]}}