{"id":2772,"date":"2023-06-29T21:13:58","date_gmt":"2023-06-29T14:13:58","guid":{"rendered":"https:\/\/www.phivutabletennis.com\/?post_type=product&#038;p=2772"},"modified":"2023-06-29T21:13:59","modified_gmt":"2023-06-29T14:13:59","slug":"zhang-jike-super-zlc","status":"publish","type":"product","link":"https:\/\/www.phivutabletennis.com\/index.php\/product\/zhang-jike-super-zlc\/","title":{"rendered":"ZHANG JIKE SUPER ZLC"},"content":{"rendered":"<p><strong>H\u00c0NG CH\u00cdNH H\u00c3NG BUTTERFLY S\u1ea2N XU\u1ea4T T\u1ea0I NH\u1eacT B\u1ea2N &#8211; MADE IN JAPAN<\/strong><\/p>\n<p>C\u1ed1t v\u1ee3t\u00a0<strong>ZHANG JIKE SUPER ZLC\u00a0<\/strong>v\u1edbi<strong>\u00a0<\/strong>thi\u1ebft k\u1ebf\u00a0th\u00e2n c\u00e1n\u00a0gam m\u00e0u \u0111en sang tr\u1ecdng,\u00a0c\u00e1n c\u1ea7m \u0111\u1ea7y, \u0111\u01b0\u1ee3c ph\u00e1t tri\u1ec3n d\u1ef1a tr\u00ean phi\u00ean b\u1ea3n c\u1ed1t v\u1ee3t\u00a0<strong>ZHANG JIKE\u00a0<\/strong><strong>ZLC<\/strong>, \u0111\u1ed3ng th\u1eddi k\u1ebft h\u1ee3p t\u0103ng c\u01b0\u1eddng m\u1eadt \u0111\u1ed9 s\u1ee3i s\u01a1 cao c\u1ea5p Zylon v\u00e0 s\u1ee3i Carbon gi\u00fap t\u0103ng t\u1ed1c \u0111\u1ed9 v\u00e0 \u0111\u1ed9 xo\u00e1y, uy l\u1ef1c \u0111\u00e1nh b\u00f3ng, \u0111\u1ed9 \u0111\u00e0n h\u1ed3i v\u00e0 \u0111\u1ed9 \u1ed5n \u0111\u1ecbnh cao.<\/p>\n<table border=\"0\" cellspacing=\"1\" cellpadding=\"1\">\n<tbody>\n<tr>\n<td>C\u1ea5u t\u1ea1o<\/td>\n<td>:\u00a05 l\u1edbp g\u1ed7 + 2 l\u1edbp s\u1ee3i Super Zylon Carbon<\/td>\n<\/tr>\n<tr>\n<td>L\u1ef1c \u0111\u1ea9y<\/td>\n<td>:\u00a012.3 (t\u1ed1c \u0111\u1ed9)<\/td>\n<\/tr>\n<tr>\n<td>\u0110\u1ed9 rung<\/td>\n<td>:\u00a011.1 (\u0111\u1ed9 xo\u00e1y)<\/td>\n<\/tr>\n<tr>\n<td>\u0110\u1ed9 d\u00e0y<\/td>\n<td>:\u00a05.6mm<\/td>\n<\/tr>\n<tr>\n<td>B\u1ea3ng v\u1ee3t<\/td>\n<td>:\u00a0157 x 150mm<\/td>\n<\/tr>\n<tr>\n<td>Tr\u1ecdng l\u01b0\u1ee3ng<\/td>\n<td>: 91gr\u00b1<\/td>\n<\/tr>\n<\/tbody>\n<\/table>\n<p>&nbsp;<\/p>\n<p><strong>Theo th\u00f4ng s\u1ed1 chu\u1ea9n c\u1ee7a h\u00e3ng Butterfly<\/strong><br \/>\n<strong>H\u00e0ng ch\u00ednh h\u00e3ng b\u1ea3o h\u00e0nh 1 th\u00e1ng<\/strong><\/p>\n<p>C\u1ed1t v\u1ee3t\u00a0<strong>ZHANG JIKE SUPER ZLC\u00a0<\/strong>\u0111\u1ed3ng h\u00e0nh c\u00f9ng\u00a0<strong>V\u1eadn \u0111\u1ed9ng vi\u00ean LIN YUN JU\u00a0<\/strong>(\u0110\u00e0i Loan)\u00a0&#8211; Huy ch\u01b0\u01a1ng V\u00e0ng\u00a0\u0110\u01a1n nam\u00a0t\u1ea1i Gi\u1ea3i T2 Diamond- Joho Bahru Malaysia n\u0103m 2019\u00a0khi k\u1ebft h\u1ee3p v\u1edbi m\u1eb7t v\u1ee3t Dignics 05\u00a0v\u00e0 Tenergy 05 Hard.<\/p>\n<p>\u200b<img decoding=\"async\" src=\"https:\/\/bongban.asia\/image\/data\/BUTTERFLY\/coc_vot_thang\/banner_a_lingaoyuan%20dignics_1907.jpg\" alt=\"\" \/><\/p>\n","protected":false},"excerpt":{"rendered":"<p>H\u00c0NG CH\u00cdNH H\u00c3NG BUTTERFLY S\u1ea2N XU\u1ea4T T\u1ea0I NH\u1eacT B\u1ea2N &#8211; MADE IN JAPAN C\u1ed1t v\u1ee3t\u00a0ZHANG JIKE SUPER ZLC\u00a0v\u1edbi\u00a0thi\u1ebft k\u1ebf\u00a0th\u00e2n c\u00e1n\u00a0gam m\u00e0u \u0111en sang tr\u1ecdng,\u00a0c\u00e1n c\u1ea7m \u0111\u1ea7y, \u0111\u01b0\u1ee3c ph\u00e1t tri\u1ec3n d\u1ef1a tr\u00ean phi\u00ean b\u1ea3n c\u1ed1t v\u1ee3t\u00a0ZHANG JIKE\u00a0ZLC, \u0111\u1ed3ng th\u1eddi k\u1ebft h\u1ee3p t\u0103ng c\u01b0\u1eddng m\u1eadt \u0111\u1ed9 s\u1ee3i s\u01a1 cao c\u1ea5p Zylon v\u00e0 s\u1ee3i Carbon gi\u00fap t\u0103ng t\u1ed1c [&hellip;]<\/p>\n","protected":false},"featured_media":2774,"comment_status":"open","ping_status":"closed","template":"","meta":{"_eb_attr":""},"product_cat":[76,26],"product_tag":[],"class_list":["post-2772","product","type-product","status-publish","has-post-thumbnail","hentry","product_cat-butterfly-cot-vot","product_cat-cot-vot"],"_links":{"self":[{"href":"https:\/\/www.phivutabletennis.com\/index.php\/wp-json\/wp\/v2\/product\/2772","targetHints":{"allow":["GET"]}}],"collection":[{"href":"https:\/\/www.phivutabletennis.com\/index.php\/wp-json\/wp\/v2\/product"}],"about":[{"href":"https:\/\/www.phivutabletennis.com\/index.php\/wp-json\/wp\/v2\/types\/product"}],"replies":[{"embeddable":true,"href":"https:\/\/www.phivutabletennis.com\/index.php\/wp-json\/wp\/v2\/comments?post=2772"}],"wp:featuredmedia":[{"embeddable":true,"href":"https:\/\/www.phivutabletennis.com\/index.php\/wp-json\/wp\/v2\/media\/2774"}],"wp:attachment":[{"href":"https:\/\/www.phivutabletennis.com\/index.php\/wp-json\/wp\/v2\/media?parent=2772"}],"wp:term":[{"taxonomy":"product_cat","embeddable":true,"href":"https:\/\/www.phivutabletennis.com\/index.php\/wp-json\/wp\/v2\/product_cat?post=2772"},{"taxonomy":"product_tag","embeddable":true,"href":"https:\/\/www.phivutabletennis.com\/index.php\/wp-json\/wp\/v2\/product_tag?post=2772"}],"curies":[{"name":"wp","href":"https:\/\/api.w.org\/{rel}","templated":true}]}}