{"id":2775,"date":"2023-06-29T21:15:47","date_gmt":"2023-06-29T14:15:47","guid":{"rendered":"https:\/\/www.phivutabletennis.com\/?post_type=product&#038;p=2775"},"modified":"2023-06-29T21:15:48","modified_gmt":"2023-06-29T14:15:48","slug":"zhang-jike-zlc","status":"publish","type":"product","link":"https:\/\/www.phivutabletennis.com\/index.php\/product\/zhang-jike-zlc\/","title":{"rendered":"ZHANG JIKE ZLC"},"content":{"rendered":"<p><strong>C\u1ed1t v\u1ee3t ZHANG JIKE ZLC<br \/>\nS\u1ea3n xu\u1ea5t t\u1ea1i Nh\u1eadt B\u1ea3n<\/strong><\/p>\n<p>Th\u00e2n c\u00e1n thi\u1ebft k\u1ebf gam m\u00e0u \u0111en sang tr\u1ecdng.<br \/>\nCh\u1ea5t li\u1ec7u s\u1ee3i s\u01a1 cao c\u1ea5p Zylon \u0111\u1ed9 \u0111\u00e0n h\u1ed3i cao k\u1ebft h\u1ee3p v\u1edbi s\u1ee3i Carbon c\u1ee9ng kh\u00f4ng nh\u1eefng h\u1ed7 tr\u1ee3 l\u1ef1c m\u00e0 c\u00f2n c\u00e2n b\u1eb1ng v\u1ec1 \u0111\u1ed9 b\u00e1m xo\u00e1y.<\/p>\n<table border=\"0\" cellspacing=\"1\" cellpadding=\"1\">\n<tbody>\n<tr>\n<td>C\u1ea5u t\u1ea1o<\/td>\n<td>:\u00a05 l\u1edbp g\u1ed7 + 2 l\u1edbp s\u1ee3i Zylon Carbon<\/td>\n<\/tr>\n<tr>\n<td>L\u1ef1c \u0111\u1ea9y<\/td>\n<td>:\u00a011.7 (t\u1ed1c \u0111\u1ed9)<\/td>\n<\/tr>\n<tr>\n<td>\u0110\u1ed9 rung<\/td>\n<td>:\u00a010.8 (\u0111\u1ed9 xo\u00e1y)<\/td>\n<\/tr>\n<tr>\n<td>\u0110\u1ed9 d\u00e0y<\/td>\n<td>:\u00a05.5mm<\/td>\n<\/tr>\n<tr>\n<td>B\u1ea3ng v\u1ee3t<\/td>\n<td>:\u00a0157 x 150mm<\/td>\n<\/tr>\n<tr>\n<td>Tr\u1ecdng l\u01b0\u1ee3ng<\/td>\n<td>: \u00b1 86gr<\/td>\n<\/tr>\n<\/tbody>\n<\/table>\n<p>&nbsp;<\/p>\n<p><strong>Theo th\u00f4ng s\u1ed1 chu\u1ea9n c\u1ee7a h\u00e3ng Butterfly<\/strong><br \/>\n<strong>H\u00e0ng ch\u00ednh h\u00e3ng b\u1ea3o h\u00e0nh 1 th\u00e1ng<\/strong><\/p>\n","protected":false},"excerpt":{"rendered":"<p>C\u1ed1t v\u1ee3t ZHANG JIKE ZLC S\u1ea3n xu\u1ea5t t\u1ea1i Nh\u1eadt B\u1ea3n Th\u00e2n c\u00e1n thi\u1ebft k\u1ebf gam m\u00e0u \u0111en sang tr\u1ecdng. Ch\u1ea5t li\u1ec7u s\u1ee3i s\u01a1 cao c\u1ea5p Zylon \u0111\u1ed9 \u0111\u00e0n h\u1ed3i cao k\u1ebft h\u1ee3p v\u1edbi s\u1ee3i Carbon c\u1ee9ng kh\u00f4ng nh\u1eefng h\u1ed7 tr\u1ee3 l\u1ef1c m\u00e0 c\u00f2n c\u00e2n b\u1eb1ng v\u1ec1 \u0111\u1ed9 b\u00e1m xo\u00e1y. C\u1ea5u t\u1ea1o :\u00a05 l\u1edbp g\u1ed7 + [&hellip;]<\/p>\n","protected":false},"featured_media":2776,"comment_status":"open","ping_status":"closed","template":"","meta":{"_eb_attr":""},"product_cat":[76,26],"product_tag":[],"class_list":["post-2775","product","type-product","status-publish","has-post-thumbnail","hentry","product_cat-butterfly-cot-vot","product_cat-cot-vot"],"_links":{"self":[{"href":"https:\/\/www.phivutabletennis.com\/index.php\/wp-json\/wp\/v2\/product\/2775","targetHints":{"allow":["GET"]}}],"collection":[{"href":"https:\/\/www.phivutabletennis.com\/index.php\/wp-json\/wp\/v2\/product"}],"about":[{"href":"https:\/\/www.phivutabletennis.com\/index.php\/wp-json\/wp\/v2\/types\/product"}],"replies":[{"embeddable":true,"href":"https:\/\/www.phivutabletennis.com\/index.php\/wp-json\/wp\/v2\/comments?post=2775"}],"wp:featuredmedia":[{"embeddable":true,"href":"https:\/\/www.phivutabletennis.com\/index.php\/wp-json\/wp\/v2\/media\/2776"}],"wp:attachment":[{"href":"https:\/\/www.phivutabletennis.com\/index.php\/wp-json\/wp\/v2\/media?parent=2775"}],"wp:term":[{"taxonomy":"product_cat","embeddable":true,"href":"https:\/\/www.phivutabletennis.com\/index.php\/wp-json\/wp\/v2\/product_cat?post=2775"},{"taxonomy":"product_tag","embeddable":true,"href":"https:\/\/www.phivutabletennis.com\/index.php\/wp-json\/wp\/v2\/product_tag?post=2775"}],"curies":[{"name":"wp","href":"https:\/\/api.w.org\/{rel}","templated":true}]}}