{"id":2779,"date":"2023-06-29T21:17:15","date_gmt":"2023-06-29T14:17:15","guid":{"rendered":"https:\/\/www.phivutabletennis.com\/?post_type=product&#038;p=2779"},"modified":"2023-06-29T21:17:16","modified_gmt":"2023-06-29T14:17:16","slug":"zhang-jike-alc","status":"publish","type":"product","link":"https:\/\/www.phivutabletennis.com\/index.php\/product\/zhang-jike-alc\/","title":{"rendered":"ZHANG JIKE ALC"},"content":{"rendered":"<p><strong>H\u00c0NG CH\u00cdNH H\u00c3NG BUTTERFLY S\u1ea2N XU\u1ea4T T\u1ea0I NH\u1eacT B\u1ea2N &#8211; MADE IN JAPAN<\/strong><\/p>\n<p>C\u1ed1t v\u1ee3t\u00a0<strong>ZHANG JIKE ALC\u00a0<\/strong>c\u00f3 thi\u1ebft k\u1ebf c\u00e1n c\u1ea7m \u0111\u1ea7y v\u1edbi c\u1ea5u t\u1ea1o 5 l\u1edbp g\u1ed7 2 l\u1edbp s\u1ee3i Arylate Carbon,\u00a0c\u00e2n b\u1eb1ng trong l\u1ed1i ch\u01a1i t\u1ea5n c\u00f4ng v\u00e0 ph\u00f2ng th\u1ee7. \u0110\u1ed9 ki\u1ec3m so\u00e1t b\u00f3ng t\u1ed1t, \u0111\u1ed9 \u0111\u00e0n h\u1ed3i v\u00e0 \u0111\u1ed9 \u1ed5n \u0111\u1ecbnh cao.<br \/>\nV\u1edbi c\u00e1ch s\u1eafp x\u1ebfp truy\u1ec1n th\u1ed1ng, l\u1edbp s\u1ee3i Arylate Carbon \u0111\u01b0\u1ee3c \u0111\u01b0a ra g\u1ea7n l\u1edbp g\u1ed7 ngo\u00e0i c\u00f9ng nh\u1eb1m t\u1ea1o s\u1ef1 c\u00e2n b\u1eb1ng v\u00e0 t\u0103ng th\u00eam l\u1ef1c \u0111\u1ea9y trong l\u1ed1i \u0111\u00e1nh t\u1ea5n c\u00f4ng.<\/p>\n<table border=\"0\" cellspacing=\"1\" cellpadding=\"1\">\n<tbody>\n<tr>\n<td>C\u1ea5u t\u1ea1o<\/td>\n<td>:\u00a05 l\u1edbp g\u1ed7 + 2 l\u1edbp s\u1ee3i\u00a0Arylate Carbon<\/td>\n<\/tr>\n<tr>\n<td>L\u1ef1c \u0111\u1ea9y<\/td>\n<td>:\u00a011.8 (t\u1ed1c \u0111\u1ed9)<\/td>\n<\/tr>\n<tr>\n<td>\u0110\u1ed9 rung<\/td>\n<td>:\u00a010.3 (\u0111\u1ed9 xo\u00e1y)<\/td>\n<\/tr>\n<tr>\n<td>\u0110\u1ed9 d\u00e0y<\/td>\n<td>:\u00a05.8mm<\/td>\n<\/tr>\n<tr>\n<td>B\u1ea3ng v\u1ee3t<\/td>\n<td>:\u00a0157 x 150mm<\/td>\n<\/tr>\n<tr>\n<td>Tr\u1ecdng l\u01b0\u1ee3ng<\/td>\n<td>: \u00b1 89gr<\/td>\n<\/tr>\n<\/tbody>\n<\/table>\n<p>&nbsp;<\/p>\n<p><strong>Theo th\u00f4ng s\u1ed1 chu\u1ea9n c\u1ee7a h\u00e3ng Butterfly<\/strong><br \/>\n<strong>H\u00e0ng ch\u00ednh h\u00e3ng b\u1ea3o h\u00e0nh 1 th\u00e1ng<\/strong><\/p>\n","protected":false},"excerpt":{"rendered":"<p>H\u00c0NG CH\u00cdNH H\u00c3NG BUTTERFLY S\u1ea2N XU\u1ea4T T\u1ea0I NH\u1eacT B\u1ea2N &#8211; MADE IN JAPAN C\u1ed1t v\u1ee3t\u00a0ZHANG JIKE ALC\u00a0c\u00f3 thi\u1ebft k\u1ebf c\u00e1n c\u1ea7m \u0111\u1ea7y v\u1edbi c\u1ea5u t\u1ea1o 5 l\u1edbp g\u1ed7 2 l\u1edbp s\u1ee3i Arylate Carbon,\u00a0c\u00e2n b\u1eb1ng trong l\u1ed1i ch\u01a1i t\u1ea5n c\u00f4ng v\u00e0 ph\u00f2ng th\u1ee7. \u0110\u1ed9 ki\u1ec3m so\u00e1t b\u00f3ng t\u1ed1t, \u0111\u1ed9 \u0111\u00e0n h\u1ed3i v\u00e0 \u0111\u1ed9 \u1ed5n \u0111\u1ecbnh cao. [&hellip;]<\/p>\n","protected":false},"featured_media":2780,"comment_status":"open","ping_status":"closed","template":"","meta":{"_eb_attr":""},"product_cat":[76,26],"product_tag":[],"class_list":["post-2779","product","type-product","status-publish","has-post-thumbnail","hentry","product_cat-butterfly-cot-vot","product_cat-cot-vot"],"_links":{"self":[{"href":"https:\/\/www.phivutabletennis.com\/index.php\/wp-json\/wp\/v2\/product\/2779","targetHints":{"allow":["GET"]}}],"collection":[{"href":"https:\/\/www.phivutabletennis.com\/index.php\/wp-json\/wp\/v2\/product"}],"about":[{"href":"https:\/\/www.phivutabletennis.com\/index.php\/wp-json\/wp\/v2\/types\/product"}],"replies":[{"embeddable":true,"href":"https:\/\/www.phivutabletennis.com\/index.php\/wp-json\/wp\/v2\/comments?post=2779"}],"wp:featuredmedia":[{"embeddable":true,"href":"https:\/\/www.phivutabletennis.com\/index.php\/wp-json\/wp\/v2\/media\/2780"}],"wp:attachment":[{"href":"https:\/\/www.phivutabletennis.com\/index.php\/wp-json\/wp\/v2\/media?parent=2779"}],"wp:term":[{"taxonomy":"product_cat","embeddable":true,"href":"https:\/\/www.phivutabletennis.com\/index.php\/wp-json\/wp\/v2\/product_cat?post=2779"},{"taxonomy":"product_tag","embeddable":true,"href":"https:\/\/www.phivutabletennis.com\/index.php\/wp-json\/wp\/v2\/product_tag?post=2779"}],"curies":[{"name":"wp","href":"https:\/\/api.w.org\/{rel}","templated":true}]}}