{"id":2783,"date":"2023-06-29T21:19:08","date_gmt":"2023-06-29T14:19:08","guid":{"rendered":"https:\/\/www.phivutabletennis.com\/?post_type=product&#038;p=2783"},"modified":"2023-06-29T21:19:09","modified_gmt":"2023-06-29T14:19:09","slug":"zhang-jike-t5000","status":"publish","type":"product","link":"https:\/\/www.phivutabletennis.com\/index.php\/product\/zhang-jike-t5000\/","title":{"rendered":"ZHANG JIKE T5000"},"content":{"rendered":"<p><strong>H\u00c0NG CH\u00cdNH H\u00c3NG BUTTERFLY S\u1ea2N XU\u1ea4T T\u1ea0I NH\u1eacT B\u1ea2N &#8211; MADE IN JAPAN<\/strong><\/p>\n<p><strong>.ZHANG JIKE T5000<br \/>\nS\u1ea3n xu\u1ea5t t\u1ea1i Nh\u1eadt B\u1ea3n\u00a0<\/strong><\/p>\n<p>Phi\u00ean b\u1ea3n Tamca 5000 v\u1edbi c\u1ea5u t\u1ea1o s\u1ee3i Carbon lu\u00f4n t\u1ef1 h\u00e0o mang \u0111\u1ebfn cho ng\u01b0\u1eddi ch\u01a1i s\u1ee9c m\u1ea1nh t\u1ed1c \u0111\u1ed9 tuy\u1ec7t v\u1eddi nh\u1ea5t khi ch\u1ea1m b\u00f3ng, h\u01a1n th\u1ebf n\u1eefa, thi\u1ebft k\u1ebf b\u1ea3ng v\u1ee3t \u0111\u01b0\u1ee3c \u0111i\u1ec1u ch\u1ec9nh m\u1ecfng h\u01a1n nh\u1eb1m mang l\u1ea1i s\u1ef1 ti\u1ec7n l\u1ee3i v\u00e0 d\u1ec5 s\u1eed d\u1ee5ng.<\/p>\n<table border=\"0\" cellspacing=\"1\" cellpadding=\"1\">\n<tbody>\n<tr>\n<td>C\u1ea5u t\u1ea1o<\/td>\n<td>:\u00a05 l\u1edbp g\u1ed7 + 2 l\u1edbp s\u1ee3i Carbon<\/td>\n<\/tr>\n<tr>\n<td>L\u1ef1c \u0111\u1ea9y<\/td>\n<td>:\u00a012.6 (t\u1ed1c \u0111\u1ed9)<\/td>\n<\/tr>\n<tr>\n<td>\u0110\u1ed9 rung<\/td>\n<td>:\u00a011.3 (\u0111\u1ed9 xo\u00e1y)<\/td>\n<\/tr>\n<tr>\n<td>\u0110\u1ed9 d\u00e0y<\/td>\n<td>:\u00a05.6mm<\/td>\n<\/tr>\n<tr>\n<td>B\u1ea3ng v\u1ee3t<\/td>\n<td>:\u00a0157 x 150mm<\/td>\n<\/tr>\n<tr>\n<td>Tr\u1ecdng l\u01b0\u1ee3ng<\/td>\n<td>: 90gr\u00b1<\/td>\n<\/tr>\n<\/tbody>\n<\/table>\n<p><strong>Theo th\u00f4ng s\u1ed1 chu\u1ea9n c\u1ee7a h\u00e3ng Butterfly<\/strong><br \/>\n<strong>H\u00e0ng ch\u00ednh h\u00e3ng b\u1ea3o h\u00e0nh 1 th\u00e1ng<\/strong><\/p>\n","protected":false},"excerpt":{"rendered":"<p>H\u00c0NG CH\u00cdNH H\u00c3NG BUTTERFLY S\u1ea2N XU\u1ea4T T\u1ea0I NH\u1eacT B\u1ea2N &#8211; MADE IN JAPAN .ZHANG JIKE T5000 S\u1ea3n xu\u1ea5t t\u1ea1i Nh\u1eadt B\u1ea3n\u00a0 Phi\u00ean b\u1ea3n Tamca 5000 v\u1edbi c\u1ea5u t\u1ea1o s\u1ee3i Carbon lu\u00f4n t\u1ef1 h\u00e0o mang \u0111\u1ebfn cho ng\u01b0\u1eddi ch\u01a1i s\u1ee9c m\u1ea1nh t\u1ed1c \u0111\u1ed9 tuy\u1ec7t v\u1eddi nh\u1ea5t khi ch\u1ea1m b\u00f3ng, h\u01a1n th\u1ebf n\u1eefa, thi\u1ebft k\u1ebf b\u1ea3ng v\u1ee3t [&hellip;]<\/p>\n","protected":false},"featured_media":2784,"comment_status":"open","ping_status":"closed","template":"","meta":{"_eb_attr":""},"product_cat":[76,26],"product_tag":[],"class_list":["post-2783","product","type-product","status-publish","has-post-thumbnail","hentry","product_cat-butterfly-cot-vot","product_cat-cot-vot"],"_links":{"self":[{"href":"https:\/\/www.phivutabletennis.com\/index.php\/wp-json\/wp\/v2\/product\/2783","targetHints":{"allow":["GET"]}}],"collection":[{"href":"https:\/\/www.phivutabletennis.com\/index.php\/wp-json\/wp\/v2\/product"}],"about":[{"href":"https:\/\/www.phivutabletennis.com\/index.php\/wp-json\/wp\/v2\/types\/product"}],"replies":[{"embeddable":true,"href":"https:\/\/www.phivutabletennis.com\/index.php\/wp-json\/wp\/v2\/comments?post=2783"}],"wp:featuredmedia":[{"embeddable":true,"href":"https:\/\/www.phivutabletennis.com\/index.php\/wp-json\/wp\/v2\/media\/2784"}],"wp:attachment":[{"href":"https:\/\/www.phivutabletennis.com\/index.php\/wp-json\/wp\/v2\/media?parent=2783"}],"wp:term":[{"taxonomy":"product_cat","embeddable":true,"href":"https:\/\/www.phivutabletennis.com\/index.php\/wp-json\/wp\/v2\/product_cat?post=2783"},{"taxonomy":"product_tag","embeddable":true,"href":"https:\/\/www.phivutabletennis.com\/index.php\/wp-json\/wp\/v2\/product_tag?post=2783"}],"curies":[{"name":"wp","href":"https:\/\/api.w.org\/{rel}","templated":true}]}}