{"id":2789,"date":"2023-06-29T21:23:59","date_gmt":"2023-06-29T14:23:59","guid":{"rendered":"https:\/\/www.phivutabletennis.com\/?post_type=product&#038;p=2789"},"modified":"2023-06-29T21:24:00","modified_gmt":"2023-06-29T14:24:00","slug":"mizutani-jun-zlc","status":"publish","type":"product","link":"https:\/\/www.phivutabletennis.com\/index.php\/product\/mizutani-jun-zlc\/","title":{"rendered":"MIZUTANI JUN ZLC"},"content":{"rendered":"<p><strong>H\u00c0NG CH\u00cdNH H\u00c3NG BUTTERFLY S\u1ea2N XU\u1ea4T T\u1ea0I NH\u1eacT B\u1ea2N &#8211; MADE IN JAPAN<\/strong><\/p>\n<p>C\u1ed1t v\u1ee3t Mizutani Jun Zylon Carbon phi\u00ean b\u1ea3n m\u1edbi\u00a0\u0111\u01b0\u1ee3c ph\u00e1t tri\u1ec3n d\u1ef1a tr\u00ean \u00fd ki\u1ebfn c\u1ee7a V\u1eadn \u0111\u1ed9ng vi\u00ean Mizutani Jun &#8211; th\u00e0nh vi\u00ean c\u1ee7a \u0111\u1ed9i tuy\u1ec3n b\u00f3ng b\u00e0n Nh\u1eadt B\u1ea3n v\u00e0 hi\u1ec7n \u0111ang \u0111\u01b0\u1ee3c v\u1eadn \u0111\u1ed9ng vi\u00ean n\u00e0y s\u1eed d\u1ee5ng.<\/p>\n<p>Tr\u1ecdng l\u01b0\u1ee3ng, \u0111\u1ed9 \u0111\u00e0n h\u1ed3i cao v\u00e0 \u0111\u1ed9 n\u1ea3y \u1ed5n \u0111\u1ecbnh l\u00e0 m\u1ed9t trong nh\u1eefng \u01b0u \u0111i\u1ec3m\u00a0gi\u00fap ng\u01b0\u1eddi ch\u01a1i d\u1ec5 d\u00e0ng th\u1ef1c hi\u1ec7n c\u00e1c\u00a0chi\u1ebfn thu\u1eadt t\u1ea5n c\u00f4ng, ph\u00f2ng th\u1ee7 bi\u1ebfn h\u00f3a\u00a0\u00f4m b\u00e0n c\u0169ng nh\u01b0 xa b\u00e0n v\u1edbi bi\u00ean \u0111\u1ed9 r\u1ed9ng gi\u1ed1ng l\u1ed1i \u0111\u00e1nh c\u1ee7a v\u1eadn \u0111\u1ed9ng vi\u00ean Mizutani Jun.<\/p>\n<table border=\"0\" cellspacing=\"1\" cellpadding=\"1\">\n<tbody>\n<tr>\n<td>C\u1ea5u t\u1ea1o<\/td>\n<td>:\u00a05 l\u1edbp g\u1ed7 + 2 l\u1edbp s\u1ee3i Zylon Carbon<\/td>\n<\/tr>\n<tr>\n<td>L\u1ef1c \u0111\u1ea9y<\/td>\n<td>:\u00a011.8 (t\u1ed1c \u0111\u1ed9)<\/td>\n<\/tr>\n<tr>\n<td>\u0110\u1ed9 rung<\/td>\n<td>:\u00a011.2 (\u0111\u1ed9 xo\u00e1y)<\/td>\n<\/tr>\n<tr>\n<td>\u0110\u1ed9 d\u00e0y<\/td>\n<td>:\u00a05.7\u00a0mm<\/td>\n<\/tr>\n<tr>\n<td>B\u1ea3ng v\u1ee3t<\/td>\n<td>:\u00a0157 x 150 mm<\/td>\n<\/tr>\n<tr>\n<td>Tr\u1ecdng l\u01b0\u1ee3ng<\/td>\n<td>: \u00b1 88gr<\/td>\n<\/tr>\n<\/tbody>\n<\/table>\n<p>&nbsp;<\/p>\n<p><strong>Theo th\u00f4ng s\u1ed1 chu\u1ea9n c\u1ee7a h\u00e3ng Butterfly<\/strong><br \/>\n<strong>H\u00e0ng ch\u00ednh h\u00e3ng b\u1ea3o h\u00e0nh 1 th\u00e1ng<\/strong><\/p>\n","protected":false},"excerpt":{"rendered":"<p>H\u00c0NG CH\u00cdNH H\u00c3NG BUTTERFLY S\u1ea2N XU\u1ea4T T\u1ea0I NH\u1eacT B\u1ea2N &#8211; MADE IN JAPAN C\u1ed1t v\u1ee3t Mizutani Jun Zylon Carbon phi\u00ean b\u1ea3n m\u1edbi\u00a0\u0111\u01b0\u1ee3c ph\u00e1t tri\u1ec3n d\u1ef1a tr\u00ean \u00fd ki\u1ebfn c\u1ee7a V\u1eadn \u0111\u1ed9ng vi\u00ean Mizutani Jun &#8211; th\u00e0nh vi\u00ean c\u1ee7a \u0111\u1ed9i tuy\u1ec3n b\u00f3ng b\u00e0n Nh\u1eadt B\u1ea3n v\u00e0 hi\u1ec7n \u0111ang \u0111\u01b0\u1ee3c v\u1eadn \u0111\u1ed9ng vi\u00ean n\u00e0y s\u1eed d\u1ee5ng. Tr\u1ecdng [&hellip;]<\/p>\n","protected":false},"featured_media":2791,"comment_status":"open","ping_status":"closed","template":"","meta":{"_eb_attr":""},"product_cat":[76,26],"product_tag":[],"class_list":["post-2789","product","type-product","status-publish","has-post-thumbnail","hentry","product_cat-butterfly-cot-vot","product_cat-cot-vot"],"_links":{"self":[{"href":"https:\/\/www.phivutabletennis.com\/index.php\/wp-json\/wp\/v2\/product\/2789","targetHints":{"allow":["GET"]}}],"collection":[{"href":"https:\/\/www.phivutabletennis.com\/index.php\/wp-json\/wp\/v2\/product"}],"about":[{"href":"https:\/\/www.phivutabletennis.com\/index.php\/wp-json\/wp\/v2\/types\/product"}],"replies":[{"embeddable":true,"href":"https:\/\/www.phivutabletennis.com\/index.php\/wp-json\/wp\/v2\/comments?post=2789"}],"wp:featuredmedia":[{"embeddable":true,"href":"https:\/\/www.phivutabletennis.com\/index.php\/wp-json\/wp\/v2\/media\/2791"}],"wp:attachment":[{"href":"https:\/\/www.phivutabletennis.com\/index.php\/wp-json\/wp\/v2\/media?parent=2789"}],"wp:term":[{"taxonomy":"product_cat","embeddable":true,"href":"https:\/\/www.phivutabletennis.com\/index.php\/wp-json\/wp\/v2\/product_cat?post=2789"},{"taxonomy":"product_tag","embeddable":true,"href":"https:\/\/www.phivutabletennis.com\/index.php\/wp-json\/wp\/v2\/product_tag?post=2789"}],"curies":[{"name":"wp","href":"https:\/\/api.w.org\/{rel}","templated":true}]}}