{"id":2792,"date":"2023-06-29T21:25:34","date_gmt":"2023-06-29T14:25:34","guid":{"rendered":"https:\/\/www.phivutabletennis.com\/?post_type=product&#038;p=2792"},"modified":"2023-06-29T21:25:35","modified_gmt":"2023-06-29T14:25:35","slug":"amultart","status":"publish","type":"product","link":"https:\/\/www.phivutabletennis.com\/index.php\/product\/amultart\/","title":{"rendered":"AMULTART"},"content":{"rendered":"<p><strong>H\u00c0NG CH\u00cdNH H\u00c3NG BUTTERFLY S\u1ea2N XU\u00c2T T\u1ea0I NH\u1eacT B\u1ea2N &#8211; MADE IN JAPAN<\/strong><\/p>\n<p>C\u1ed1t v\u1ee3t Amultart l\u00e0 m\u1ed9t trong nh\u1eefng d\u00f2ng s\u1ea3n ph\u1ea9m ti\u00ean phong, \u0111\u01b0\u1ee3c ch\u1ebf t\u1ea1o b\u1eb1ng m\u1ed9t quy tr\u00ecnh c\u00f4ng ngh\u1ec7 ti\u00ean ti\u1ebfn, k\u1ebft h\u1ee3p s\u1ee3i Zylon v\u00e0 s\u1ee3i Carbon.<strong>\u00a0<\/strong><\/p>\n<p>S\u1ef1 k\u1ebft h\u1ee3p \u0111\u1ed9c \u0111\u00e1o n\u00e0y gi\u00fap cho c\u1ed1t v\u1ee3t Amultart Zylon Carbon c\u00f3 kh\u1ea3 n\u0103ng gi\u1eef v\u1eefng li\u00ean k\u1ebft Carbon, t\u1ea1o \u0111\u01b0\u1ee3c s\u1ef1 m\u1ec1m, d\u1ebbo, nh\u1eb9 v\u00e0 \u0111\u00e0n h\u1ed3i nh\u1edd s\u1ee3i Zl- Ziber. Trong c\u00f9ng m\u1ed9t th\u1eddi gian, c\u1ed1t v\u1ee3t Amultart c\u00f3 kh\u1ea3 n\u0103ng t\u1ea1o ra l\u1ef1c \u0111\u1ea9y cao v\u00e0 l\u1ef1c \u0111\u00e0n h\u1ed3i nhanh.<\/p>\n<p>&nbsp;<\/p>\n<table border=\"0\" cellspacing=\"1\" cellpadding=\"1\">\n<tbody>\n<tr>\n<td>C\u1ea5u t\u1ea1o<\/td>\n<td>:\u00a03 l\u1edbp g\u1ed7 + Zylon Carbon<\/td>\n<\/tr>\n<tr>\n<td>L\u1ef1c \u0111\u1ea9y<\/td>\n<td>:\u00a012.2\u00a0(t\u1ed1c \u0111\u1ed9)<\/td>\n<\/tr>\n<tr>\n<td>\u0110\u1ed9 rung<\/td>\n<td>:\u00a013.7\u00a0(c\u1ea3m gi\u00e1c)<\/td>\n<\/tr>\n<tr>\n<td>\u0110\u1ed9 d\u00e0y<\/td>\n<td>:\u00a07.1mm<\/td>\n<\/tr>\n<tr>\n<td>B\u1ea3ng v\u1ee3t<\/td>\n<td>:\u00a0157x150mm<\/td>\n<\/tr>\n<tr>\n<td>Tr\u1ecdng l\u01b0\u1ee3ng<\/td>\n<td>:\u00a0\u00b1 88gr<\/td>\n<\/tr>\n<\/tbody>\n<\/table>\n<p>&nbsp;<\/p>\n<p><strong>H\u00e0ng ch\u00ednh h\u00e3ng b\u1ea3o h\u00e0nh 1 th\u00e1ng<\/strong><br \/>\n<strong>Theo th\u00f4ng s\u1ed1 chu\u1ea9n c\u1ee7a h\u00e3ng Butterfly<\/strong><\/p>\n","protected":false},"excerpt":{"rendered":"<p>H\u00c0NG CH\u00cdNH H\u00c3NG BUTTERFLY S\u1ea2N XU\u00c2T T\u1ea0I NH\u1eacT B\u1ea2N &#8211; MADE IN JAPAN C\u1ed1t v\u1ee3t Amultart l\u00e0 m\u1ed9t trong nh\u1eefng d\u00f2ng s\u1ea3n ph\u1ea9m ti\u00ean phong, \u0111\u01b0\u1ee3c ch\u1ebf t\u1ea1o b\u1eb1ng m\u1ed9t quy tr\u00ecnh c\u00f4ng ngh\u1ec7 ti\u00ean ti\u1ebfn, k\u1ebft h\u1ee3p s\u1ee3i Zylon v\u00e0 s\u1ee3i Carbon.\u00a0 S\u1ef1 k\u1ebft h\u1ee3p \u0111\u1ed9c \u0111\u00e1o n\u00e0y gi\u00fap cho c\u1ed1t v\u1ee3t Amultart Zylon [&hellip;]<\/p>\n","protected":false},"featured_media":2795,"comment_status":"open","ping_status":"closed","template":"","meta":{"_eb_attr":""},"product_cat":[76,26],"product_tag":[],"class_list":["post-2792","product","type-product","status-publish","has-post-thumbnail","hentry","product_cat-butterfly-cot-vot","product_cat-cot-vot"],"_links":{"self":[{"href":"https:\/\/www.phivutabletennis.com\/index.php\/wp-json\/wp\/v2\/product\/2792","targetHints":{"allow":["GET"]}}],"collection":[{"href":"https:\/\/www.phivutabletennis.com\/index.php\/wp-json\/wp\/v2\/product"}],"about":[{"href":"https:\/\/www.phivutabletennis.com\/index.php\/wp-json\/wp\/v2\/types\/product"}],"replies":[{"embeddable":true,"href":"https:\/\/www.phivutabletennis.com\/index.php\/wp-json\/wp\/v2\/comments?post=2792"}],"wp:featuredmedia":[{"embeddable":true,"href":"https:\/\/www.phivutabletennis.com\/index.php\/wp-json\/wp\/v2\/media\/2795"}],"wp:attachment":[{"href":"https:\/\/www.phivutabletennis.com\/index.php\/wp-json\/wp\/v2\/media?parent=2792"}],"wp:term":[{"taxonomy":"product_cat","embeddable":true,"href":"https:\/\/www.phivutabletennis.com\/index.php\/wp-json\/wp\/v2\/product_cat?post=2792"},{"taxonomy":"product_tag","embeddable":true,"href":"https:\/\/www.phivutabletennis.com\/index.php\/wp-json\/wp\/v2\/product_tag?post=2792"}],"curies":[{"name":"wp","href":"https:\/\/api.w.org\/{rel}","templated":true}]}}