{"id":2796,"date":"2023-06-29T21:29:03","date_gmt":"2023-06-29T14:29:03","guid":{"rendered":"https:\/\/www.phivutabletennis.com\/?post_type=product&#038;p=2796"},"modified":"2026-02-02T20:02:39","modified_gmt":"2026-02-02T13:02:39","slug":"timo-boll-zlc-2","status":"publish","type":"product","link":"https:\/\/www.phivutabletennis.com\/index.php\/product\/timo-boll-zlc-2\/","title":{"rendered":"TIMO BOLL ZLC"},"content":{"rendered":"<p><strong>H\u00c0NG CH\u00cdNH H\u00c3NG BUTTERFLY S\u1ea2N XU\u1ea4T T\u1ea0I NH\u1eacT B\u1ea2N &#8211; MADE IN JAPAN<\/strong><\/p>\n<p>Timo Boll gia nh\u1eadp l\u00e0ng b\u00f3ng b\u00e0n N\u01b0\u1edbc \u0110\u1ee9c t\u1eeb n\u0103m 15 tu\u1ed5i v\u00e0 \u0111\u1ea1t \u0111\u01b0\u1ee3c \u0111\u1eb3ng c\u1ea5p Th\u1ebf gi\u1edbi trong m\u1ed9t th\u1eddi gian d\u00e0i v\u1edbi m\u1ed9t phong c\u00e1ch \u0111\u1eb9p v\u00e0 l\u1ed1i t\u1ea5n c\u00f4ng ch\u1edbp nho\u00e1ng. Timo Boll s\u1edf h\u1eefu m\u1ed9t th\u1ec3 h\u00ecnh \u0111\u1eb9p v\u00e0 phong c\u00e1ch ch\u01a1i t\u1ed1t n\u00ean \u0111\u00e3 nh\u1eadn \u0111\u01b0\u1ee3c ph\u1ea7n th\u01b0\u1edfng Fair Play t\u1eeb l\u00e0ng b\u00f3ng b\u00e0n Th\u1ebf gi\u1edbi. Lo\u1ea1t c\u1ed1t v\u1ee3t n\u00e0y \u0111\u01b0\u1ee3c ph\u00e1t tri\u1ec3n b\u1edfi Butterfly v\u00e0 th\u00f4ng qua k\u1ef9 thu\u1eadt v\u00e0 s\u1ef1 tinh t\u1ebf c\u1ee7a Timo Boll. B\u1ea1n s\u1ebd c\u1ea3m nh\u1eadn \u0111\u01b0\u1ee3c tinh th\u1ea7n v\u00e0 ni\u1ec1m ki\u00eau h\u00e3nh c\u1ee7a Timo Boll khi s\u1eed d\u1ee5ng lo\u1ea1t c\u1ed1t v\u1ee3t n\u00e0y.<\/p>\n<p>Timo Boll ZLC : M\u1eabu v\u1ee3t d\u00f9ng \u0111\u1ec3 ch\u01a1i t\u1ea5n c\u00f4ng v\u00e0 \u0111\u1eb7c tr\u01b0ng cho th\u1ebf h\u1ec7 m\u1edbi. H\u00e3ng Butterfly \u0111\u00e3 ph\u00e1t tri\u1ec3n d\u00f2ng s\u1ea3n ph\u1ea9m c\u1ed1t v\u1ee3t ZL carbon t\u1eeb ch\u1ea5t li\u1ec7u m\u1edbi v\u1edbi c\u00f4ng ngh\u1ec7 ti\u00ean ti\u1ebfn.Ch\u1ea5t li\u1ec7u n\u00e0y kh\u00f4ng nh\u1eefng gi\u1eef \u0111\u01b0\u1ee3c t\u1ed1c \u0111\u1ed9 c\u1ee7a cacbon m\u00e0 c\u00f2n nh\u1eb9 v\u00e0 linh ho\u1ea1t nh\u1edd s\u1ee3i Zylon.<\/p>\n<table border=\"0\" cellspacing=\"1\" cellpadding=\"1\">\n<tbody>\n<tr>\n<td>C\u1ea5u t\u1ea1o<\/td>\n<td>:\u00a05 l\u1edbp g\u1ed7 + 2 l\u1edbp s\u1ee3i Zylon Carbon<\/td>\n<\/tr>\n<tr>\n<td>L\u1ef1c \u0111\u1ea9y<\/td>\n<td>:\u00a011.7 (t\u1ed1c \u0111\u1ed9)<\/td>\n<\/tr>\n<tr>\n<td>\u0110\u1ed9 rung<\/td>\n<td>:\u00a010.8 (\u0111\u1ed9 xo\u00e1y)<\/td>\n<\/tr>\n<tr>\n<td>\u0110\u1ed9 d\u00e0y<\/td>\n<td>:\u00a05.5mm<\/td>\n<\/tr>\n<tr>\n<td>B\u1ea3ng v\u1ee3t<\/td>\n<td>:\u00a0157 x 150mm<\/td>\n<\/tr>\n<tr>\n<td>Tr\u1ecdng l\u01b0\u1ee3ng<\/td>\n<td>: \u00b1 85gr<\/td>\n<\/tr>\n<\/tbody>\n<\/table>\n<p>&nbsp;<\/p>\n<p><strong>Theo th\u00f4ng s\u1ed1 chu\u1ea9n c\u1ee7a h\u00e3ng Butterfly<\/strong><br \/>\n<strong>H\u00e0ng ch\u00ednh h\u00e3ng b\u1ea3o h\u00e0nh 1 th\u00e1ng<\/strong><\/p>\n","protected":false},"excerpt":{"rendered":"<p>H\u00c0NG CH\u00cdNH H\u00c3NG BUTTERFLY S\u1ea2N XU\u1ea4T T\u1ea0I NH\u1eacT B\u1ea2N &#8211; MADE IN JAPAN Timo Boll gia nh\u1eadp l\u00e0ng b\u00f3ng b\u00e0n N\u01b0\u1edbc \u0110\u1ee9c t\u1eeb n\u0103m 15 tu\u1ed5i v\u00e0 \u0111\u1ea1t \u0111\u01b0\u1ee3c \u0111\u1eb3ng c\u1ea5p Th\u1ebf gi\u1edbi trong m\u1ed9t th\u1eddi gian d\u00e0i v\u1edbi m\u1ed9t phong c\u00e1ch \u0111\u1eb9p v\u00e0 l\u1ed1i t\u1ea5n c\u00f4ng ch\u1edbp nho\u00e1ng. Timo Boll s\u1edf h\u1eefu m\u1ed9t th\u1ec3 [&hellip;]<\/p>\n","protected":false},"featured_media":2799,"comment_status":"open","ping_status":"closed","template":"","meta":{"_eb_attr":""},"product_cat":[76,26],"product_tag":[],"class_list":["post-2796","product","type-product","status-publish","has-post-thumbnail","hentry","product_cat-butterfly-cot-vot","product_cat-cot-vot"],"_links":{"self":[{"href":"https:\/\/www.phivutabletennis.com\/index.php\/wp-json\/wp\/v2\/product\/2796","targetHints":{"allow":["GET"]}}],"collection":[{"href":"https:\/\/www.phivutabletennis.com\/index.php\/wp-json\/wp\/v2\/product"}],"about":[{"href":"https:\/\/www.phivutabletennis.com\/index.php\/wp-json\/wp\/v2\/types\/product"}],"replies":[{"embeddable":true,"href":"https:\/\/www.phivutabletennis.com\/index.php\/wp-json\/wp\/v2\/comments?post=2796"}],"wp:featuredmedia":[{"embeddable":true,"href":"https:\/\/www.phivutabletennis.com\/index.php\/wp-json\/wp\/v2\/media\/2799"}],"wp:attachment":[{"href":"https:\/\/www.phivutabletennis.com\/index.php\/wp-json\/wp\/v2\/media?parent=2796"}],"wp:term":[{"taxonomy":"product_cat","embeddable":true,"href":"https:\/\/www.phivutabletennis.com\/index.php\/wp-json\/wp\/v2\/product_cat?post=2796"},{"taxonomy":"product_tag","embeddable":true,"href":"https:\/\/www.phivutabletennis.com\/index.php\/wp-json\/wp\/v2\/product_tag?post=2796"}],"curies":[{"name":"wp","href":"https:\/\/api.w.org\/{rel}","templated":true}]}}