{"id":2805,"date":"2023-06-29T21:33:13","date_gmt":"2023-06-29T14:33:13","guid":{"rendered":"https:\/\/www.phivutabletennis.com\/?post_type=product&#038;p=2805"},"modified":"2023-06-29T21:33:13","modified_gmt":"2023-06-29T14:33:13","slug":"timo-boll-j","status":"publish","type":"product","link":"https:\/\/www.phivutabletennis.com\/index.php\/product\/timo-boll-j\/","title":{"rendered":"TIMO BOLL J"},"content":{"rendered":"<p>Nh\u1eb1m \u0111\u00e1p \u1ee9ng y\u00eau c\u1ea7u ch\u1ecdn v\u1ee3t cho tr\u1ebb m\u1edbi t\u1eadp ch\u01a1i b\u00f3ng b\u00e0n t\u1eeb c\u01a1 b\u1ea3n \u0111\u1ebfn n\u00e2ng cao, h\u00e3ng Buttefly ra \u0111\u1eddi d\u00f2ng s\u1ea3n ph\u1ea9m\u00a0Timo Boll J, Timo Boll TJ v\u00e0 Timo Boll CAF v\u1edbi nhi\u1ec1u t\u00ednh n\u0103ng v\u01b0\u1ee3t tr\u1ed9i, \u0111\u00e1p \u1ee9ng y\u00eau c\u1ea7u k\u1ef9 thu\u1eadt v\u00e0 \u0111\u1ed9 \u1ed5n \u0111\u1ecbnh cao.<\/p>\n<p>Nhi\u1ec1u d\u00f2ng s\u1ea3n ph\u1ea9m kh\u00e1c nhau \u0111\u01b0\u1ee3c nghi\u00ean c\u1ee9u ph\u00f9 h\u1ee3p v\u1edbi t\u1eebng giai \u0111o\u1ea1n ph\u00e1t tri\u1ec3n v\u1ec1 th\u1ec3 l\u1ef1c c\u0169ng nh\u01b0 k\u1ef9 thu\u1eadt c\u1ee7a tr\u1ebb gi\u00fap ph\u1ee5 huynh d\u1ec5 l\u1ef1a ch\u1ecdn.<\/p>\n<p>Hy v\u1ecdng v\u1ee3t mang t\u00ean danh th\u1ee7 b\u00f3ng b\u00e0n n\u1ed5i ti\u1ebfng Timo Boll s\u1ebd k\u00edch th\u00edch s\u1ef1 \u0111am m\u00ea b\u00f3ng b\u00e0n c\u1ee7a tr\u1ebb.<\/p>\n<p>&#8211;\u00a0D\u00e0nh cho tr\u1ebb em tu\u1ed5i t\u1eeb 4-9 tu\u1ed5i.<\/p>\n<p>&#8211;\u00a0<strong>Timo boll J<\/strong>\u00a0h\u01b0\u1edbng \u0111\u1ebfn tr\u1ebb em m\u1edbi t\u1eadp ch\u01a1i b\u00f3ng b\u00e0n.<\/p>\n<p>&#8211; Tr\u1ecdng l\u01b0\u1ee3ng nh\u1eb9, b\u1ea3ng v\u1ee3t v\u00e0 tay c\u1ea7m nh\u1ecf g\u1ecdn ch\u1eafc ch\u1eafn, \u0111\u01b0\u1ee3c thi\u1ebft k\u1ebf ph\u00f9 h\u1ee3p v\u1edbi c\u1ea5u t\u1ea1o tay c\u1ee7a tr\u1ebb em.<\/p>\n<p>&nbsp;<\/p>\n<table border=\"0\" cellspacing=\"1\" cellpadding=\"1\">\n<tbody>\n<tr>\n<td>C\u1ea5u t\u1ea1o<\/td>\n<td>:\u00a05 l\u1edbp g\u1ed7<\/td>\n<\/tr>\n<tr>\n<td>L\u1ef1c \u0111\u1ea9y<\/td>\n<td>:\u00a010.4 (t\u1ed1c \u0111\u1ed9)<\/td>\n<\/tr>\n<tr>\n<td>\u0110\u1ed9 rung<\/td>\n<td>:\u00a010.6 (c\u1ea3m gi\u00e1c)<\/td>\n<\/tr>\n<tr>\n<td>\u0110\u1ed9 d\u00e0y<\/td>\n<td>:\u00a06.1\u00a0mm<\/td>\n<\/tr>\n<tr>\n<td>B\u1ea3ng v\u1ee3t<\/td>\n<td>:\u00a0152 x 144 mm<\/td>\n<\/tr>\n<tr>\n<td>Tr\u1ecdng l\u01b0\u1ee3ng<\/td>\n<td>:\u00a0\u00b1 70gr<\/td>\n<\/tr>\n<\/tbody>\n<\/table>\n<p><strong>H\u00e0ng ch\u00ednh h\u00e3ng b\u1ea3o h\u00e0nh 1 th\u00e1ng<\/strong><br \/>\n<strong>Theo th\u00f4ng s\u1ed1 chu\u1ea9n c\u1ee7a h\u00e3ng Buttefly<\/strong><br \/>\n<strong>H\u00c0NG CH\u00cdNH H\u00c3NG BUTTERFLY S\u1ea2N XU\u1ea4T T\u1ea0I TRUNG QU\u1ed0C &#8211; MADE IN CHINA<\/strong><br \/>\n<strong>H\u00c0NG CH\u00cdNH H\u00c3NG &#8211; GI\u00c1 TR\u1eca \u0110\u00cdCH TH\u1ef0C<\/strong><\/p>\n<p><strong><img decoding=\"async\" src=\"https:\/\/bongban.asia\/image\/data\/TIMOBOLL%20J.jpg\" alt=\"\" \/><\/strong><\/p>\n","protected":false},"excerpt":{"rendered":"<p>Nh\u1eb1m \u0111\u00e1p \u1ee9ng y\u00eau c\u1ea7u ch\u1ecdn v\u1ee3t cho tr\u1ebb m\u1edbi t\u1eadp ch\u01a1i b\u00f3ng b\u00e0n t\u1eeb c\u01a1 b\u1ea3n \u0111\u1ebfn n\u00e2ng cao, h\u00e3ng Buttefly ra \u0111\u1eddi d\u00f2ng s\u1ea3n ph\u1ea9m\u00a0Timo Boll J, Timo Boll TJ v\u00e0 Timo Boll CAF v\u1edbi nhi\u1ec1u t\u00ednh n\u0103ng v\u01b0\u1ee3t tr\u1ed9i, \u0111\u00e1p \u1ee9ng y\u00eau c\u1ea7u k\u1ef9 thu\u1eadt v\u00e0 \u0111\u1ed9 \u1ed5n \u0111\u1ecbnh cao. Nhi\u1ec1u d\u00f2ng [&hellip;]<\/p>\n","protected":false},"featured_media":2808,"comment_status":"open","ping_status":"closed","template":"","meta":{"_eb_attr":""},"product_cat":[76,26],"product_tag":[],"class_list":["post-2805","product","type-product","status-publish","has-post-thumbnail","hentry","product_cat-butterfly-cot-vot","product_cat-cot-vot"],"_links":{"self":[{"href":"https:\/\/www.phivutabletennis.com\/index.php\/wp-json\/wp\/v2\/product\/2805","targetHints":{"allow":["GET"]}}],"collection":[{"href":"https:\/\/www.phivutabletennis.com\/index.php\/wp-json\/wp\/v2\/product"}],"about":[{"href":"https:\/\/www.phivutabletennis.com\/index.php\/wp-json\/wp\/v2\/types\/product"}],"replies":[{"embeddable":true,"href":"https:\/\/www.phivutabletennis.com\/index.php\/wp-json\/wp\/v2\/comments?post=2805"}],"wp:featuredmedia":[{"embeddable":true,"href":"https:\/\/www.phivutabletennis.com\/index.php\/wp-json\/wp\/v2\/media\/2808"}],"wp:attachment":[{"href":"https:\/\/www.phivutabletennis.com\/index.php\/wp-json\/wp\/v2\/media?parent=2805"}],"wp:term":[{"taxonomy":"product_cat","embeddable":true,"href":"https:\/\/www.phivutabletennis.com\/index.php\/wp-json\/wp\/v2\/product_cat?post=2805"},{"taxonomy":"product_tag","embeddable":true,"href":"https:\/\/www.phivutabletennis.com\/index.php\/wp-json\/wp\/v2\/product_tag?post=2805"}],"curies":[{"name":"wp","href":"https:\/\/api.w.org\/{rel}","templated":true}]}}