{"id":2809,"date":"2023-06-29T21:34:52","date_gmt":"2023-06-29T14:34:52","guid":{"rendered":"https:\/\/www.phivutabletennis.com\/?post_type=product&#038;p=2809"},"modified":"2023-06-29T21:34:52","modified_gmt":"2023-06-29T14:34:52","slug":"kenta-matsudaira","status":"publish","type":"product","link":"https:\/\/www.phivutabletennis.com\/index.php\/product\/kenta-matsudaira\/","title":{"rendered":"KENTA MATSUDAIRA"},"content":{"rendered":"<div>\n<p><strong>H\u00c0NG CH\u00cdNH H\u00c3NG BUTTERFLY S\u1ea2N XU\u1ea4T T\u1ea0I NH\u1eacT B\u1ea2N &#8211; MADE IN JAPAN<\/strong><\/p>\n<p>C\u1ed1t v\u1ee3t\u00a0Kenta\u00a0Matsudaira\u00a0\u0111\u01b0\u1ee3c s\u1ea3n xu\u1ea5t d\u1ef1a tr\u00ean \u00fd ki\u1ebfn v\u00e0 s\u1ef1 \u0111\u00e1nh gi\u00e1 c\u1ee7a V\u1eadn \u0111\u1ed9ng vi\u00ean \u0111\u1ed9i tuy\u1ec3n Nh\u1eadt B\u1ea3n\u00a0Kenta\u00a0Matsudaira\u00a0.<\/p>\n<p>C\u00e1n v\u1ee3t \u0111\u01b0\u1ee3c thi\u1ebft k\u1ebf t\u1ec9 m\u1ec9 d\u1ef1a theo c\u00e1ch c\u1ea7m v\u1ee3t c\u1ee7a v\u1eadn \u0111\u1ed9ng vi\u00ean Kenta nh\u1eb1m gi\u00fap ng\u01b0\u1eddi ch\u01a1i c\u00f3 th\u1ec3 c\u1ea7m ch\u1eafc v\u1ee3t \u0111\u1ed3ng th\u1eddi d\u1ec5 d\u00e0ng ph\u00e1t huy s\u1ee9c m\u1ea1nh v\u1edbi l\u1ed1i \u0111\u00e1nh c\u1ef1 ly g\u1ea7n v\u00e0 trung.<br \/>\nC\u1ed1t v\u1ee3t\u00a0Kenta\u00a0Matsudaira\u00a0ch\u1eafc h\u1eb3n s\u1ebd l\u00e0 s\u1ef1 l\u1ef1a ch\u1ecdn tuy\u1ec7t v\u1eddi cho nh\u1eefng ai y\u00eau th\u00edch l\u1ed1i \u0111\u00e1nh v\u00e0 l\u1ed1i giao b\u00f3ng \u0111\u1ea7y bi\u1ebfn h\u00f3a c\u1ee7a v\u1eadn \u0111\u1ed9ng vi\u00ean tr\u1ebb Kenta.<\/p>\n<p>****Kenta\u00a0Matsudaira\u00a0l\u00e0 m\u1ed9t v\u1eadn \u0111\u1ed9ng vi\u00ean tr\u1ebb \u0111\u1ea7y t\u00e0i n\u0103ng c\u1ee7a \u0111\u1ed9i tuy\u1ec3n b\u00f3ng b\u00e0n Nh\u1eadt B\u1ea3n v\u1edbi l\u1ed1i giao b\u00f3ng \u0111\u1ea7y bi\u1ebfn h\u00f3a.<\/p>\n<table border=\"0\" cellspacing=\"1\" cellpadding=\"1\">\n<tbody>\n<tr>\n<td>C\u1ea5u t\u1ea1o<\/td>\n<td>:\u00a05 l\u1edbp g\u1ed7 + 2 l\u1edbp s\u1ee3i\u00a0Arylate Carbon<\/td>\n<\/tr>\n<tr>\n<td>L\u1ef1c \u0111\u1ea9y<\/td>\n<td>:\u00a011.8 (t\u1ed1c \u0111\u1ed9)<\/td>\n<\/tr>\n<tr>\n<td>\u0110\u1ed9 rung<\/td>\n<td>:\u00a010.3 (\u0111\u1ed9 xo\u00e1y)<\/td>\n<\/tr>\n<tr>\n<td>\u0110\u1ed9 d\u00e0y<\/td>\n<td>:\u00a0\u00a05.8 mm<\/td>\n<\/tr>\n<tr>\n<td>B\u1ea3ng v\u1ee3t<\/td>\n<td>:\u00a0157 x 150mm<\/td>\n<\/tr>\n<tr>\n<td>Tr\u1ecdng l\u01b0\u1ee3ng<\/td>\n<td>:\u00a0\u00b1 84 gr<\/td>\n<\/tr>\n<\/tbody>\n<\/table>\n<p><strong>Theo th\u00f4ng s\u1ed1 chu\u1ea9n c\u1ee7a h\u00e3ng Butterfly<\/strong><br \/>\n<strong>H\u00e0ng ch\u00ednh h\u00e3ng b\u1ea3o h\u00e0nh 1 th\u00e1ng<\/strong><\/p>\n<\/div>\n<div>\n<p><img decoding=\"async\" src=\"https:\/\/bongban.asia\/image\/data\/kenta%20alc.jpg\" alt=\"\" \/><\/p>\n<\/div>\n","protected":false},"excerpt":{"rendered":"<p>H\u00c0NG CH\u00cdNH H\u00c3NG BUTTERFLY S\u1ea2N XU\u1ea4T T\u1ea0I NH\u1eacT B\u1ea2N &#8211; MADE IN JAPAN C\u1ed1t v\u1ee3t\u00a0Kenta\u00a0Matsudaira\u00a0\u0111\u01b0\u1ee3c s\u1ea3n xu\u1ea5t d\u1ef1a tr\u00ean \u00fd ki\u1ebfn v\u00e0 s\u1ef1 \u0111\u00e1nh gi\u00e1 c\u1ee7a V\u1eadn \u0111\u1ed9ng vi\u00ean \u0111\u1ed9i tuy\u1ec3n Nh\u1eadt B\u1ea3n\u00a0Kenta\u00a0Matsudaira\u00a0. C\u00e1n v\u1ee3t \u0111\u01b0\u1ee3c thi\u1ebft k\u1ebf t\u1ec9 m\u1ec9 d\u1ef1a theo c\u00e1ch c\u1ea7m v\u1ee3t c\u1ee7a v\u1eadn \u0111\u1ed9ng vi\u00ean Kenta nh\u1eb1m gi\u00fap ng\u01b0\u1eddi ch\u01a1i c\u00f3 [&hellip;]<\/p>\n","protected":false},"featured_media":2811,"comment_status":"open","ping_status":"closed","template":"","meta":{"_eb_attr":""},"product_cat":[76,26],"product_tag":[],"class_list":["post-2809","product","type-product","status-publish","has-post-thumbnail","hentry","product_cat-butterfly-cot-vot","product_cat-cot-vot"],"_links":{"self":[{"href":"https:\/\/www.phivutabletennis.com\/index.php\/wp-json\/wp\/v2\/product\/2809","targetHints":{"allow":["GET"]}}],"collection":[{"href":"https:\/\/www.phivutabletennis.com\/index.php\/wp-json\/wp\/v2\/product"}],"about":[{"href":"https:\/\/www.phivutabletennis.com\/index.php\/wp-json\/wp\/v2\/types\/product"}],"replies":[{"embeddable":true,"href":"https:\/\/www.phivutabletennis.com\/index.php\/wp-json\/wp\/v2\/comments?post=2809"}],"wp:featuredmedia":[{"embeddable":true,"href":"https:\/\/www.phivutabletennis.com\/index.php\/wp-json\/wp\/v2\/media\/2811"}],"wp:attachment":[{"href":"https:\/\/www.phivutabletennis.com\/index.php\/wp-json\/wp\/v2\/media?parent=2809"}],"wp:term":[{"taxonomy":"product_cat","embeddable":true,"href":"https:\/\/www.phivutabletennis.com\/index.php\/wp-json\/wp\/v2\/product_cat?post=2809"},{"taxonomy":"product_tag","embeddable":true,"href":"https:\/\/www.phivutabletennis.com\/index.php\/wp-json\/wp\/v2\/product_tag?post=2809"}],"curies":[{"name":"wp","href":"https:\/\/api.w.org\/{rel}","templated":true}]}}