{"id":2813,"date":"2023-06-29T21:36:40","date_gmt":"2023-06-29T14:36:40","guid":{"rendered":"https:\/\/www.phivutabletennis.com\/?post_type=product&#038;p=2813"},"modified":"2023-06-29T21:36:40","modified_gmt":"2023-06-29T14:36:40","slug":"freitas-alc","status":"publish","type":"product","link":"https:\/\/www.phivutabletennis.com\/index.php\/product\/freitas-alc\/","title":{"rendered":"FREITAS ALC"},"content":{"rendered":"<p><strong>H\u00c0NG CH\u00cdNH H\u00c3NG BUTTERFLY S\u1ea2N XU\u1ea4T T\u1ea0I NH\u1eacT B\u1ea2N &#8211; MADE IN JAPAN\u00a0<\/strong><\/p>\n<p>D\u00f2ng s\u1ea3n ph\u1ea9m m\u1edbi v\u1edbi t\u00ean g\u1ecdi Freitas \u0111\u01b0\u1ee3c ph\u00e1t tri\u1ec3n d\u1ef1a tr\u00ean s\u1ef1 h\u1ee3p t\u00e1c gi\u1eefa v\u1eadn \u0111\u1ed9ng vi\u00ean \u00a0B\u1ed3 \u0110\u00e0o Nha Marcos Freitas v\u00e0 h\u00e3ng d\u1ee5ng c\u1ee5 b\u00f3ng b\u00e0n Butterfly.<br \/>\nV\u1edbi thi\u1ebft k\u1ebf b\u1ec1 m\u1eb7t g\u1ed7 h\u01a1i c\u1ee9ng, k\u1ebft h\u1ee3p c\u00f9ng 2 l\u1edbp arylate carbon gi\u00fap t\u0103ng\u00a0c\u01b0\u1eddng s\u1ee9c m\u1ea1nh t\u1ea5n c\u00f4ng khi ph\u00e1t l\u1ef1c \u1edf c\u1ef1 ly trung v\u00e0 g\u1ea7n b\u00e0n.<\/p>\n<p>&nbsp;<\/p>\n<table border=\"0\" cellspacing=\"1\" cellpadding=\"1\">\n<tbody>\n<tr>\n<td>C\u1ea5u t\u1ea1o<\/td>\n<td>:\u00a05 l\u1edbp g\u1ed7 + 2 l\u1edbp Arylate Carbon<\/td>\n<\/tr>\n<tr>\n<td>L\u1ef1c \u0111\u1ea9y<\/td>\n<td>:\u00a011.4 (t\u1ed1c \u0111\u1ed9)<\/td>\n<\/tr>\n<tr>\n<td>\u0110\u1ed9 rung<\/td>\n<td>:\u00a010.8 (c\u1ea3m gi\u00e1c)<\/td>\n<\/tr>\n<tr>\n<td>\u0110\u1ed9 d\u00e0y<\/td>\n<td>:\u00a0 6.0\u00a0mm<\/td>\n<\/tr>\n<tr>\n<td>B\u1ea3ng v\u1ee3t<\/td>\n<td>:\u00a0157 x 150 mm<\/td>\n<\/tr>\n<tr>\n<td>Tr\u1ecdng l\u01b0\u1ee3ng<\/td>\n<td>:\u00a0\u00b1 86gr<\/td>\n<\/tr>\n<\/tbody>\n<\/table>\n<p><strong>H\u00e0ng ch\u00ednh h\u00e3ng b\u1ea3o h\u00e0nh 1 th\u00e1ng<\/strong><br \/>\n<strong>Theo th\u00f4ng s\u1ed1 chu\u1ea9n c\u1ee7a h\u00e3ng Butterfly<\/strong><\/p>\n","protected":false},"excerpt":{"rendered":"<p>H\u00c0NG CH\u00cdNH H\u00c3NG BUTTERFLY S\u1ea2N XU\u1ea4T T\u1ea0I NH\u1eacT B\u1ea2N &#8211; MADE IN JAPAN\u00a0 D\u00f2ng s\u1ea3n ph\u1ea9m m\u1edbi v\u1edbi t\u00ean g\u1ecdi Freitas \u0111\u01b0\u1ee3c ph\u00e1t tri\u1ec3n d\u1ef1a tr\u00ean s\u1ef1 h\u1ee3p t\u00e1c gi\u1eefa v\u1eadn \u0111\u1ed9ng vi\u00ean \u00a0B\u1ed3 \u0110\u00e0o Nha Marcos Freitas v\u00e0 h\u00e3ng d\u1ee5ng c\u1ee5 b\u00f3ng b\u00e0n Butterfly. V\u1edbi thi\u1ebft k\u1ebf b\u1ec1 m\u1eb7t g\u1ed7 h\u01a1i c\u1ee9ng, k\u1ebft h\u1ee3p [&hellip;]<\/p>\n","protected":false},"featured_media":2815,"comment_status":"open","ping_status":"closed","template":"","meta":{"_eb_attr":""},"product_cat":[76,26],"product_tag":[],"class_list":["post-2813","product","type-product","status-publish","has-post-thumbnail","hentry","product_cat-butterfly-cot-vot","product_cat-cot-vot"],"_links":{"self":[{"href":"https:\/\/www.phivutabletennis.com\/index.php\/wp-json\/wp\/v2\/product\/2813","targetHints":{"allow":["GET"]}}],"collection":[{"href":"https:\/\/www.phivutabletennis.com\/index.php\/wp-json\/wp\/v2\/product"}],"about":[{"href":"https:\/\/www.phivutabletennis.com\/index.php\/wp-json\/wp\/v2\/types\/product"}],"replies":[{"embeddable":true,"href":"https:\/\/www.phivutabletennis.com\/index.php\/wp-json\/wp\/v2\/comments?post=2813"}],"wp:featuredmedia":[{"embeddable":true,"href":"https:\/\/www.phivutabletennis.com\/index.php\/wp-json\/wp\/v2\/media\/2815"}],"wp:attachment":[{"href":"https:\/\/www.phivutabletennis.com\/index.php\/wp-json\/wp\/v2\/media?parent=2813"}],"wp:term":[{"taxonomy":"product_cat","embeddable":true,"href":"https:\/\/www.phivutabletennis.com\/index.php\/wp-json\/wp\/v2\/product_cat?post=2813"},{"taxonomy":"product_tag","embeddable":true,"href":"https:\/\/www.phivutabletennis.com\/index.php\/wp-json\/wp\/v2\/product_tag?post=2813"}],"curies":[{"name":"wp","href":"https:\/\/api.w.org\/{rel}","templated":true}]}}