{"id":2817,"date":"2023-06-29T21:38:43","date_gmt":"2023-06-29T14:38:43","guid":{"rendered":"https:\/\/www.phivutabletennis.com\/?post_type=product&#038;p=2817"},"modified":"2023-06-29T21:38:44","modified_gmt":"2023-06-29T14:38:44","slug":"primorac-carbon","status":"publish","type":"product","link":"https:\/\/www.phivutabletennis.com\/index.php\/product\/primorac-carbon\/","title":{"rendered":"PRIMORAC CARBON"},"content":{"rendered":"<p><strong>H\u00c0NG CH\u00cdNH H\u00c3NG BUTTERFLY S\u1ea2N XU\u1ea4T T\u1ea0I NH\u1eacT B\u1ea2N &#8211; MADE IN JAPAN<\/strong><\/p>\n<p>Hi\u1ec7n V\u1eadn \u0111\u1ed9ng vi\u00ean Zoran Primorac \u0111ang s\u1eed d\u1ee5ng c\u1ed1t v\u1ee3t n\u00e0y.<\/p>\n<p>V\u1edbi t\u00ednh n\u0103ng d\u1ec5 s\u1eed d\u1ee5ng, c\u1ed1t v\u1ee3t Primorac Carbon \u0111\u00e3 ti\u1ebfp th\u00eam s\u1ee9c m\u1ea1nh cho d\u00f2ng Seri Tamca 5000.<\/p>\n<table border=\"0\" cellspacing=\"1\" cellpadding=\"1\">\n<tbody>\n<tr>\n<td>C\u1ea5u t\u1ea1o<\/td>\n<td>:\u00a03\u00a0l\u1edbp g\u1ed7 + 2 l\u1edbp Carbon<\/td>\n<\/tr>\n<tr>\n<td>L\u1ef1c \u0111\u1ea9y<\/td>\n<td>:\u00a012.5\u00a0(t\u1ed1c \u0111\u1ed9)<\/td>\n<\/tr>\n<tr>\n<td>\u0110\u1ed9 rung<\/td>\n<td>:\u00a013.3\u00a0(c\u1ea3m gi\u00e1c)<\/td>\n<\/tr>\n<tr>\n<td>\u0110\u1ed9 d\u00e0y<\/td>\n<td>:\u00a07.0\u00a0mm<\/td>\n<\/tr>\n<tr>\n<td>B\u1ea3ng v\u1ee3t<\/td>\n<td>:\u00a0157 x 150mm<\/td>\n<\/tr>\n<tr>\n<td>Tr\u1ecdng l\u01b0\u1ee3ng<\/td>\n<td>: \u00b1 86gr<\/td>\n<\/tr>\n<\/tbody>\n<\/table>\n<p>&nbsp;<\/p>\n<p><strong>Theo th\u00f4ng s\u1ed1 chu\u1ea9n c\u1ee7a h\u00e3ng Butterfly<\/strong><br \/>\n<strong>H\u00e0ng ch\u00ednh h\u00e3ng b\u1ea3o h\u00e0nh 1 th\u00e1ng<\/strong><\/p>\n","protected":false},"excerpt":{"rendered":"<p>H\u00c0NG CH\u00cdNH H\u00c3NG BUTTERFLY S\u1ea2N XU\u1ea4T T\u1ea0I NH\u1eacT B\u1ea2N &#8211; MADE IN JAPAN Hi\u1ec7n V\u1eadn \u0111\u1ed9ng vi\u00ean Zoran Primorac \u0111ang s\u1eed d\u1ee5ng c\u1ed1t v\u1ee3t n\u00e0y. V\u1edbi t\u00ednh n\u0103ng d\u1ec5 s\u1eed d\u1ee5ng, c\u1ed1t v\u1ee3t Primorac Carbon \u0111\u00e3 ti\u1ebfp th\u00eam s\u1ee9c m\u1ea1nh cho d\u00f2ng Seri Tamca 5000. C\u1ea5u t\u1ea1o :\u00a03\u00a0l\u1edbp g\u1ed7 + 2 l\u1edbp Carbon L\u1ef1c \u0111\u1ea9y [&hellip;]<\/p>\n","protected":false},"featured_media":2819,"comment_status":"open","ping_status":"closed","template":"","meta":{"_eb_attr":""},"product_cat":[76,26],"product_tag":[],"class_list":["post-2817","product","type-product","status-publish","has-post-thumbnail","hentry","product_cat-butterfly-cot-vot","product_cat-cot-vot"],"_links":{"self":[{"href":"https:\/\/www.phivutabletennis.com\/index.php\/wp-json\/wp\/v2\/product\/2817","targetHints":{"allow":["GET"]}}],"collection":[{"href":"https:\/\/www.phivutabletennis.com\/index.php\/wp-json\/wp\/v2\/product"}],"about":[{"href":"https:\/\/www.phivutabletennis.com\/index.php\/wp-json\/wp\/v2\/types\/product"}],"replies":[{"embeddable":true,"href":"https:\/\/www.phivutabletennis.com\/index.php\/wp-json\/wp\/v2\/comments?post=2817"}],"wp:featuredmedia":[{"embeddable":true,"href":"https:\/\/www.phivutabletennis.com\/index.php\/wp-json\/wp\/v2\/media\/2819"}],"wp:attachment":[{"href":"https:\/\/www.phivutabletennis.com\/index.php\/wp-json\/wp\/v2\/media?parent=2817"}],"wp:term":[{"taxonomy":"product_cat","embeddable":true,"href":"https:\/\/www.phivutabletennis.com\/index.php\/wp-json\/wp\/v2\/product_cat?post=2817"},{"taxonomy":"product_tag","embeddable":true,"href":"https:\/\/www.phivutabletennis.com\/index.php\/wp-json\/wp\/v2\/product_tag?post=2817"}],"curies":[{"name":"wp","href":"https:\/\/api.w.org\/{rel}","templated":true}]}}