{"id":2821,"date":"2023-06-29T21:40:38","date_gmt":"2023-06-29T14:40:38","guid":{"rendered":"https:\/\/www.phivutabletennis.com\/?post_type=product&#038;p=2821"},"modified":"2023-06-29T21:40:38","modified_gmt":"2023-06-29T14:40:38","slug":"korbel","status":"publish","type":"product","link":"https:\/\/www.phivutabletennis.com\/index.php\/product\/korbel\/","title":{"rendered":"KORBEL"},"content":{"rendered":"<p><strong>H\u00c0NG CH\u00cdNH H\u00c3NG BUTTERFLY S\u1ea2N XU\u1ea4T T\u1ea0I NH\u1eacT B\u1ea2N &#8211; MADE IN JAPAN<\/strong><\/p>\n<p><b>Korbel\u00a0<\/b>5 l\u1edbp g\u1ed7 thu\u1ea7n, \u0111\u1ed9 \u0111\u00e0n h\u1ed3i cao, c\u1ea3m gi\u00e1c b\u00f3ng t\u1ed1t.<\/p>\n<table border=\"0\" cellspacing=\"1\" cellpadding=\"1\">\n<tbody>\n<tr>\n<td>C\u1ea5u t\u1ea1o<\/td>\n<td>:\u00a05 l\u1edbp g\u1ed7<\/td>\n<\/tr>\n<tr>\n<td>L\u1ef1c \u0111\u1ea9y<\/td>\n<td>:\u00a010.6 (t\u1ed1c \u0111\u1ed9)<\/td>\n<\/tr>\n<tr>\n<td>\u0110\u1ed9 rung<\/td>\n<td>:\u00a08.2 (c\u1ea3m gi\u00e1c)<\/td>\n<\/tr>\n<tr>\n<td>\u0110\u1ed9 d\u00e0y<\/td>\n<td>:\u00a05.9\u00a0mm<\/td>\n<\/tr>\n<tr>\n<td>B\u1ea3ng v\u1ee3t<\/td>\n<td>:\u00a0158x 152mm<\/td>\n<\/tr>\n<tr>\n<td>Tr\u1ecdng l\u01b0\u1ee3ng<\/td>\n<td>:\u00a0\u00a0\u00b1 96gr<\/td>\n<\/tr>\n<\/tbody>\n<\/table>\n<p><strong>Theo th\u00f4ng s\u1ed1 chu\u1ea9n c\u1ee7a h\u00e3ng Butterfly<\/strong><br \/>\n<strong>H\u00e0ng ch\u00ednh h\u00e3ng b\u1ea3o h\u00e0nh 1 th\u00e1ng<\/strong><\/p>\n","protected":false},"excerpt":{"rendered":"<p>H\u00c0NG CH\u00cdNH H\u00c3NG BUTTERFLY S\u1ea2N XU\u1ea4T T\u1ea0I NH\u1eacT B\u1ea2N &#8211; MADE IN JAPAN Korbel\u00a05 l\u1edbp g\u1ed7 thu\u1ea7n, \u0111\u1ed9 \u0111\u00e0n h\u1ed3i cao, c\u1ea3m gi\u00e1c b\u00f3ng t\u1ed1t. C\u1ea5u t\u1ea1o :\u00a05 l\u1edbp g\u1ed7 L\u1ef1c \u0111\u1ea9y :\u00a010.6 (t\u1ed1c \u0111\u1ed9) \u0110\u1ed9 rung :\u00a08.2 (c\u1ea3m gi\u00e1c) \u0110\u1ed9 d\u00e0y :\u00a05.9\u00a0mm B\u1ea3ng v\u1ee3t :\u00a0158x 152mm Tr\u1ecdng l\u01b0\u1ee3ng :\u00a0\u00a0\u00b1 96gr Theo th\u00f4ng s\u1ed1 chu\u1ea9n [&hellip;]<\/p>\n","protected":false},"featured_media":2822,"comment_status":"open","ping_status":"closed","template":"","meta":{"_eb_attr":""},"product_cat":[76,26],"product_tag":[],"class_list":["post-2821","product","type-product","status-publish","has-post-thumbnail","hentry","product_cat-butterfly-cot-vot","product_cat-cot-vot"],"_links":{"self":[{"href":"https:\/\/www.phivutabletennis.com\/index.php\/wp-json\/wp\/v2\/product\/2821","targetHints":{"allow":["GET"]}}],"collection":[{"href":"https:\/\/www.phivutabletennis.com\/index.php\/wp-json\/wp\/v2\/product"}],"about":[{"href":"https:\/\/www.phivutabletennis.com\/index.php\/wp-json\/wp\/v2\/types\/product"}],"replies":[{"embeddable":true,"href":"https:\/\/www.phivutabletennis.com\/index.php\/wp-json\/wp\/v2\/comments?post=2821"}],"wp:featuredmedia":[{"embeddable":true,"href":"https:\/\/www.phivutabletennis.com\/index.php\/wp-json\/wp\/v2\/media\/2822"}],"wp:attachment":[{"href":"https:\/\/www.phivutabletennis.com\/index.php\/wp-json\/wp\/v2\/media?parent=2821"}],"wp:term":[{"taxonomy":"product_cat","embeddable":true,"href":"https:\/\/www.phivutabletennis.com\/index.php\/wp-json\/wp\/v2\/product_cat?post=2821"},{"taxonomy":"product_tag","embeddable":true,"href":"https:\/\/www.phivutabletennis.com\/index.php\/wp-json\/wp\/v2\/product_tag?post=2821"}],"curies":[{"name":"wp","href":"https:\/\/api.w.org\/{rel}","templated":true}]}}