{"id":2835,"date":"2023-06-29T21:53:32","date_gmt":"2023-06-29T14:53:32","guid":{"rendered":"https:\/\/www.phivutabletennis.com\/?post_type=product&#038;p=2835"},"modified":"2023-06-29T21:54:18","modified_gmt":"2023-06-29T14:54:18","slug":"bao-vot-rushle-black","status":"publish","type":"product","link":"https:\/\/www.phivutabletennis.com\/index.php\/product\/bao-vot-rushle-black\/","title":{"rendered":"BAO V\u01a0\u0323T RUSHLE"},"content":{"rendered":"<p>\u2022\u00a0<strong>M\u00e0u s\u1eafc:<\/strong>\u00a0Tr\u0103\u0301ng, Xanh, \u0110en<br \/>\n\u2022\u00a0<strong>K\u00edch th\u01b0\u1edbc:<\/strong>\u00a018\u00d729\u00d76cm<br \/>\n<strong>\u01afu \u0111i\u1ec3m:\u00a0<\/strong><br \/>\nBao v\u1ee3t Butterfly RUSHLE \u0111\u01b0\u1ee3c l\u00e0m t\u1eeb ch\u1ea5t li\u1ec7u polyester 320 denier,\u00a0 b\u1ea3o v\u1ec7 c\u00f4\u0301t v\u1ee3t c\u1ee7a b\u1ea1n kho\u0309i va cha\u0323m.<br \/>\nV\u1edbi thi\u1ebft k\u1ebf c\u1ee9ng c\u00e1p, bao v\u1ee3t c\u00f3 kh\u1ea3 n\u0103ng ch\u1ecbu \u0111\u01b0\u1ee3c nh\u1eefng va ch\u1ea1m v\u00e0 t\u00e1c \u0111\u1ed9ng t\u1eeb b\u00ean ngo\u00e0i, b\u1ea3o v\u1ec7 v\u1ee3t c\u1ee7a b\u1ea1n kh\u00f4ng b\u1ecb tr\u1ea7y x\u01b0\u1edbc ho\u1eb7c h\u01b0 h\u1ecfng trong qu\u00e1 tr\u00ecnh di chuy\u00ea\u0309n v\u00e0 s\u1eed d\u1ee5ng.<br \/>\nThi\u1ebft k\u1ebf c\u1ee7a bao v\u1ee3t khi m\u1edf c\u00f3 h\u00ecnh hai c\u00e1nh b\u01b0\u1edbm bi\u1ec3u t\u01b0\u1ee3ng c\u1ee7a th\u01b0\u01a1ng hi\u1ec7u Butterfly. C\u00f3 th\u1ec3 d\u1ec5 d\u00e0ng \u0111\u1ef1ng hai c\u1ed1t v\u1ee3t v\u00e0 m\u1ed9t s\u1ed1 v\u1eadt d\u1ee5ng nh\u1ecf g\u1ecdn nh\u01b0 mi\u1ebfng lau ch\u00f9i m\u1eb7t v\u1ee3t hay keo free chack S.<br \/>\nN\u1ebfu b\u1ea1n \u0111ang t\u00ecm ki\u1ebfm m\u1ed9t bao v\u1ee3t ch\u1ea5t l\u01b0\u1ee3ng, thi\u1ebft k\u1ebf thon g\u1ecdn \u0111\u1ed3ng th\u1eddi c\u00f3 th\u1ec3 b\u1ea3o v\u1ec7 \u0111\u01b0\u1ee3c 2 c\u00e2y v\u1ee3t c\u00f9ng l\u00fac, th\u00ec bao v\u1ee3t c\u00e1nh b\u01b0\u1edbm Butterfly ch\u1eafc ch\u1eafn l\u00e0 m\u1ed9t l\u1ef1a ch\u1ecdn tuy\u1ec7t v\u1eddi.<br \/>\nV\u1edbi ch\u1ea5t li\u1ec7u b\u1ec1n b\u1ec9, thi\u1ebft k\u1ebf th\u00f4ng minh v\u00e0 t\u00ednh n\u0103ng b\u1ea3o v\u1ec7 t\u00f4\u0301i \u01b0u, s\u1ea3n ph\u1ea9m n\u00e0y s\u1ebd \u0111\u00e1p \u1ee9ng t\u1ed1i \u0111a nhu c\u1ea7u c\u1ee7a b\u1ea1n.<\/p>\n<p><strong>H\u00c0NG CH\u00cdNH H\u00c3NG BUTTERFLY S\u1ea2N XU\u1ea4T T\u1ea0I TRUNG QU\u1ed0C &#8211; MADE IN CHINA<\/strong><\/p>\n","protected":false},"excerpt":{"rendered":"<p>\u2022\u00a0M\u00e0u s\u1eafc:\u00a0Tr\u0103\u0301ng, Xanh, \u0110en \u2022\u00a0K\u00edch th\u01b0\u1edbc:\u00a018\u00d729\u00d76cm \u01afu \u0111i\u1ec3m:\u00a0 Bao v\u1ee3t Butterfly RUSHLE \u0111\u01b0\u1ee3c l\u00e0m t\u1eeb ch\u1ea5t li\u1ec7u polyester 320 denier,\u00a0 b\u1ea3o v\u1ec7 c\u00f4\u0301t v\u1ee3t c\u1ee7a b\u1ea1n kho\u0309i va cha\u0323m. V\u1edbi thi\u1ebft k\u1ebf c\u1ee9ng c\u00e1p, bao v\u1ee3t c\u00f3 kh\u1ea3 n\u0103ng ch\u1ecbu \u0111\u01b0\u1ee3c nh\u1eefng va ch\u1ea1m v\u00e0 t\u00e1c \u0111\u1ed9ng t\u1eeb b\u00ean ngo\u00e0i, b\u1ea3o v\u1ec7 v\u1ee3t c\u1ee7a b\u1ea1n [&hellip;]<\/p>\n","protected":false},"featured_media":2839,"comment_status":"open","ping_status":"closed","template":"","meta":{"_eb_attr":""},"product_cat":[85,138],"product_tag":[],"class_list":["post-2835","product","type-product","status-publish","has-post-thumbnail","hentry","product_cat-balo-bao-vot","product_cat-butterfly-balo-baovot"],"_links":{"self":[{"href":"https:\/\/www.phivutabletennis.com\/index.php\/wp-json\/wp\/v2\/product\/2835","targetHints":{"allow":["GET"]}}],"collection":[{"href":"https:\/\/www.phivutabletennis.com\/index.php\/wp-json\/wp\/v2\/product"}],"about":[{"href":"https:\/\/www.phivutabletennis.com\/index.php\/wp-json\/wp\/v2\/types\/product"}],"replies":[{"embeddable":true,"href":"https:\/\/www.phivutabletennis.com\/index.php\/wp-json\/wp\/v2\/comments?post=2835"}],"wp:featuredmedia":[{"embeddable":true,"href":"https:\/\/www.phivutabletennis.com\/index.php\/wp-json\/wp\/v2\/media\/2839"}],"wp:attachment":[{"href":"https:\/\/www.phivutabletennis.com\/index.php\/wp-json\/wp\/v2\/media?parent=2835"}],"wp:term":[{"taxonomy":"product_cat","embeddable":true,"href":"https:\/\/www.phivutabletennis.com\/index.php\/wp-json\/wp\/v2\/product_cat?post=2835"},{"taxonomy":"product_tag","embeddable":true,"href":"https:\/\/www.phivutabletennis.com\/index.php\/wp-json\/wp\/v2\/product_tag?post=2835"}],"curies":[{"name":"wp","href":"https:\/\/api.w.org\/{rel}","templated":true}]}}