{"id":2847,"date":"2023-06-29T21:57:44","date_gmt":"2023-06-29T14:57:44","guid":{"rendered":"https:\/\/www.phivutabletennis.com\/?post_type=product&#038;p=2847"},"modified":"2023-06-29T21:57:44","modified_gmt":"2023-06-29T14:57:44","slug":"balo-raffines-ruck-silver","status":"publish","type":"product","link":"https:\/\/www.phivutabletennis.com\/index.php\/product\/balo-raffines-ruck-silver\/","title":{"rendered":"BALO RAFFINES RUCK SILVER"},"content":{"rendered":"<p><strong><u>Ch\u1ea5t<\/u>\u00a0<u>li\u1ec7u<\/u>:\u00a0<\/strong>\u00a0Polyester 1680 dener ch\u1eafc ch\u1eafn<br \/>\n<strong><u>M\u00e0u<\/u>\u00a0<u>s\u1eafc<\/u><u>:<\/u>\u00a0<\/strong>N\u1ec1n \u0111en ph\u1ed1i logo V\u00e0ng, ph\u1ed1i B\u1ea1c ho\u1eb7c Xanh<br \/>\n<strong><u>\u01afu<\/u>\u00a0<u>\u0111i\u1ec3m<\/u>:\u00a0<\/strong><br \/>\nThi\u1ebft k\u1ebf bao g\u1ed3m 1 ng\u0103n ch\u00ednh l\u1edbn, k\u00e8m nhi\u1ec1u ng\u0103n ph\u1ee5 th\u00f4ng minh gi\u00fap b\u1ea1n c\u00f3 th\u1ec3 d\u1ec5 d\u00e0ng thao t\u00e1c, l\u01b0u gi\u1eef ph\u1ee5 ki\u1ec7n.<br \/>\n<strong><u>K\u00edch<\/u>\u00a0<u>Th\u01b0\u1edbc<\/u><u>:<\/u><\/strong>\u00a0W30 \u00d7 H49 \u00d7 D18cm (Chi\u1ec1u r\u1ed9ng 30cm kh\u00f4ng bao g\u1ed3m c\u1ea3 hai t\u00fai b\u00ean)<\/p>\n<p><strong><u>M\u00f4<\/u>\u00a0<u>t\u1ea3<\/u>\u00a0<u>s\u1ea3n<\/u><u>\u00a0ph\u1ea9m:<\/u><\/strong><\/p>\n<div>\u2022Quai mang ch\u1eafc ch\u1eafn c\u00f3 m\u00fat \u0111\u1ec7m \u00eam.<\/div>\n<div>\u2022Ng\u0103n ch\u00ednh s\u1ee9c ch\u1ee9c l\u1edbn, thi\u1ebft k\u1ebf c\u00e1c ng\u0103n ch\u1ee9a nh\u1ecf ph\u00e2n chia \u0111\u1ed3 ti\u1ec7n l\u1ee3i.<\/div>\n<div>\u2022Thanh \u0111\u1ec7m \u0111\u01b0\u1ee3c g\u1eafn v\u00e0o m\u1eb7t sau c\u1ee7a ba l\u00f4 gi\u00fap n\u00e2ng \u0111\u1ee1 v\u00f9ng l\u01b0ng mang l\u1ea1i s\u1ef1 tho\u1ea3i m\u00e1i cho ng\u01b0\u1eddi s\u1eed d\u1ee5ng khi ph\u1ea3i mang balo m\u1ed9t th\u1eddi gian d\u00e0i.<\/div>\n<p><strong><u>H\u01b0\u1edbng\u00a0<\/u><u>d\u1eabn<\/u>\u00a0<u>c\u00e1ch<\/u>\u00a0<u>b\u1ea3o<\/u>\u00a0<u>qu\u1ea3n<\/u><u>:<\/u><\/strong><\/p>\n<div>\u2022Gi\u1eb7t tay\u00a0\u1edf nhi\u1ec7t \u0111\u1ed9 th\u01b0\u1eddng v\u1edbi s\u1ea3n ph\u1ea9m c\u00f9ng m\u00e0u.<\/div>\n<div>\u2022Kh\u00f4ng s\u1eed d\u1ee5ng h\u00f3a ch\u1ea5t t\u1ea9y \u0111\u1ec3 gi\u1eb7t.<\/div>\n<div>\u2022Ph\u01a1i trong b\u00f3ng m\u00e1t, s\u1ea5y kh\u00f4 \u1edf nhi\u1ec7t \u0111\u1ed9 th\u1ea5p.<\/div>\n<p><strong>H\u00c0NG CH\u00cdNH H\u00c3NG BUTTERFLY S\u1ea2N XU\u1ea4T T\u1ea0I TRUNG QU\u1ed0C &#8211; MADE IN CHINA<\/strong><\/p>\n","protected":false},"excerpt":{"rendered":"<p>Ch\u1ea5t\u00a0li\u1ec7u:\u00a0\u00a0Polyester 1680 dener ch\u1eafc ch\u1eafn M\u00e0u\u00a0s\u1eafc:\u00a0N\u1ec1n \u0111en ph\u1ed1i logo V\u00e0ng, ph\u1ed1i B\u1ea1c ho\u1eb7c Xanh \u01afu\u00a0\u0111i\u1ec3m:\u00a0 Thi\u1ebft k\u1ebf bao g\u1ed3m 1 ng\u0103n ch\u00ednh l\u1edbn, k\u00e8m nhi\u1ec1u ng\u0103n ph\u1ee5 th\u00f4ng minh gi\u00fap b\u1ea1n c\u00f3 th\u1ec3 d\u1ec5 d\u00e0ng thao t\u00e1c, l\u01b0u gi\u1eef ph\u1ee5 ki\u1ec7n. K\u00edch\u00a0Th\u01b0\u1edbc:\u00a0W30 \u00d7 H49 \u00d7 D18cm (Chi\u1ec1u r\u1ed9ng 30cm kh\u00f4ng bao g\u1ed3m c\u1ea3 hai t\u00fai [&hellip;]<\/p>\n","protected":false},"featured_media":2849,"comment_status":"open","ping_status":"closed","template":"","meta":{"_eb_attr":""},"product_cat":[85,138],"product_tag":[],"class_list":["post-2847","product","type-product","status-publish","has-post-thumbnail","hentry","product_cat-balo-bao-vot","product_cat-butterfly-balo-baovot"],"_links":{"self":[{"href":"https:\/\/www.phivutabletennis.com\/index.php\/wp-json\/wp\/v2\/product\/2847","targetHints":{"allow":["GET"]}}],"collection":[{"href":"https:\/\/www.phivutabletennis.com\/index.php\/wp-json\/wp\/v2\/product"}],"about":[{"href":"https:\/\/www.phivutabletennis.com\/index.php\/wp-json\/wp\/v2\/types\/product"}],"replies":[{"embeddable":true,"href":"https:\/\/www.phivutabletennis.com\/index.php\/wp-json\/wp\/v2\/comments?post=2847"}],"wp:featuredmedia":[{"embeddable":true,"href":"https:\/\/www.phivutabletennis.com\/index.php\/wp-json\/wp\/v2\/media\/2849"}],"wp:attachment":[{"href":"https:\/\/www.phivutabletennis.com\/index.php\/wp-json\/wp\/v2\/media?parent=2847"}],"wp:term":[{"taxonomy":"product_cat","embeddable":true,"href":"https:\/\/www.phivutabletennis.com\/index.php\/wp-json\/wp\/v2\/product_cat?post=2847"},{"taxonomy":"product_tag","embeddable":true,"href":"https:\/\/www.phivutabletennis.com\/index.php\/wp-json\/wp\/v2\/product_tag?post=2847"}],"curies":[{"name":"wp","href":"https:\/\/api.w.org\/{rel}","templated":true}]}}