{"id":2857,"date":"2023-06-29T22:00:42","date_gmt":"2023-06-29T15:00:42","guid":{"rendered":"https:\/\/www.phivutabletennis.com\/?post_type=product&#038;p=2857"},"modified":"2023-06-29T22:00:42","modified_gmt":"2023-06-29T15:00:42","slug":"tui-xach-ket-hop-balo-raffines-duffle-ruck-gold","status":"publish","type":"product","link":"https:\/\/www.phivutabletennis.com\/index.php\/product\/tui-xach-ket-hop-balo-raffines-duffle-ruck-gold\/","title":{"rendered":"T\u00daI X\u00c1CH K\u1ebeT H\u1ee2P BALO RAFFINES DUFFLE RUCK GOLD"},"content":{"rendered":"<p><strong>BALO RAFFINES DUFFLE<\/strong><\/p>\n<p><strong><u>Ch\u1ea5t<\/u>\u00a0<u>li\u1ec7u<\/u>:<\/strong>\u00a0\u00a0Polyester 1680 dener ch\u1eafc ch\u1eafn<br \/>\n<strong><u>M\u00e0u<\/u>\u00a0<u>s\u1eafc<\/u><u>:<\/u><\/strong>\u00a0V\u00e0ng, \u0110en<\/p>\n<p><strong><u>K\u00edch<\/u>\u00a0<u>Th\u01b0\u1edbc<\/u><u>:<\/u><\/strong>\u00a0W56 \u00d7 H26 \u00d7 D27cm (Chi\u1ec1u r\u1ed9ng 56cm bao g\u1ed3m c\u1ea3 hai t\u00fai b\u00ean).<\/p>\n<p>BALO RAFFINES DUFFLE thi\u1ebft k\u1ebf \u0111\u1eb7c bi\u1ec7t d\u1ec5 d\u00e0ng thay \u0111\u1ed5i phong c\u00e1ch, c\u1ef1c k\u1ef3 ti\u1ec7n l\u1ee3i v\u1edbi t\u00ednh n\u0103ng hai trong m\u1ed9t \u0111\u1ed9c \u0111\u00e1o gi\u00fap ng\u01b0\u1eddi s\u1eed d\u1ee5ng c\u00f3 th\u1ec3 ho\u00e1n \u0111\u1ed5i qua l\u1ea1i gi\u1eefa balo v\u00e0 t\u00fai x\u00e1ch.<\/p>\n<p><strong><u>M\u00f4<\/u>\u00a0<u>t\u1ea3<\/u>\u00a0<u>s\u1ea3n<\/u><u>\u00a0ph\u1ea9m:<\/u><\/strong><\/p>\n<div>\u2022B\u00ean ngo\u00e0i c\u00f3 1 d\u00e2y k\u00e9o, b\u00ean trong c\u00f3 4 ki\u1ec3u m\u1edf.<\/div>\n<div>\u2022Quai mang ch\u1eafc ch\u1eafn c\u00f3 m\u00fat \u0111\u1ec7m \u00eam.<\/div>\n<div>\u2022Ng\u0103n ch\u00ednh s\u1ee9c ch\u1ee9c l\u1edbn, thi\u1ebft k\u1ebf c\u00e1c ng\u0103n ch\u1ee9a nh\u1ecf th\u00f4ng minh ph\u00e2n chia \u0111\u1ed3 ti\u1ec7n l\u1ee3i.<\/div>\n<div>\u2022Thanh \u0111\u1ec7m \u0111\u01b0\u1ee3c g\u1eafn v\u00e0o m\u1eb7t tr\u00ean c\u1ee7a t\u00fai x\u00e1ch, khi bi\u1ebfn h\u00f3a th\u00e0nh balo gi\u00fap h\u1ed7 tr\u1ee3 n\u00e2ng \u0111\u1ee1 v\u00f9ng l\u01b0ng mang l\u1ea1i s\u1ef1 tho\u1ea3i m\u00e1i cho ng\u01b0\u1eddi s\u1eed d\u1ee5ng<\/div>\n<p><u>H\u01b0\u1edbng\u00a0<\/u><u>d\u1eabn<\/u>\u00a0<u>c\u00e1ch<\/u>\u00a0<u>b\u1ea3o<\/u>\u00a0<u>qu\u1ea3n<\/u><u>:<\/u><\/p>\n<div>\u2022Gi\u1eb7t tay\u00a0\u1edf nhi\u1ec7t \u0111\u1ed9 th\u01b0\u1eddng v\u1edbi s\u1ea3n ph\u1ea9m c\u00f9ng m\u00e0u.<\/div>\n<div>\u2022Kh\u00f4ng s\u1eed d\u1ee5ng h\u00f3a ch\u1ea5t t\u1ea9y \u0111\u1ec3 gi\u1eb7t.<\/div>\n<div>\u2022Ph\u01a1i trong b\u00f3ng m\u00e1t, s\u1ea5y kh\u00f4 \u1edf nhi\u1ec7t \u0111\u1ed9 th\u1ea5p.<\/div>\n<p><strong>H\u00c0NG CH\u00cdNH H\u00c3NG BUTTERFLY S\u1ea2N XU\u1ea4T T\u1ea0I TRUNG QU\u1ed0C &#8211; MADE IN CHINA<\/strong><\/p>\n","protected":false},"excerpt":{"rendered":"<p>BALO RAFFINES DUFFLE Ch\u1ea5t\u00a0li\u1ec7u:\u00a0\u00a0Polyester 1680 dener ch\u1eafc ch\u1eafn M\u00e0u\u00a0s\u1eafc:\u00a0V\u00e0ng, \u0110en K\u00edch\u00a0Th\u01b0\u1edbc:\u00a0W56 \u00d7 H26 \u00d7 D27cm (Chi\u1ec1u r\u1ed9ng 56cm bao g\u1ed3m c\u1ea3 hai t\u00fai b\u00ean). BALO RAFFINES DUFFLE thi\u1ebft k\u1ebf \u0111\u1eb7c bi\u1ec7t d\u1ec5 d\u00e0ng thay \u0111\u1ed5i phong c\u00e1ch, c\u1ef1c k\u1ef3 ti\u1ec7n l\u1ee3i v\u1edbi t\u00ednh n\u0103ng hai trong m\u1ed9t \u0111\u1ed9c \u0111\u00e1o gi\u00fap ng\u01b0\u1eddi s\u1eed d\u1ee5ng c\u00f3 th\u1ec3 [&hellip;]<\/p>\n","protected":false},"featured_media":2858,"comment_status":"open","ping_status":"closed","template":"","meta":{"_eb_attr":""},"product_cat":[85,138],"product_tag":[],"class_list":["post-2857","product","type-product","status-publish","has-post-thumbnail","hentry","product_cat-balo-bao-vot","product_cat-butterfly-balo-baovot"],"_links":{"self":[{"href":"https:\/\/www.phivutabletennis.com\/index.php\/wp-json\/wp\/v2\/product\/2857","targetHints":{"allow":["GET"]}}],"collection":[{"href":"https:\/\/www.phivutabletennis.com\/index.php\/wp-json\/wp\/v2\/product"}],"about":[{"href":"https:\/\/www.phivutabletennis.com\/index.php\/wp-json\/wp\/v2\/types\/product"}],"replies":[{"embeddable":true,"href":"https:\/\/www.phivutabletennis.com\/index.php\/wp-json\/wp\/v2\/comments?post=2857"}],"wp:featuredmedia":[{"embeddable":true,"href":"https:\/\/www.phivutabletennis.com\/index.php\/wp-json\/wp\/v2\/media\/2858"}],"wp:attachment":[{"href":"https:\/\/www.phivutabletennis.com\/index.php\/wp-json\/wp\/v2\/media?parent=2857"}],"wp:term":[{"taxonomy":"product_cat","embeddable":true,"href":"https:\/\/www.phivutabletennis.com\/index.php\/wp-json\/wp\/v2\/product_cat?post=2857"},{"taxonomy":"product_tag","embeddable":true,"href":"https:\/\/www.phivutabletennis.com\/index.php\/wp-json\/wp\/v2\/product_tag?post=2857"}],"curies":[{"name":"wp","href":"https:\/\/api.w.org\/{rel}","templated":true}]}}