{"id":2859,"date":"2023-06-29T22:02:51","date_gmt":"2023-06-29T15:02:51","guid":{"rendered":"https:\/\/www.phivutabletennis.com\/?post_type=product&#038;p=2859"},"modified":"2023-06-29T22:02:51","modified_gmt":"2023-06-29T15:02:51","slug":"bao-vot-cung-butterfly-marente-hard-full-case-turquoise","status":"publish","type":"product","link":"https:\/\/www.phivutabletennis.com\/index.php\/product\/bao-vot-cung-butterfly-marente-hard-full-case-turquoise\/","title":{"rendered":"BAO V\u1ee2T C\u1ee8NG BUTTERFLY MARENTE HARD FULL CASE TURQUOISE"},"content":{"rendered":"<p><strong>H\u00c0NG CH\u00cdNH H\u00c3NG BUTTERFLY S\u1ea2N XU\u1ea4T T\u1ea0I TRUNG QU\u1ed0C &#8211; MADE IN CHINA<\/strong><\/p>\n<p><strong><u>Ch\u1ea5t<\/u>\u00a0<u>li\u1ec7u<\/u>:\u00a0<\/strong>\u00a0Polyester 320 dener<br \/>\n<strong><u>\u01afu\u00a0<\/u><u>\u0111i\u1ec3m<\/u>:<\/strong> Thi\u1ebft k\u1ebf bao v\u1ee3t c\u1ee9ng b\u1ea3o v\u1ec7 v\u1ee3t kh\u1ecfi nh\u1eefng va ch\u1ea1m t\u00e1c \u0111\u1ed9ng t\u1eeb b\u00ean ngo\u00e0i v\u00e0 gi\u1eef form bao v\u1ee3t m\u1ecdi l\u00fac. Thi\u1ebft k\u1ebf khi m\u1edf ra s\u1ebd c\u00f3 h\u00ecnh c\u00e1nh b\u01b0\u1edbm nh\u01b0 bi\u1ec3u t\u01b0\u1ee3ng th\u01b0\u01a1ng hi\u1ec7u Butterfly s\u1ee9c ch\u1ee9a hai c\u1ed1t v\u1ee3t v\u00e0 1 s\u1ed1 v\u1eadt d\u1ee5ng nh\u1ecf g\u1ecdn nh\u01b0 mi\u1ebfng lau ch\u00f9i m\u1eb7t v\u1ee3t, keo free chack\u2026<\/p>\n<p>3 M\u00c0U : BLUE , NAVY, BLACK<\/p>\n","protected":false},"excerpt":{"rendered":"<p>H\u00c0NG CH\u00cdNH H\u00c3NG BUTTERFLY S\u1ea2N XU\u1ea4T T\u1ea0I TRUNG QU\u1ed0C &#8211; MADE IN CHINA Ch\u1ea5t\u00a0li\u1ec7u:\u00a0\u00a0Polyester 320 dener \u01afu\u00a0\u0111i\u1ec3m: Thi\u1ebft k\u1ebf bao v\u1ee3t c\u1ee9ng b\u1ea3o v\u1ec7 v\u1ee3t kh\u1ecfi nh\u1eefng va ch\u1ea1m t\u00e1c \u0111\u1ed9ng t\u1eeb b\u00ean ngo\u00e0i v\u00e0 gi\u1eef form bao v\u1ee3t m\u1ecdi l\u00fac. Thi\u1ebft k\u1ebf khi m\u1edf ra s\u1ebd c\u00f3 h\u00ecnh c\u00e1nh b\u01b0\u1edbm nh\u01b0 bi\u1ec3u t\u01b0\u1ee3ng th\u01b0\u01a1ng [&hellip;]<\/p>\n","protected":false},"featured_media":2863,"comment_status":"open","ping_status":"closed","template":"","meta":{"_eb_attr":""},"product_cat":[85,138],"product_tag":[],"class_list":["post-2859","product","type-product","status-publish","has-post-thumbnail","hentry","product_cat-balo-bao-vot","product_cat-butterfly-balo-baovot"],"_links":{"self":[{"href":"https:\/\/www.phivutabletennis.com\/index.php\/wp-json\/wp\/v2\/product\/2859","targetHints":{"allow":["GET"]}}],"collection":[{"href":"https:\/\/www.phivutabletennis.com\/index.php\/wp-json\/wp\/v2\/product"}],"about":[{"href":"https:\/\/www.phivutabletennis.com\/index.php\/wp-json\/wp\/v2\/types\/product"}],"replies":[{"embeddable":true,"href":"https:\/\/www.phivutabletennis.com\/index.php\/wp-json\/wp\/v2\/comments?post=2859"}],"wp:featuredmedia":[{"embeddable":true,"href":"https:\/\/www.phivutabletennis.com\/index.php\/wp-json\/wp\/v2\/media\/2863"}],"wp:attachment":[{"href":"https:\/\/www.phivutabletennis.com\/index.php\/wp-json\/wp\/v2\/media?parent=2859"}],"wp:term":[{"taxonomy":"product_cat","embeddable":true,"href":"https:\/\/www.phivutabletennis.com\/index.php\/wp-json\/wp\/v2\/product_cat?post=2859"},{"taxonomy":"product_tag","embeddable":true,"href":"https:\/\/www.phivutabletennis.com\/index.php\/wp-json\/wp\/v2\/product_tag?post=2859"}],"curies":[{"name":"wp","href":"https:\/\/api.w.org\/{rel}","templated":true}]}}