{"id":2868,"date":"2023-06-29T22:05:46","date_gmt":"2023-06-29T15:05:46","guid":{"rendered":"https:\/\/www.phivutabletennis.com\/?post_type=product&#038;p=2868"},"modified":"2023-06-29T22:05:46","modified_gmt":"2023-06-29T15:05:46","slug":"bao-vot-gr-full-case-blue-green","status":"publish","type":"product","link":"https:\/\/www.phivutabletennis.com\/index.php\/product\/bao-vot-gr-full-case-blue-green\/","title":{"rendered":"BAO V\u1ee2T GR FULL CASE BLUE\/GREEN"},"content":{"rendered":"<p><strong><u>Ch\u1ea5t<\/u>\u00a0<u>li\u1ec7u<\/u><\/strong><strong>:\u00a0<\/strong>\u00a0Polyester 320 dener<br \/>\n<strong><u>M\u00e0u<\/u>\u00a0<u>s\u1eafc<\/u><u>:<\/u>\u00a0<\/strong>2 m\u00e0u (N\u1ec1n \u0111en ph\u1ed1i v\u00e0ng, N\u1ec1n \u0111en ph\u1ed1i xanh<\/p>\n<p>Thi\u1ebft k\u1ebf d\u1ef1a theo h\u00ecnh c\u00e2y v\u1ee3t. Ch\u1ea5t li\u1ec7u Polyester 320 s\u1ee3i v\u1ea3i m\u1ec1m v\u00e0 m\u01b0\u1ee3t.<br \/>\nL\u1edbp \u0111\u1ec7m l\u00f3t b\u00ean trong \u00eam v\u00e0 tho\u00e1ng kh\u00ed. L\u1ef1a ch\u1ecdn l\u00fd t\u01b0\u1edfng cho ng\u01b0\u1eddi s\u1eed d\u1ee5ng y\u00eau th\u00edch s\u1ef1 ti\u1ec7n d\u1ee5ng nh\u1ecf g\u1ecdn.<\/p>\n<p>&nbsp;<\/p>\n","protected":false},"excerpt":{"rendered":"<p>Ch\u1ea5t\u00a0li\u1ec7u:\u00a0\u00a0Polyester 320 dener M\u00e0u\u00a0s\u1eafc:\u00a02 m\u00e0u (N\u1ec1n \u0111en ph\u1ed1i v\u00e0ng, N\u1ec1n \u0111en ph\u1ed1i xanh Thi\u1ebft k\u1ebf d\u1ef1a theo h\u00ecnh c\u00e2y v\u1ee3t. Ch\u1ea5t li\u1ec7u Polyester 320 s\u1ee3i v\u1ea3i m\u1ec1m v\u00e0 m\u01b0\u1ee3t. L\u1edbp \u0111\u1ec7m l\u00f3t b\u00ean trong \u00eam v\u00e0 tho\u00e1ng kh\u00ed. L\u1ef1a ch\u1ecdn l\u00fd t\u01b0\u1edfng cho ng\u01b0\u1eddi s\u1eed d\u1ee5ng y\u00eau th\u00edch s\u1ef1 ti\u1ec7n d\u1ee5ng nh\u1ecf g\u1ecdn. &nbsp;<\/p>\n","protected":false},"featured_media":2869,"comment_status":"open","ping_status":"closed","template":"","meta":{"_eb_attr":""},"product_cat":[85,138],"product_tag":[],"class_list":["post-2868","product","type-product","status-publish","has-post-thumbnail","hentry","product_cat-balo-bao-vot","product_cat-butterfly-balo-baovot"],"_links":{"self":[{"href":"https:\/\/www.phivutabletennis.com\/index.php\/wp-json\/wp\/v2\/product\/2868","targetHints":{"allow":["GET"]}}],"collection":[{"href":"https:\/\/www.phivutabletennis.com\/index.php\/wp-json\/wp\/v2\/product"}],"about":[{"href":"https:\/\/www.phivutabletennis.com\/index.php\/wp-json\/wp\/v2\/types\/product"}],"replies":[{"embeddable":true,"href":"https:\/\/www.phivutabletennis.com\/index.php\/wp-json\/wp\/v2\/comments?post=2868"}],"wp:featuredmedia":[{"embeddable":true,"href":"https:\/\/www.phivutabletennis.com\/index.php\/wp-json\/wp\/v2\/media\/2869"}],"wp:attachment":[{"href":"https:\/\/www.phivutabletennis.com\/index.php\/wp-json\/wp\/v2\/media?parent=2868"}],"wp:term":[{"taxonomy":"product_cat","embeddable":true,"href":"https:\/\/www.phivutabletennis.com\/index.php\/wp-json\/wp\/v2\/product_cat?post=2868"},{"taxonomy":"product_tag","embeddable":true,"href":"https:\/\/www.phivutabletennis.com\/index.php\/wp-json\/wp\/v2\/product_tag?post=2868"}],"curies":[{"name":"wp","href":"https:\/\/api.w.org\/{rel}","templated":true}]}}