{"id":2872,"date":"2023-06-29T22:07:56","date_gmt":"2023-06-29T15:07:56","guid":{"rendered":"https:\/\/www.phivutabletennis.com\/?post_type=product&#038;p=2872"},"modified":"2023-06-29T22:07:56","modified_gmt":"2023-06-29T15:07:56","slug":"bao-vot-bd-full-case","status":"publish","type":"product","link":"https:\/\/www.phivutabletennis.com\/index.php\/product\/bao-vot-bd-full-case\/","title":{"rendered":"BAO V\u1ee2T BD FULL CASE"},"content":{"rendered":"<p><strong>H\u00c0NG CH\u00cdNH H\u00c3NG BUTTERFLY S\u1ea2N XU\u1ea4T T\u1ea0I TRUNG QU\u1ed0C &#8211; MADE IN CHINA<\/strong><\/p>\n<p><strong><u>Ch\u1ea5t<\/u>\u00a0<u>li\u1ec7u<\/u>:\u00a0<\/strong>\u00a0Polyester 320 dener<br \/>\nBao v\u1ee3t h\u00ecnh c\u00e2y v\u1ee3t.<br \/>\n<strong><u>\u01afu \u0111i\u1ec3m<\/u><\/strong>:\u00a0M\u00e0u s\u1eafc n\u0103ng \u0111\u1ed9ng, thi\u1ebft k\u1ebf nh\u1ecf g\u1ecdn, \u00f4m theo h\u00ecnh c\u00e2y v\u1ee3t, l\u1edbp \u0111\u1ec7m b\u00ean trong tho\u00e1ng v\u00e0 \u00eam.<br \/>\n<strong><u>M\u00e0u s\u1eafc:<\/u><\/strong>\u00a04 m\u00e0u (Xanh d\u01b0\u01a1ng, V\u00e0ng, H\u1ed3ng, \u0110en).<\/p>\n","protected":false},"excerpt":{"rendered":"<p>H\u00c0NG CH\u00cdNH H\u00c3NG BUTTERFLY S\u1ea2N XU\u1ea4T T\u1ea0I TRUNG QU\u1ed0C &#8211; MADE IN CHINA Ch\u1ea5t\u00a0li\u1ec7u:\u00a0\u00a0Polyester 320 dener Bao v\u1ee3t h\u00ecnh c\u00e2y v\u1ee3t. \u01afu \u0111i\u1ec3m:\u00a0M\u00e0u s\u1eafc n\u0103ng \u0111\u1ed9ng, thi\u1ebft k\u1ebf nh\u1ecf g\u1ecdn, \u00f4m theo h\u00ecnh c\u00e2y v\u1ee3t, l\u1edbp \u0111\u1ec7m b\u00ean trong tho\u00e1ng v\u00e0 \u00eam. M\u00e0u s\u1eafc:\u00a04 m\u00e0u (Xanh d\u01b0\u01a1ng, V\u00e0ng, H\u1ed3ng, \u0110en).<\/p>\n","protected":false},"featured_media":2875,"comment_status":"open","ping_status":"closed","template":"","meta":{"_eb_attr":""},"product_cat":[85,138],"product_tag":[],"class_list":["post-2872","product","type-product","status-publish","has-post-thumbnail","hentry","product_cat-balo-bao-vot","product_cat-butterfly-balo-baovot"],"_links":{"self":[{"href":"https:\/\/www.phivutabletennis.com\/index.php\/wp-json\/wp\/v2\/product\/2872","targetHints":{"allow":["GET"]}}],"collection":[{"href":"https:\/\/www.phivutabletennis.com\/index.php\/wp-json\/wp\/v2\/product"}],"about":[{"href":"https:\/\/www.phivutabletennis.com\/index.php\/wp-json\/wp\/v2\/types\/product"}],"replies":[{"embeddable":true,"href":"https:\/\/www.phivutabletennis.com\/index.php\/wp-json\/wp\/v2\/comments?post=2872"}],"wp:featuredmedia":[{"embeddable":true,"href":"https:\/\/www.phivutabletennis.com\/index.php\/wp-json\/wp\/v2\/media\/2875"}],"wp:attachment":[{"href":"https:\/\/www.phivutabletennis.com\/index.php\/wp-json\/wp\/v2\/media?parent=2872"}],"wp:term":[{"taxonomy":"product_cat","embeddable":true,"href":"https:\/\/www.phivutabletennis.com\/index.php\/wp-json\/wp\/v2\/product_cat?post=2872"},{"taxonomy":"product_tag","embeddable":true,"href":"https:\/\/www.phivutabletennis.com\/index.php\/wp-json\/wp\/v2\/product_tag?post=2872"}],"curies":[{"name":"wp","href":"https:\/\/api.w.org\/{rel}","templated":true}]}}