{"id":2883,"date":"2023-06-29T22:12:42","date_gmt":"2023-06-29T15:12:42","guid":{"rendered":"https:\/\/www.phivutabletennis.com\/?post_type=product&#038;p=2883"},"modified":"2023-06-29T22:12:43","modified_gmt":"2023-06-29T15:12:43","slug":"giay-butterfly-lezoline-vilight-red","status":"publish","type":"product","link":"https:\/\/www.phivutabletennis.com\/index.php\/product\/giay-butterfly-lezoline-vilight-red\/","title":{"rendered":"GI\u00c0Y BUTTERFLY LEZOLINE VILIGHT RED"},"content":{"rendered":"<p>Ch\u1ecdn m\u1ed9t \u0111\u00f4i gi\u00e0y th\u1ec3 thao v\u1eeba v\u1eb7n \u0111\u00fang chu\u1ea9n theo ti\u00eau ch\u00ed m\u00f4n th\u1ec3 thao m\u00ecnh theo \u0111u\u1ed5i, s\u1ebd gi\u00fap t\u0103ng c\u01b0\u1eddng hi\u1ec7u qu\u1ea3 t\u1eadp luy\u1ec7n c\u0169ng nh\u01b0 h\u1ea1n ch\u1ebf t\u1ed1i \u0111a ch\u1ea5n th\u01b0\u01a1ng. Tuy nhi\u00ean,ng\u01b0\u1eddi ch\u01a1i b\u00f3ng b\u00e0n l\u1ea1i \u00edt \u0111\u1ec3 \u00fd \u0111\u1ebfn nh\u1eefng chi ti\u1ebft tuy kh\u00f4ng \u1ea3nh h\u01b0\u1edfng t\u1ee9c th\u1eddi nh\u01b0ng v\u1ec1 l\u00e2u d\u00e0i c\u00f3 th\u1ec3 \u1ea3nh h\u01b0\u1edfng \u0111\u1ebfn vi\u1ec7c v\u1eadn \u0111\u1ed9ng c\u1ee7a ng\u01b0\u1eddi ch\u01a1i.<\/p>\n<p><strong>LEZOLINE VILIGHT<\/strong>\u00a0\u0111\u01b0\u1ee3c thi\u1ebft k\u1ebf theo \u0111u\u1ed5i c\u1ea3m gi\u00e1c t\u1ed1c \u0111\u1ed9, tho\u1ea3i m\u00e1i v\u00e0 ch\u00ednh x\u00e1c. K\u1ebft h\u1ee3p m\u00e0u s\u1eafc t\u1ed5ng th\u1ec3 h\u00e0i h\u00f2a, l\u1edbp v\u1ea3i l\u01b0\u1edbi tr\u00ean \u1ed1p m\u0169i gi\u00e0y gi\u00fap tho\u00e1ng kh\u00ed, tho\u1ea3i m\u00e1i. G\u00f3t gi\u00e0y \u0111\u01b0\u1ee3c gia c\u1ed1 m\u1ed9t l\u1edbp \u0111\u1ec7m m\u1ec1m b\u00ean trong, t\u1ea1o s\u1ef1 \u00eam \u00e1i, n\u00e2ng \u0111\u1ee1, c\u1ed1 \u0111\u1ecbnh v\u00e0 b\u1ea3o v\u1ec7 c\u1ed5 ch\u00e2n ng\u01b0\u1eddi ch\u01a1i.<\/p>\n<p><strong>LEZOLINE VILIGHT<\/strong>\u00a0s\u1eed d\u1ee5ng v\u1eadt li\u1ec7u \u0111\u1eb7c bi\u1ec7t nh\u1ef1a EVA \u0111\u1ec3 s\u1ea3n xu\u1ea5t \u0111\u1ebf gi\u00e0y, v\u1edbi nhi\u1ec7m v\u1ee5 gi\u00fap gi\u1ea3m ma s\u00e1t, gi\u1ea3m\u00a0s\u1ed1c v\u00e0 l\u1ef1c t\u00e1c \u0111\u1ed9ng ng\u01b0\u1ee3c l\u00ean ch\u00e2n, gi\u1eef c\u00e2n b\u1eb1ng khi chuy\u1ec3n h\u01b0\u1edbng, \u0111\u1ed9 b\u00e1m t\u1ed1t h\u01a1n, h\u1ed7 tr\u1ee3 b\u00e0n ch\u00e2n ng\u01b0\u1eddi ch\u01a1i linh ho\u1ea1t v\u00e0 d\u1ec5 d\u00e0ng uy\u1ec3n chuy\u1ec3n theo c\u00e1c b\u01b0\u1edbc di chuy\u1ec3n c\u01b0\u1eddng \u0111\u1ed9 cao.<\/p>\n<table border=\"0\" cellspacing=\"1\" cellpadding=\"1\">\n<tbody>\n<tr>\n<td>M\u00e0u s\u1eafc<\/td>\n<td>: \u0110\u1ecf, Xanh ng\u1ecdc<\/td>\n<\/tr>\n<tr>\n<td>Size<\/td>\n<td>:\u00a022.5\uff5e28cm<\/td>\n<\/tr>\n<tr>\n<td>Th\u00e2n gi\u00e0y<\/td>\n<td>:\u00a0S\u1ee3i t\u1ed5ng h\u1ee3p, nh\u1ef1a t\u1ed5ng h\u1ee3p, da nh\u00e2n t\u1ea1o<\/td>\n<\/tr>\n<tr>\n<td>\u0110\u1ebf gia\u1ef3<\/td>\n<td>:\u00a0Cao su thi\u00ean nhi\u00ean, EVA<\/td>\n<\/tr>\n<\/tbody>\n<\/table>\n<p><strong>H\u00c0NG CH\u00cdNH H\u00c3NG BUTTERFLY S\u1ea2N XU\u1ea4T T\u1ea0I NH\u00c0 M\u00c1Y TRUNG QU\u1ed0C \u2013 MADE IN CHINA<\/strong><\/p>\n<p>\u2605 EVA l\u00e0 v\u1eadt li\u1ec7u d\u00f9ng \u0111\u1ec3 gi\u1ea3m thi\u1ec3u s\u1ef1 ma s\u00e1t, \u0111\u01b0\u1ee3c gia c\u1ed1 l\u00e0m ph\u1ea7n \u0111\u1ebf gi\u1eefa (\u0111\u1ec7m \u0111\u1ebf gi\u00e0y). S\u1ef1 k\u1ebft h\u1ee3p gi\u1eefa EVA v\u00e0 cao su c\u1ee9ng cho ph\u00e9p b\u1ea1n c\u00f3 nh\u1eefng b\u01b0\u1edbc ch\u1ea1y \u00eam \u00e1i do \u0111\u1eb7c t\u00ednh gi\u1ea3m ma s\u00e1t v\u00e0 l\u00e0m t\u0103ng t\u00ednh d\u1ebbo dai, linh ho\u1ea1t khi di chuy\u1ec3n<\/p>\n","protected":false},"excerpt":{"rendered":"<p>Ch\u1ecdn m\u1ed9t \u0111\u00f4i gi\u00e0y th\u1ec3 thao v\u1eeba v\u1eb7n \u0111\u00fang chu\u1ea9n theo ti\u00eau ch\u00ed m\u00f4n th\u1ec3 thao m\u00ecnh theo \u0111u\u1ed5i, s\u1ebd gi\u00fap t\u0103ng c\u01b0\u1eddng hi\u1ec7u qu\u1ea3 t\u1eadp luy\u1ec7n c\u0169ng nh\u01b0 h\u1ea1n ch\u1ebf t\u1ed1i \u0111a ch\u1ea5n th\u01b0\u01a1ng. Tuy nhi\u00ean,ng\u01b0\u1eddi ch\u01a1i b\u00f3ng b\u00e0n l\u1ea1i \u00edt \u0111\u1ec3 \u00fd \u0111\u1ebfn nh\u1eefng chi ti\u1ebft tuy kh\u00f4ng \u1ea3nh h\u01b0\u1edfng t\u1ee9c th\u1eddi nh\u01b0ng [&hellip;]<\/p>\n","protected":false},"featured_media":2882,"comment_status":"open","ping_status":"closed","template":"","meta":{"_eb_attr":""},"product_cat":[61,59],"product_tag":[],"class_list":["post-2883","product","type-product","status-publish","has-post-thumbnail","hentry","product_cat-butterfly-giay","product_cat-giay-vo"],"_links":{"self":[{"href":"https:\/\/www.phivutabletennis.com\/index.php\/wp-json\/wp\/v2\/product\/2883","targetHints":{"allow":["GET"]}}],"collection":[{"href":"https:\/\/www.phivutabletennis.com\/index.php\/wp-json\/wp\/v2\/product"}],"about":[{"href":"https:\/\/www.phivutabletennis.com\/index.php\/wp-json\/wp\/v2\/types\/product"}],"replies":[{"embeddable":true,"href":"https:\/\/www.phivutabletennis.com\/index.php\/wp-json\/wp\/v2\/comments?post=2883"}],"wp:featuredmedia":[{"embeddable":true,"href":"https:\/\/www.phivutabletennis.com\/index.php\/wp-json\/wp\/v2\/media\/2882"}],"wp:attachment":[{"href":"https:\/\/www.phivutabletennis.com\/index.php\/wp-json\/wp\/v2\/media?parent=2883"}],"wp:term":[{"taxonomy":"product_cat","embeddable":true,"href":"https:\/\/www.phivutabletennis.com\/index.php\/wp-json\/wp\/v2\/product_cat?post=2883"},{"taxonomy":"product_tag","embeddable":true,"href":"https:\/\/www.phivutabletennis.com\/index.php\/wp-json\/wp\/v2\/product_tag?post=2883"}],"curies":[{"name":"wp","href":"https:\/\/api.w.org\/{rel}","templated":true}]}}