{"id":2884,"date":"2023-06-29T22:14:33","date_gmt":"2023-06-29T15:14:33","guid":{"rendered":"https:\/\/www.phivutabletennis.com\/?post_type=product&#038;p=2884"},"modified":"2023-06-29T22:14:34","modified_gmt":"2023-06-29T15:14:34","slug":"giay-butterfly-lezoline-reiss-black","status":"publish","type":"product","link":"https:\/\/www.phivutabletennis.com\/index.php\/product\/giay-butterfly-lezoline-reiss-black\/","title":{"rendered":"GI\u00c0Y BUTTERFLY LEZOLINE REISS BLACK"},"content":{"rendered":"<p><strong>LEZOLINE REISS<\/strong>\u00a0cung c\u1ea5p \u0111\u1ed9 b\u00e1m v\u00e0 \u0111\u1ed9 b\u1ec1n c\u1ea7n c\u00f3 c\u1ee7a m\u1ed9t \u0111\u00f4i gi\u00e0y b\u00f3ng b\u00e0n. Thi\u1ebft k\u1ebf \u0111\u1ebf gi\u00e0y t\u1ea1o \u0111\u1ed9 \u1ed5n \u0111\u1ecbnh, tho\u1ea3i m\u00e1i, gi\u00fap c\u1ea3i thi\u1ec7n ph\u1ea3n x\u1ea1 khi di chuy\u1ec3n cho ng\u01b0\u1eddi ch\u01a1i.<br \/>\nGi\u00e1 c\u1ea3 h\u1ee3p l\u00fd v\u1edbi nhi\u1ec1u t\u00ednh n\u0103ng \u01b0u vi\u1ec7t s\u1ebd l\u00e0 l\u1ef1a ch\u1ecdn t\u1ed1t cho b\u1ea1n khi l\u1ea7n \u0111\u1ea7u ch\u1ecdn gi\u00e0y b\u00f3ng b\u00e0n.<\/p>\n<p>Ch\u1ecdn m\u1ed9t \u0111\u00f4i gi\u00e0y th\u1ec3 thao v\u1eeba v\u1eb7n \u0111\u00fang chu\u1ea9n theo ti\u00eau ch\u00ed chuy\u00ean m\u00f4n, s\u1ebd gi\u00fap t\u0103ng c\u01b0\u1eddng hi\u1ec7u qu\u1ea3 t\u1eadp luy\u1ec7n c\u0169ng nh\u01b0 h\u1ea1n ch\u1ebf t\u1ed1i \u0111a ch\u1ea5n th\u01b0\u01a1ng. Tuy nhi\u00ean, ng\u01b0\u1eddi ch\u01a1i b\u00f3ng b\u00e0n l\u1ea1i \u00edt \u0111\u1ec3 \u00fd \u0111\u1ebfn nh\u1eefng chi ti\u1ebft tuy kh\u00f4ng \u1ea3nh h\u01b0\u1edfng t\u1ee9c th\u1eddi nh\u01b0ng v\u1ec1 l\u00e2u d\u00e0i c\u00f3 th\u1ec3 \u1ea3nh h\u01b0\u1edfng \u0111\u1ebfn vi\u1ec7c v\u1eadn \u0111\u1ed9ng c\u1ee7a ng\u01b0\u1eddi ch\u01a1i.<\/p>\n<p><strong>LEZOLINE REISS<\/strong>\u00a0s\u1eed d\u1ee5ng v\u1eadt li\u1ec7u nh\u1ef1a EVA \u0111\u1eb7c bi\u1ec7t \u0111\u1ec3 s\u1ea3n xu\u1ea5t \u0111\u1ebf gi\u00e0y, v\u1edbi nhi\u1ec7m v\u1ee5 gi\u00fap gi\u1ea3m ma s\u00e1t, gi\u1ea3m\u00a0s\u1ed1c v\u00e0 l\u1ef1c t\u00e1c \u0111\u1ed9ng ng\u01b0\u1ee3c l\u00ean ch\u00e2n, gi\u1eef c\u00e2n b\u1eb1ng khi chuy\u1ec3n h\u01b0\u1edbng, \u0111\u1ed9 b\u00e1m t\u1ed1t h\u01a1n, h\u1ed7 tr\u1ee3 b\u00e0n ch\u00e2n ng\u01b0\u1eddi ch\u01a1i linh ho\u1ea1t v\u00e0 d\u1ec5 d\u00e0ng uy\u1ec3n chuy\u1ec3n theo c\u00e1c b\u01b0\u1edbc di chuy\u1ec3n c\u01b0\u1eddng \u0111\u1ed9 cao.<\/p>\n<ul>\n<li>Size\u00a0 \u00a0 \u00a0 \u00a0 \u00a0 \u00a0: 22.5\uff5e28cm<\/li>\n<li>Th\u00e2n gi\u00e0y\u00a0 : S\u1ee3i t\u1ed5ng h\u1ee3p, nh\u1ef1a t\u1ed5ng h\u1ee3p, da nh\u00e2n t\u1ea1o<\/li>\n<\/ul>\n<p><strong>H\u00c0NG CH\u00cdNH H\u00c3NG BUTTERFLY S\u1ea2N XU\u1ea4T T\u1ea0I NH\u00c0 M\u00c1Y TRUNG QU\u1ed0C \u2013 MADE IN CHINA<\/strong><\/p>\n<p>\u2605 EVA l\u00e0 v\u1eadt li\u1ec7u d\u00f9ng \u0111\u1ec3 gi\u1ea3m thi\u1ec3u s\u1ef1 ma s\u00e1t, \u0111\u01b0\u1ee3c gia c\u1ed1 l\u00e0m ph\u1ea7n \u0111\u1ebf gi\u1eefa (\u0111\u1ec7m \u0111\u1ebf gi\u00e0y). S\u1ef1 k\u1ebft h\u1ee3p gi\u1eefa EVA v\u00e0 cao su c\u1ee9ng cho ph\u00e9p b\u1ea1n c\u00f3 nh\u1eefng b\u01b0\u1edbc ch\u1ea1y \u00eam \u00e1i do \u0111\u1eb7c t\u00ednh gi\u1ea3m ma s\u00e1t v\u00e0 l\u00e0m t\u0103ng t\u00ednh d\u1ebbo dai, linh ho\u1ea1t khi di chuy\u1ec3n<\/p>\n<p>M\u00f4n b\u00f3ng b\u00e0n c\u00f3 \u0111\u1eb7c t\u00ednh di chuy\u1ec3n b\u1eb1ng m\u0169i b\u00e0n ch\u00e2n, c\u00f4ng ngh\u1ec7 STB, thanh ch\u1ed1ng l\u1eadt\u00a0gi\u00fap \u1ed5n \u0111\u1ecbnh khi di chuy\u1ec3n, h\u1ea1n ch\u1ebf v\u00e0 ph\u00f2ng ng\u1eeba l\u1eadt s\u01a1 mi.<\/p>\n<p>*** Hi\u1ec7n nay tr\u00ean th\u1ecb tr\u01b0\u1eddng xu\u1ea5t hi\u1ec7n r\u1ea5t nhi\u1ec1u h\u00e0ng nh\u00e1y gi\u00e0y th\u01b0\u01a1ng hi\u1ec7u Butterfly, m\u1eabu m\u00e3 tinh vi nh\u01b0ng ch\u1ea5t l\u01b0\u1ee3ng k\u00e9m, tu\u1ed5i th\u1ecd kh\u00f4ng b\u1ec1n, s\u1eed d\u1ee5ng m\u1ed9t th\u1eddi gian hai b\u00ean h\u00f4ng b\u00e0n ch\u00e2n b\u1ecb chai &#8230; gi\u00e1 th\u00e0nh kho\u1ea3ng 400,000 vn\u0111 \u0111\u1ebfn 500,000 vn\u0111.<br \/>\n<strong>Xin qu\u00fd kh\u00e1ch l\u01b0u \u00fd \u0111\u1ec3 tr\u00e1nh mua nh\u1ea7m h\u00e0ng gi\u1ea3.<\/strong><\/p>\n","protected":false},"excerpt":{"rendered":"<p>LEZOLINE REISS\u00a0cung c\u1ea5p \u0111\u1ed9 b\u00e1m v\u00e0 \u0111\u1ed9 b\u1ec1n c\u1ea7n c\u00f3 c\u1ee7a m\u1ed9t \u0111\u00f4i gi\u00e0y b\u00f3ng b\u00e0n. Thi\u1ebft k\u1ebf \u0111\u1ebf gi\u00e0y t\u1ea1o \u0111\u1ed9 \u1ed5n \u0111\u1ecbnh, tho\u1ea3i m\u00e1i, gi\u00fap c\u1ea3i thi\u1ec7n ph\u1ea3n x\u1ea1 khi di chuy\u1ec3n cho ng\u01b0\u1eddi ch\u01a1i. Gi\u00e1 c\u1ea3 h\u1ee3p l\u00fd v\u1edbi nhi\u1ec1u t\u00ednh n\u0103ng \u01b0u vi\u1ec7t s\u1ebd l\u00e0 l\u1ef1a ch\u1ecdn t\u1ed1t cho b\u1ea1n khi [&hellip;]<\/p>\n","protected":false},"featured_media":2886,"comment_status":"open","ping_status":"closed","template":"","meta":{"_eb_attr":""},"product_cat":[61,59],"product_tag":[],"class_list":["post-2884","product","type-product","status-publish","has-post-thumbnail","hentry","product_cat-butterfly-giay","product_cat-giay-vo"],"_links":{"self":[{"href":"https:\/\/www.phivutabletennis.com\/index.php\/wp-json\/wp\/v2\/product\/2884","targetHints":{"allow":["GET"]}}],"collection":[{"href":"https:\/\/www.phivutabletennis.com\/index.php\/wp-json\/wp\/v2\/product"}],"about":[{"href":"https:\/\/www.phivutabletennis.com\/index.php\/wp-json\/wp\/v2\/types\/product"}],"replies":[{"embeddable":true,"href":"https:\/\/www.phivutabletennis.com\/index.php\/wp-json\/wp\/v2\/comments?post=2884"}],"wp:featuredmedia":[{"embeddable":true,"href":"https:\/\/www.phivutabletennis.com\/index.php\/wp-json\/wp\/v2\/media\/2886"}],"wp:attachment":[{"href":"https:\/\/www.phivutabletennis.com\/index.php\/wp-json\/wp\/v2\/media?parent=2884"}],"wp:term":[{"taxonomy":"product_cat","embeddable":true,"href":"https:\/\/www.phivutabletennis.com\/index.php\/wp-json\/wp\/v2\/product_cat?post=2884"},{"taxonomy":"product_tag","embeddable":true,"href":"https:\/\/www.phivutabletennis.com\/index.php\/wp-json\/wp\/v2\/product_tag?post=2884"}],"curies":[{"name":"wp","href":"https:\/\/api.w.org\/{rel}","templated":true}]}}