{"id":2911,"date":"2023-06-29T22:23:12","date_gmt":"2023-06-29T15:23:12","guid":{"rendered":"https:\/\/www.phivutabletennis.com\/?post_type=product&#038;p=2911"},"modified":"2023-06-29T22:23:12","modified_gmt":"2023-06-29T15:23:12","slug":"vo-butterfly-ankle-mau-hong","status":"publish","type":"product","link":"https:\/\/www.phivutabletennis.com\/index.php\/product\/vo-butterfly-ankle-mau-hong\/","title":{"rendered":"V\u1eda BUTTERFLY ANKLE M\u00c0U H\u1ed2NG"},"content":{"rendered":"<p class=\"p1\"><span style=\"font-family: arial, helvetica, sans-serif;\"><b>V\u1eda BUTTERFLY\u00a0<\/b><\/span><\/p>\n<p class=\"p1\"><b>S\u1ea3n xu\u1ea5t t\u1ea1i Nh\u1eadt b\u1ea3n<\/b><\/p>\n<p><strong><u>Ch\u1ea5t li\u1ec7u:<\/u><\/strong>\u00a0Cotton, Nylon, kh\u00e1c &#8230; \u0111\u01b0\u1ee3c \u0111an v\u00e0o nhau v\u1edbi m\u1eadt \u0111\u1ed9 d\u00e0y.<br \/>\n<strong><u>\u01afu \u0111i\u1ec3m:<\/u><\/strong>\u00a0Kh\u1eed m\u00f9i kh\u00e1ng khu\u1ea9n, ch\u1ed1ng h\u00f4i, \u0111\u1eb7c bi\u1ec7t l\u1edbp s\u1ee3i v\u00f9ng l\u00f2ng b\u00e0n ch\u00e2n \u0111\u01b0\u1ee3c \u0111an d\u00e0y h\u01a1n t\u1ea1o c\u1ea3m gi\u00e1c \u00eam h\u01a1n so v\u1edbi v\u1edb lo\u1ea1i th\u00f4ng th\u01b0\u1eddng, gi\u1ea3m ma s\u00e1t khi di chuy\u1ec3n.<br \/>\n<strong><u>M\u00e0u s\u1eafc:<\/u><\/strong>\u00a03 m\u00e0u (Xanh d\u01b0\u01a1ng, \u0110en, H\u1ed3ng)<\/p>\n<p><strong>H\u00c0NG CH\u00cdNH H\u00c3NG BUTTERFLY S\u1ea2N XU\u1ea4T T\u1ea0I NH\u1eacT B\u1ea2N &#8211; MADE IN JAPAN<\/strong><\/p>\n","protected":false},"excerpt":{"rendered":"<p>V\u1eda BUTTERFLY\u00a0 S\u1ea3n xu\u1ea5t t\u1ea1i Nh\u1eadt b\u1ea3n Ch\u1ea5t li\u1ec7u:\u00a0Cotton, Nylon, kh\u00e1c &#8230; \u0111\u01b0\u1ee3c \u0111an v\u00e0o nhau v\u1edbi m\u1eadt \u0111\u1ed9 d\u00e0y. \u01afu \u0111i\u1ec3m:\u00a0Kh\u1eed m\u00f9i kh\u00e1ng khu\u1ea9n, ch\u1ed1ng h\u00f4i, \u0111\u1eb7c bi\u1ec7t l\u1edbp s\u1ee3i v\u00f9ng l\u00f2ng b\u00e0n ch\u00e2n \u0111\u01b0\u1ee3c \u0111an d\u00e0y h\u01a1n t\u1ea1o c\u1ea3m gi\u00e1c \u00eam h\u01a1n so v\u1edbi v\u1edb lo\u1ea1i th\u00f4ng th\u01b0\u1eddng, gi\u1ea3m ma s\u00e1t khi di [&hellip;]<\/p>\n","protected":false},"featured_media":2903,"comment_status":"open","ping_status":"closed","template":"","meta":{"_eb_attr":""},"product_cat":[61,59],"product_tag":[],"class_list":["post-2911","product","type-product","status-publish","has-post-thumbnail","hentry","product_cat-butterfly-giay","product_cat-giay-vo"],"_links":{"self":[{"href":"https:\/\/www.phivutabletennis.com\/index.php\/wp-json\/wp\/v2\/product\/2911","targetHints":{"allow":["GET"]}}],"collection":[{"href":"https:\/\/www.phivutabletennis.com\/index.php\/wp-json\/wp\/v2\/product"}],"about":[{"href":"https:\/\/www.phivutabletennis.com\/index.php\/wp-json\/wp\/v2\/types\/product"}],"replies":[{"embeddable":true,"href":"https:\/\/www.phivutabletennis.com\/index.php\/wp-json\/wp\/v2\/comments?post=2911"}],"wp:featuredmedia":[{"embeddable":true,"href":"https:\/\/www.phivutabletennis.com\/index.php\/wp-json\/wp\/v2\/media\/2903"}],"wp:attachment":[{"href":"https:\/\/www.phivutabletennis.com\/index.php\/wp-json\/wp\/v2\/media?parent=2911"}],"wp:term":[{"taxonomy":"product_cat","embeddable":true,"href":"https:\/\/www.phivutabletennis.com\/index.php\/wp-json\/wp\/v2\/product_cat?post=2911"},{"taxonomy":"product_tag","embeddable":true,"href":"https:\/\/www.phivutabletennis.com\/index.php\/wp-json\/wp\/v2\/product_tag?post=2911"}],"curies":[{"name":"wp","href":"https:\/\/api.w.org\/{rel}","templated":true}]}}