{"id":2926,"date":"2023-07-04T01:03:07","date_gmt":"2023-07-03T18:03:07","guid":{"rendered":"https:\/\/www.phivutabletennis.com\/?post_type=product&#038;p=2926"},"modified":"2023-07-05T21:10:15","modified_gmt":"2023-07-05T14:10:15","slug":"vien-vot-rb-protect-iii","status":"publish","type":"product","link":"https:\/\/www.phivutabletennis.com\/index.php\/product\/vien-vot-rb-protect-iii\/","title":{"rendered":"VI\u00ca\u0300N V\u01a0\u0323T RB PROTECT III"},"content":{"rendered":"<p>Vi\u1ec1n v\u1ee3t\u00a0ch\u00ednh h\u00e3ng gi\u00fap b\u1ea3o v\u1ec7 c\u1ed1t\u00a0v\u1ee3t kh\u1ecfi va ch\u1ea1m.<\/p>\n<p><u><strong>M\u00e0u s\u1eafc:<\/strong><\/u>\u00a0\u0110\u1ecf \u0111en.<strong>\u200b<\/strong><br \/>\n<strong>Ki\u0301ch th\u01b0\u01a1\u0301c:<\/strong>\u00a06mm,10mm,12mm<\/p>\n<p><strong>H\u00c0NG CH\u00cdNH H\u00c3NG &#8211; GI\u00c1 TR\u1eca \u0110\u00cdCH TH\u1ef0C<\/strong><\/p>\n<p><strong>H\u00c0NG CH\u00cdNH H\u00c3NG BUTTERFLY S\u1ea2N XU\u1ea4T T\u1ea0I NH\u1eacT B\u1ea2N &#8211; MADE IN JAPAN<\/strong><\/p>\n","protected":false},"excerpt":{"rendered":"<p>Vi\u1ec1n v\u1ee3t\u00a0ch\u00ednh h\u00e3ng gi\u00fap b\u1ea3o v\u1ec7 c\u1ed1t\u00a0v\u1ee3t kh\u1ecfi va ch\u1ea1m. M\u00e0u s\u1eafc:\u00a0\u0110\u1ecf \u0111en.\u200b Ki\u0301ch th\u01b0\u01a1\u0301c:\u00a06mm,10mm,12mm H\u00c0NG CH\u00cdNH H\u00c3NG &#8211; GI\u00c1 TR\u1eca \u0110\u00cdCH TH\u1ef0C H\u00c0NG CH\u00cdNH H\u00c3NG BUTTERFLY S\u1ea2N XU\u1ea4T T\u1ea0I NH\u1eacT B\u1ea2N &#8211; MADE IN JAPAN<\/p>\n","protected":false},"featured_media":2927,"comment_status":"open","ping_status":"closed","template":"","meta":{"_eb_attr":""},"product_cat":[144,67],"product_tag":[],"class_list":["post-2926","product","type-product","status-publish","has-post-thumbnail","hentry","product_cat-phu-kien-butterfly","product_cat-phu-kien"],"_links":{"self":[{"href":"https:\/\/www.phivutabletennis.com\/index.php\/wp-json\/wp\/v2\/product\/2926","targetHints":{"allow":["GET"]}}],"collection":[{"href":"https:\/\/www.phivutabletennis.com\/index.php\/wp-json\/wp\/v2\/product"}],"about":[{"href":"https:\/\/www.phivutabletennis.com\/index.php\/wp-json\/wp\/v2\/types\/product"}],"replies":[{"embeddable":true,"href":"https:\/\/www.phivutabletennis.com\/index.php\/wp-json\/wp\/v2\/comments?post=2926"}],"wp:featuredmedia":[{"embeddable":true,"href":"https:\/\/www.phivutabletennis.com\/index.php\/wp-json\/wp\/v2\/media\/2927"}],"wp:attachment":[{"href":"https:\/\/www.phivutabletennis.com\/index.php\/wp-json\/wp\/v2\/media?parent=2926"}],"wp:term":[{"taxonomy":"product_cat","embeddable":true,"href":"https:\/\/www.phivutabletennis.com\/index.php\/wp-json\/wp\/v2\/product_cat?post=2926"},{"taxonomy":"product_tag","embeddable":true,"href":"https:\/\/www.phivutabletennis.com\/index.php\/wp-json\/wp\/v2\/product_tag?post=2926"}],"curies":[{"name":"wp","href":"https:\/\/api.w.org\/{rel}","templated":true}]}}