{"id":2928,"date":"2023-07-04T01:04:20","date_gmt":"2023-07-03T18:04:20","guid":{"rendered":"https:\/\/www.phivutabletennis.com\/?post_type=product&#038;p=2928"},"modified":"2023-07-05T21:10:08","modified_gmt":"2023-07-05T14:10:08","slug":"khan-butterfly-erebas-sport-towel","status":"publish","type":"product","link":"https:\/\/www.phivutabletennis.com\/index.php\/product\/khan-butterfly-erebas-sport-towel\/","title":{"rendered":"KH\u0102N &#8211; BUTTERFLY EREBAS SPORT TOWEL"},"content":{"rendered":"<p>Kh\u0103n ch\u00ednh h\u00e3ng Butterfly h\u00fat m\u1ed3 h\u00f4i nhanh, ch\u1ea5t li\u1ec7u cotton m\u1ecbn v\u00e0\u00a0d\u00e0y.<\/p>\n<table border=\"0\" cellspacing=\"1\" cellpadding=\"1\">\n<tbody>\n<tr>\n<td><strong>Ch\u1ea5t li\u1ec7u<\/strong><\/td>\n<td>:100% Cotton<\/td>\n<\/tr>\n<tr>\n<td><strong>M\u00e0u s\u1eafc<\/strong><\/td>\n<td>: 4 m\u00e0u (H\u1ed3ng, Xanh da tr\u1eddi, Xanh Navy, Xanh ng\u1ecdc)<\/td>\n<\/tr>\n<tr>\n<td><strong>K\u00edch th\u01b0\u1edbc<\/strong><\/td>\n<td>: 35 x 115 cm<\/td>\n<\/tr>\n<\/tbody>\n<\/table>\n<p>S\u1ea3n ph\u1ea9m nh\u1eadp kh\u1ea9u ch\u00ednh h\u00e3ng, c\u00f3 ch\u1ee9ng nh\u1eadn h\u1ee3p chu\u1ea9n, h\u1ee3p quy v\u1ec1 \u0111o l\u01b0\u1eddng ch\u1ea5t l\u01b0\u1ee3ng may m\u1eb7c, \u0111\u01b0\u1ee3c th\u1ec3 hi\u1ec7n b\u1eb1ng tem QR tr\u00ean m\u1ed7i s\u1ea3n ph\u1ea9m v\u00e0 c\u00f4ng b\u1ed1 t\u1ea1i S\u1edf C\u00f4ng Th\u01b0\u01a1ng TP.HCM<\/p>\n<p><strong>H\u00c0NG CH\u00cdNH H\u00c3NG BUTTERFLY S\u1ea2N XU\u1ea4T T\u1ea0I TRUNG QU\u1ed0C &#8211; MADE IN CHINA<\/strong><\/p>\n","protected":false},"excerpt":{"rendered":"<p>Kh\u0103n ch\u00ednh h\u00e3ng Butterfly h\u00fat m\u1ed3 h\u00f4i nhanh, ch\u1ea5t li\u1ec7u cotton m\u1ecbn v\u00e0\u00a0d\u00e0y. Ch\u1ea5t li\u1ec7u :100% Cotton M\u00e0u s\u1eafc : 4 m\u00e0u (H\u1ed3ng, Xanh da tr\u1eddi, Xanh Navy, Xanh ng\u1ecdc) K\u00edch th\u01b0\u1edbc : 35 x 115 cm S\u1ea3n ph\u1ea9m nh\u1eadp kh\u1ea9u ch\u00ednh h\u00e3ng, c\u00f3 ch\u1ee9ng nh\u1eadn h\u1ee3p chu\u1ea9n, h\u1ee3p quy v\u1ec1 \u0111o l\u01b0\u1eddng ch\u1ea5t l\u01b0\u1ee3ng [&hellip;]<\/p>\n","protected":false},"featured_media":2929,"comment_status":"open","ping_status":"closed","template":"","meta":{"_eb_attr":""},"product_cat":[144,67],"product_tag":[],"class_list":["post-2928","product","type-product","status-publish","has-post-thumbnail","hentry","product_cat-phu-kien-butterfly","product_cat-phu-kien"],"_links":{"self":[{"href":"https:\/\/www.phivutabletennis.com\/index.php\/wp-json\/wp\/v2\/product\/2928","targetHints":{"allow":["GET"]}}],"collection":[{"href":"https:\/\/www.phivutabletennis.com\/index.php\/wp-json\/wp\/v2\/product"}],"about":[{"href":"https:\/\/www.phivutabletennis.com\/index.php\/wp-json\/wp\/v2\/types\/product"}],"replies":[{"embeddable":true,"href":"https:\/\/www.phivutabletennis.com\/index.php\/wp-json\/wp\/v2\/comments?post=2928"}],"wp:featuredmedia":[{"embeddable":true,"href":"https:\/\/www.phivutabletennis.com\/index.php\/wp-json\/wp\/v2\/media\/2929"}],"wp:attachment":[{"href":"https:\/\/www.phivutabletennis.com\/index.php\/wp-json\/wp\/v2\/media?parent=2928"}],"wp:term":[{"taxonomy":"product_cat","embeddable":true,"href":"https:\/\/www.phivutabletennis.com\/index.php\/wp-json\/wp\/v2\/product_cat?post=2928"},{"taxonomy":"product_tag","embeddable":true,"href":"https:\/\/www.phivutabletennis.com\/index.php\/wp-json\/wp\/v2\/product_tag?post=2928"}],"curies":[{"name":"wp","href":"https:\/\/api.w.org\/{rel}","templated":true}]}}