{"id":2936,"date":"2023-07-04T01:08:53","date_gmt":"2023-07-03T18:08:53","guid":{"rendered":"https:\/\/www.phivutabletennis.com\/?post_type=product&#038;p=2936"},"modified":"2023-07-05T21:09:43","modified_gmt":"2023-07-05T14:09:43","slug":"bang-dau-butterfly-nl-head-band","status":"publish","type":"product","link":"https:\/\/www.phivutabletennis.com\/index.php\/product\/bang-dau-butterfly-nl-head-band\/","title":{"rendered":"B\u0102NG \u0110\u1ea6U &#8211; BUTTERFLY NL HEAD BAND"},"content":{"rendered":"<p><strong>H\u00c0NG CH\u00cdNH H\u00c3NG S\u1ea2N XU\u1ea4T T\u1ea0I NH\u1eacT B\u1ea2N &#8211; MADE IN JAPAN<\/strong><\/p>\n<p>Thi\u1ebft k\u1ebf \u0111\u01a1n gi\u1ea3n n\u0103ng \u0111\u1ed9ng, ch\u1ea5t li\u1ec7u s\u1ee3i th\u1ea5m h\u00fat m\u1ed3 h\u00f4i nhanh \u00f4m s\u00e1t \u0111\u1ea7u, gi\u00fap th\u1ea5m h\u00fat m\u1ed3 h\u00f4i tr\u00ean tr\u00e1n nhanh ch\u00f3ng trong khi v\u1eadn \u0111\u1ed9ng, ph\u00f9 h\u1ee3p v\u1edbi nhi\u1ec1u m\u00f4n th\u1ec3 thao. \u0110\u1ed9 co gi\u00e3n ph\u00f9 h\u1ee3p cho\u00a0c\u1ea3 nam v\u00e0 n\u1eef<\/p>\n<table border=\"0\" cellspacing=\"1\" cellpadding=\"1\">\n<tbody>\n<tr>\n<td>Ch\u1ea5t li\u1ec7u<\/td>\n<td>:\u00a0Cotton, polyester, acrylic, nylon, polyurethane<\/td>\n<\/tr>\n<tr>\n<td>M\u00e0u s\u1eafc<\/td>\n<td>: 4 m\u00e0u\u00a0(Xanh \u0111en v\u00e0 \u0111en, \u0111\u1ecf, xanh ng\u1ecdc)<\/td>\n<\/tr>\n<tr>\n<td>Chi\u1ec1u r\u1ed9ng:<\/td>\n<td>: 4.5 cm<\/td>\n<\/tr>\n<\/tbody>\n<\/table>\n","protected":false},"excerpt":{"rendered":"<p>H\u00c0NG CH\u00cdNH H\u00c3NG S\u1ea2N XU\u1ea4T T\u1ea0I NH\u1eacT B\u1ea2N &#8211; MADE IN JAPAN Thi\u1ebft k\u1ebf \u0111\u01a1n gi\u1ea3n n\u0103ng \u0111\u1ed9ng, ch\u1ea5t li\u1ec7u s\u1ee3i th\u1ea5m h\u00fat m\u1ed3 h\u00f4i nhanh \u00f4m s\u00e1t \u0111\u1ea7u, gi\u00fap th\u1ea5m h\u00fat m\u1ed3 h\u00f4i tr\u00ean tr\u00e1n nhanh ch\u00f3ng trong khi v\u1eadn \u0111\u1ed9ng, ph\u00f9 h\u1ee3p v\u1edbi nhi\u1ec1u m\u00f4n th\u1ec3 thao. \u0110\u1ed9 co gi\u00e3n ph\u00f9 h\u1ee3p cho\u00a0c\u1ea3 [&hellip;]<\/p>\n","protected":false},"featured_media":2937,"comment_status":"open","ping_status":"closed","template":"","meta":{"_eb_attr":""},"product_cat":[144,67],"product_tag":[],"class_list":["post-2936","product","type-product","status-publish","has-post-thumbnail","hentry","product_cat-phu-kien-butterfly","product_cat-phu-kien"],"_links":{"self":[{"href":"https:\/\/www.phivutabletennis.com\/index.php\/wp-json\/wp\/v2\/product\/2936","targetHints":{"allow":["GET"]}}],"collection":[{"href":"https:\/\/www.phivutabletennis.com\/index.php\/wp-json\/wp\/v2\/product"}],"about":[{"href":"https:\/\/www.phivutabletennis.com\/index.php\/wp-json\/wp\/v2\/types\/product"}],"replies":[{"embeddable":true,"href":"https:\/\/www.phivutabletennis.com\/index.php\/wp-json\/wp\/v2\/comments?post=2936"}],"wp:featuredmedia":[{"embeddable":true,"href":"https:\/\/www.phivutabletennis.com\/index.php\/wp-json\/wp\/v2\/media\/2937"}],"wp:attachment":[{"href":"https:\/\/www.phivutabletennis.com\/index.php\/wp-json\/wp\/v2\/media?parent=2936"}],"wp:term":[{"taxonomy":"product_cat","embeddable":true,"href":"https:\/\/www.phivutabletennis.com\/index.php\/wp-json\/wp\/v2\/product_cat?post=2936"},{"taxonomy":"product_tag","embeddable":true,"href":"https:\/\/www.phivutabletennis.com\/index.php\/wp-json\/wp\/v2\/product_tag?post=2936"}],"curies":[{"name":"wp","href":"https:\/\/api.w.org\/{rel}","templated":true}]}}