{"id":2944,"date":"2023-07-04T01:12:56","date_gmt":"2023-07-03T18:12:56","guid":{"rendered":"https:\/\/www.phivutabletennis.com\/?post_type=product&#038;p=2944"},"modified":"2023-07-05T21:09:15","modified_gmt":"2023-07-05T14:09:15","slug":"day-quan-can-vot-soft-grip-tape","status":"publish","type":"product","link":"https:\/\/www.phivutabletennis.com\/index.php\/product\/day-quan-can-vot-soft-grip-tape\/","title":{"rendered":"D\u00c2Y QU\u1ea4N C\u00c1N V\u1ee2T SOFT GRIP TAPE"},"content":{"rendered":"<p>D\u00e2y qu\u1ea5n c\u00e1n v\u1ee3t c\u00f4ng ngh\u1ec7 m\u1edbi v\u1edbi ch\u1ea5t li\u1ec7u th\u1ea5m h\u00fat nhanh, t\u1ea1o c\u1ea3m gi\u00e1c tho\u1ea3i m\u00e1i, kh\u00f4 tho\u00e1ng v\u00e0 kh\u00f4ng b\u1ecb tr\u01a1n, tr\u01b0\u1ee3t khi c\u1ea7m v\u1ee3t. \u0110\u1eb7c bi\u1ec7t r\u1ea5t th\u00edch h\u1ee3p v\u1edbi nh\u1eefng ng\u01b0\u1eddi th\u01b0\u1eddng xuy\u00ean b\u1ecb ra m\u1ed3 h\u00f4i tay.<\/p>\n<div><strong>M\u00e0u s\u1eafc<\/strong>\u00a0 \u00a0 \u00a0 :\u00a0\u00a0\u00a0\u00a0\u00a0\u0110en<\/div>\n<div><strong>K\u00edch th\u01b0\u1edbc<\/strong>\u00a0: 0.6 mm(\u0111\u1ed9 d\u1ea7y) x 2.5cm (r\u1ed9ng) x 50cm(d\u00e0i)<\/div>\n<div><\/div>\n<div><strong><br \/>\n\u200b<\/strong><strong>H\u00c0NG CH\u00cdNH H\u00c3NG S\u1ea2N XU\u1ea4T T\u1ea0I NH\u1eacT B\u1ea2N &#8211; MADE IN JAPAN<\/strong><\/div>\n","protected":false},"excerpt":{"rendered":"<p>D\u00e2y qu\u1ea5n c\u00e1n v\u1ee3t c\u00f4ng ngh\u1ec7 m\u1edbi v\u1edbi ch\u1ea5t li\u1ec7u th\u1ea5m h\u00fat nhanh, t\u1ea1o c\u1ea3m gi\u00e1c tho\u1ea3i m\u00e1i, kh\u00f4 tho\u00e1ng v\u00e0 kh\u00f4ng b\u1ecb tr\u01a1n, tr\u01b0\u1ee3t khi c\u1ea7m v\u1ee3t. \u0110\u1eb7c bi\u1ec7t r\u1ea5t th\u00edch h\u1ee3p v\u1edbi nh\u1eefng ng\u01b0\u1eddi th\u01b0\u1eddng xuy\u00ean b\u1ecb ra m\u1ed3 h\u00f4i tay. M\u00e0u s\u1eafc\u00a0 \u00a0 \u00a0 :\u00a0\u00a0\u00a0\u00a0\u00a0\u0110en K\u00edch th\u01b0\u1edbc\u00a0: 0.6 mm(\u0111\u1ed9 d\u1ea7y) x 2.5cm [&hellip;]<\/p>\n","protected":false},"featured_media":2945,"comment_status":"open","ping_status":"closed","template":"","meta":{"_eb_attr":""},"product_cat":[144,67],"product_tag":[],"class_list":["post-2944","product","type-product","status-publish","has-post-thumbnail","hentry","product_cat-phu-kien-butterfly","product_cat-phu-kien"],"_links":{"self":[{"href":"https:\/\/www.phivutabletennis.com\/index.php\/wp-json\/wp\/v2\/product\/2944","targetHints":{"allow":["GET"]}}],"collection":[{"href":"https:\/\/www.phivutabletennis.com\/index.php\/wp-json\/wp\/v2\/product"}],"about":[{"href":"https:\/\/www.phivutabletennis.com\/index.php\/wp-json\/wp\/v2\/types\/product"}],"replies":[{"embeddable":true,"href":"https:\/\/www.phivutabletennis.com\/index.php\/wp-json\/wp\/v2\/comments?post=2944"}],"wp:featuredmedia":[{"embeddable":true,"href":"https:\/\/www.phivutabletennis.com\/index.php\/wp-json\/wp\/v2\/media\/2945"}],"wp:attachment":[{"href":"https:\/\/www.phivutabletennis.com\/index.php\/wp-json\/wp\/v2\/media?parent=2944"}],"wp:term":[{"taxonomy":"product_cat","embeddable":true,"href":"https:\/\/www.phivutabletennis.com\/index.php\/wp-json\/wp\/v2\/product_cat?post=2944"},{"taxonomy":"product_tag","embeddable":true,"href":"https:\/\/www.phivutabletennis.com\/index.php\/wp-json\/wp\/v2\/product_tag?post=2944"}],"curies":[{"name":"wp","href":"https:\/\/api.w.org\/{rel}","templated":true}]}}