{"id":2946,"date":"2023-07-04T01:14:41","date_gmt":"2023-07-03T18:14:41","guid":{"rendered":"https:\/\/www.phivutabletennis.com\/?post_type=product&#038;p=2946"},"modified":"2023-07-05T21:09:08","modified_gmt":"2023-07-05T14:09:08","slug":"b-roll-tape-do-12mm","status":"publish","type":"product","link":"https:\/\/www.phivutabletennis.com\/index.php\/product\/b-roll-tape-do-12mm\/","title":{"rendered":"B ROLL TAPE \u0110O\u0309 12mm"},"content":{"rendered":"<p>Vi\u1ec1n cu\u00f4\u0323n\u00a0ch\u00ednh h\u00e3ng Butterfly<br \/>\n\u0110\u1ed9 d\u00e0y: 12mm<br \/>\nChi\u00ea\u0300u Da\u0300i: 50m<\/p>\n","protected":false},"excerpt":{"rendered":"<p>Vi\u1ec1n cu\u00f4\u0323n\u00a0ch\u00ednh h\u00e3ng Butterfly \u0110\u1ed9 d\u00e0y: 12mm Chi\u00ea\u0300u Da\u0300i: 50m<\/p>\n","protected":false},"featured_media":2947,"comment_status":"open","ping_status":"closed","template":"","meta":{"_eb_attr":""},"product_cat":[144,67],"product_tag":[],"class_list":["post-2946","product","type-product","status-publish","has-post-thumbnail","hentry","product_cat-phu-kien-butterfly","product_cat-phu-kien"],"_links":{"self":[{"href":"https:\/\/www.phivutabletennis.com\/index.php\/wp-json\/wp\/v2\/product\/2946","targetHints":{"allow":["GET"]}}],"collection":[{"href":"https:\/\/www.phivutabletennis.com\/index.php\/wp-json\/wp\/v2\/product"}],"about":[{"href":"https:\/\/www.phivutabletennis.com\/index.php\/wp-json\/wp\/v2\/types\/product"}],"replies":[{"embeddable":true,"href":"https:\/\/www.phivutabletennis.com\/index.php\/wp-json\/wp\/v2\/comments?post=2946"}],"wp:featuredmedia":[{"embeddable":true,"href":"https:\/\/www.phivutabletennis.com\/index.php\/wp-json\/wp\/v2\/media\/2947"}],"wp:attachment":[{"href":"https:\/\/www.phivutabletennis.com\/index.php\/wp-json\/wp\/v2\/media?parent=2946"}],"wp:term":[{"taxonomy":"product_cat","embeddable":true,"href":"https:\/\/www.phivutabletennis.com\/index.php\/wp-json\/wp\/v2\/product_cat?post=2946"},{"taxonomy":"product_tag","embeddable":true,"href":"https:\/\/www.phivutabletennis.com\/index.php\/wp-json\/wp\/v2\/product_tag?post=2946"}],"curies":[{"name":"wp","href":"https:\/\/api.w.org\/{rel}","templated":true}]}}