{"id":2955,"date":"2023-07-04T01:18:05","date_gmt":"2023-07-03T18:18:05","guid":{"rendered":"https:\/\/www.phivutabletennis.com\/?post_type=product&#038;p=2955"},"modified":"2023-07-05T21:08:37","modified_gmt":"2023-07-05T14:08:37","slug":"vien-vot-strong-protector-black","status":"publish","type":"product","link":"https:\/\/www.phivutabletennis.com\/index.php\/product\/vien-vot-strong-protector-black\/","title":{"rendered":"VI\u1ec0N V\u1ee2T STRONG PROTECTOR BLACK"},"content":{"rendered":"<p><strong>H\u00c0NG CH\u00cdNH H\u00c3NG BUTTERFLY S\u1ea2N XU\u1ea4T T\u1ea0I NH\u1eacT B\u1ea2N &#8211; MADE IN JAPAN<\/strong><\/p>\n<p>Vi\u1ec1n v\u1ee3t ch\u00ednh h\u00e3ng l\u1edbp \u0111\u1ec7m b\u00ean d\u01b0\u1edbi d\u00e0y h\u01a1n so v\u1edbi lo\u1ea1i th\u00f4ng th\u01b0\u1eddng b\u1ea3o v\u1ec7 t\u1ed1i \u0111a c\u1ea1nh v\u1ee3t khi\u00a0va ch\u1ea1m.<\/p>\n<table border=\"0\" cellspacing=\"1\" cellpadding=\"1\">\n<tbody>\n<tr>\n<td><u><strong>Ch\u1ea5t li\u1ec7u<\/strong><\/u><\/td>\n<td>: Cao su<\/td>\n<\/tr>\n<tr>\n<td><u><strong>M\u00e0u s\u1eafc<\/strong><\/u><\/td>\n<td>: \u0110en<\/td>\n<\/tr>\n<\/tbody>\n<\/table>\n","protected":false},"excerpt":{"rendered":"<p>H\u00c0NG CH\u00cdNH H\u00c3NG BUTTERFLY S\u1ea2N XU\u1ea4T T\u1ea0I NH\u1eacT B\u1ea2N &#8211; MADE IN JAPAN Vi\u1ec1n v\u1ee3t ch\u00ednh h\u00e3ng l\u1edbp \u0111\u1ec7m b\u00ean d\u01b0\u1edbi d\u00e0y h\u01a1n so v\u1edbi lo\u1ea1i th\u00f4ng th\u01b0\u1eddng b\u1ea3o v\u1ec7 t\u1ed1i \u0111a c\u1ea1nh v\u1ee3t khi\u00a0va ch\u1ea1m. Ch\u1ea5t li\u1ec7u : Cao su M\u00e0u s\u1eafc : \u0110en<\/p>\n","protected":false},"featured_media":2956,"comment_status":"open","ping_status":"closed","template":"","meta":{"_eb_attr":""},"product_cat":[144,67],"product_tag":[],"class_list":["post-2955","product","type-product","status-publish","has-post-thumbnail","hentry","product_cat-phu-kien-butterfly","product_cat-phu-kien"],"_links":{"self":[{"href":"https:\/\/www.phivutabletennis.com\/index.php\/wp-json\/wp\/v2\/product\/2955","targetHints":{"allow":["GET"]}}],"collection":[{"href":"https:\/\/www.phivutabletennis.com\/index.php\/wp-json\/wp\/v2\/product"}],"about":[{"href":"https:\/\/www.phivutabletennis.com\/index.php\/wp-json\/wp\/v2\/types\/product"}],"replies":[{"embeddable":true,"href":"https:\/\/www.phivutabletennis.com\/index.php\/wp-json\/wp\/v2\/comments?post=2955"}],"wp:featuredmedia":[{"embeddable":true,"href":"https:\/\/www.phivutabletennis.com\/index.php\/wp-json\/wp\/v2\/media\/2956"}],"wp:attachment":[{"href":"https:\/\/www.phivutabletennis.com\/index.php\/wp-json\/wp\/v2\/media?parent=2955"}],"wp:term":[{"taxonomy":"product_cat","embeddable":true,"href":"https:\/\/www.phivutabletennis.com\/index.php\/wp-json\/wp\/v2\/product_cat?post=2955"},{"taxonomy":"product_tag","embeddable":true,"href":"https:\/\/www.phivutabletennis.com\/index.php\/wp-json\/wp\/v2\/product_tag?post=2955"}],"curies":[{"name":"wp","href":"https:\/\/api.w.org\/{rel}","templated":true}]}}