{"id":2957,"date":"2023-07-04T01:19:26","date_gmt":"2023-07-03T18:19:26","guid":{"rendered":"https:\/\/www.phivutabletennis.com\/?post_type=product&#038;p=2957"},"modified":"2023-07-05T21:08:26","modified_gmt":"2023-07-05T14:08:26","slug":"vien-vot-rb-protector-ii-black-red","status":"publish","type":"product","link":"https:\/\/www.phivutabletennis.com\/index.php\/product\/vien-vot-rb-protector-ii-black-red\/","title":{"rendered":"VI\u1ec0N V\u1ee2T RB PROTECTOR II BLACK RED"},"content":{"rendered":"<p>Vi\u1ec1n v\u1ee3t\u00a0ch\u00ednh h\u00e3ng gi\u00fap b\u1ea3o v\u1ec7 c\u1ed1t\u00a0v\u1ee3t kh\u1ecfi va ch\u1ea1m.<\/p>\n<p><u><strong>M\u00e0u s\u1eafc:<\/strong><\/u>\u00a0\u0110\u1ecf \u0111en.<strong>\u200b<\/strong><\/p>\n<p>&nbsp;<\/p>\n<p><strong>H\u00c0NG CH\u00cdNH H\u00c3NG BUTTERFLY S\u1ea2N XU\u1ea4T T\u1ea0I NH\u1eacT B\u1ea2N &#8211; MADE IN JAPAN<\/strong><\/p>\n","protected":false},"excerpt":{"rendered":"<p>Vi\u1ec1n v\u1ee3t\u00a0ch\u00ednh h\u00e3ng gi\u00fap b\u1ea3o v\u1ec7 c\u1ed1t\u00a0v\u1ee3t kh\u1ecfi va ch\u1ea1m. M\u00e0u s\u1eafc:\u00a0\u0110\u1ecf \u0111en.\u200b &nbsp; H\u00c0NG CH\u00cdNH H\u00c3NG BUTTERFLY S\u1ea2N XU\u1ea4T T\u1ea0I NH\u1eacT B\u1ea2N &#8211; MADE IN JAPAN<\/p>\n","protected":false},"featured_media":2958,"comment_status":"open","ping_status":"closed","template":"","meta":{"_eb_attr":""},"product_cat":[144,67],"product_tag":[],"class_list":["post-2957","product","type-product","status-publish","has-post-thumbnail","hentry","product_cat-phu-kien-butterfly","product_cat-phu-kien"],"_links":{"self":[{"href":"https:\/\/www.phivutabletennis.com\/index.php\/wp-json\/wp\/v2\/product\/2957","targetHints":{"allow":["GET"]}}],"collection":[{"href":"https:\/\/www.phivutabletennis.com\/index.php\/wp-json\/wp\/v2\/product"}],"about":[{"href":"https:\/\/www.phivutabletennis.com\/index.php\/wp-json\/wp\/v2\/types\/product"}],"replies":[{"embeddable":true,"href":"https:\/\/www.phivutabletennis.com\/index.php\/wp-json\/wp\/v2\/comments?post=2957"}],"wp:featuredmedia":[{"embeddable":true,"href":"https:\/\/www.phivutabletennis.com\/index.php\/wp-json\/wp\/v2\/media\/2958"}],"wp:attachment":[{"href":"https:\/\/www.phivutabletennis.com\/index.php\/wp-json\/wp\/v2\/media?parent=2957"}],"wp:term":[{"taxonomy":"product_cat","embeddable":true,"href":"https:\/\/www.phivutabletennis.com\/index.php\/wp-json\/wp\/v2\/product_cat?post=2957"},{"taxonomy":"product_tag","embeddable":true,"href":"https:\/\/www.phivutabletennis.com\/index.php\/wp-json\/wp\/v2\/product_tag?post=2957"}],"curies":[{"name":"wp","href":"https:\/\/api.w.org\/{rel}","templated":true}]}}