{"id":2967,"date":"2023-07-04T01:26:38","date_gmt":"2023-07-03T18:26:38","guid":{"rendered":"https:\/\/www.phivutabletennis.com\/?post_type=product&#038;p=2967"},"modified":"2023-07-05T21:07:51","modified_gmt":"2023-07-05T14:07:51","slug":"film-bao-ve-mat-vot-bty-adsorptive-film-set-1-mat-khong-keo","status":"publish","type":"product","link":"https:\/\/www.phivutabletennis.com\/index.php\/product\/film-bao-ve-mat-vot-bty-adsorptive-film-set-1-mat-khong-keo\/","title":{"rendered":"FILM B\u1ea2O V\u1ec6 M\u1eb6T V\u1ee2T + BTY ADSORPTIVE FILM + SET\/ 1 M\u1eb6T (KH\u00d4NG KEO)"},"content":{"rendered":"<p><strong><u>H\u01af\u1edaNG D\u1eaaN S\u1eec\u00a0<\/u><u>D\u1ee4NG<\/u><\/strong><\/p>\n<p>S\u1ea3n ph\u1ea9m c\u00f3 th\u1ec3 s\u1eed d\u1ee5ng l\u1ea1i nhi\u1ec1u l\u1ea7n<br \/>\nM\u1eb7t c\u00f3 logo Butterfly \u0111\u1ec3 h\u01b0\u1edbng ra b\u00ean ngo\u00e0i.<br \/>\n\u0110\u1ec3 nguy\u00ean m\u1eb7t vu\u00f4ng hay c\u1eaft theo h\u00ecnh c\u00e2y v\u1ee3t khi s\u1eed d\u1ee5ng.<br \/>\nN\u00ean s\u1eed d\u1ee5ng n\u01b0\u1edbc r\u1eeda m\u1eb7t v\u1ee3t SPIN REFESH, CLEAN AWAH GS, CLEAN MIST 2\u2026 tr\u01b0\u1edbc khi d\u00f9ng\u00a0\u0111\u1ec3 c\u00f3 \u0111\u01b0\u1ee3c hi\u1ec7u qu\u1ea3 t\u1ed1i \u0111a.<br \/>\nN\u00ean \u00e1p s\u00e1t mi\u1ebfng b\u1ea3o v\u1ec7 v\u00e0o m\u1eb7t v\u1ee3t v\u00e0 kh\u00f4ng \u0111\u1ec3 kh\u00f4ng kh\u00ed v\u00e0o.<br \/>\nL\u01b0u \u00fd: Khi g\u1ee1 Film b\u1ea3o v\u1ec7, c\u00f3 th\u1ec3 th\u1ea5y v\u1ebft h\u1eb1n tr\u00ean m\u1eb7t v\u1ee3t do kh\u00f4ng \u00e9p h\u1ebft b\u1ecdt kh\u00ed khi d\u00e1n. T\u00ecnh tr\u1ea1ng n\u00e0y s\u1ebd h\u1ebft sau khi s\u1eed d\u1ee5ng v\u00e0 kh\u00f4ng \u1ea3nh h\u01b0\u1edfng \u0111\u1ebfn t\u00ednh n\u0103ng c\u1ee7a m\u1eb7t v\u1ee3t.<br \/>\nH\u1ed7 tr\u1ee3 t\u1ed1t cho m\u1eb7t v\u1ee3t c\u00f3 l\u1edbp keo d\u00ednh tr\u00ean b\u1ec1 m\u1eb7t.<\/p>\n<p><strong><br \/>\n\u200b<\/strong><strong>H\u00c0NG CH\u00cdNH H\u00c3NG S\u1ea2N XU\u1ea4T T\u1ea0I NH\u1eacT B\u1ea2N &#8211; MADE IN JAPAN<\/strong><\/p>\n","protected":false},"excerpt":{"rendered":"<p>H\u01af\u1edaNG D\u1eaaN S\u1eec\u00a0D\u1ee4NG S\u1ea3n ph\u1ea9m c\u00f3 th\u1ec3 s\u1eed d\u1ee5ng l\u1ea1i nhi\u1ec1u l\u1ea7n M\u1eb7t c\u00f3 logo Butterfly \u0111\u1ec3 h\u01b0\u1edbng ra b\u00ean ngo\u00e0i. \u0110\u1ec3 nguy\u00ean m\u1eb7t vu\u00f4ng hay c\u1eaft theo h\u00ecnh c\u00e2y v\u1ee3t khi s\u1eed d\u1ee5ng. N\u00ean s\u1eed d\u1ee5ng n\u01b0\u1edbc r\u1eeda m\u1eb7t v\u1ee3t SPIN REFESH, CLEAN AWAH GS, CLEAN MIST 2\u2026 tr\u01b0\u1edbc khi d\u00f9ng\u00a0\u0111\u1ec3 c\u00f3 \u0111\u01b0\u1ee3c hi\u1ec7u [&hellip;]<\/p>\n","protected":false},"featured_media":2969,"comment_status":"open","ping_status":"closed","template":"","meta":{"_eb_attr":""},"product_cat":[144,67],"product_tag":[],"class_list":["post-2967","product","type-product","status-publish","has-post-thumbnail","hentry","product_cat-phu-kien-butterfly","product_cat-phu-kien"],"_links":{"self":[{"href":"https:\/\/www.phivutabletennis.com\/index.php\/wp-json\/wp\/v2\/product\/2967","targetHints":{"allow":["GET"]}}],"collection":[{"href":"https:\/\/www.phivutabletennis.com\/index.php\/wp-json\/wp\/v2\/product"}],"about":[{"href":"https:\/\/www.phivutabletennis.com\/index.php\/wp-json\/wp\/v2\/types\/product"}],"replies":[{"embeddable":true,"href":"https:\/\/www.phivutabletennis.com\/index.php\/wp-json\/wp\/v2\/comments?post=2967"}],"wp:featuredmedia":[{"embeddable":true,"href":"https:\/\/www.phivutabletennis.com\/index.php\/wp-json\/wp\/v2\/media\/2969"}],"wp:attachment":[{"href":"https:\/\/www.phivutabletennis.com\/index.php\/wp-json\/wp\/v2\/media?parent=2967"}],"wp:term":[{"taxonomy":"product_cat","embeddable":true,"href":"https:\/\/www.phivutabletennis.com\/index.php\/wp-json\/wp\/v2\/product_cat?post=2967"},{"taxonomy":"product_tag","embeddable":true,"href":"https:\/\/www.phivutabletennis.com\/index.php\/wp-json\/wp\/v2\/product_tag?post=2967"}],"curies":[{"name":"wp","href":"https:\/\/api.w.org\/{rel}","templated":true}]}}