{"id":2970,"date":"2023-07-04T01:27:09","date_gmt":"2023-07-03T18:27:09","guid":{"rendered":"https:\/\/www.phivutabletennis.com\/?post_type=product&#038;p=2970"},"modified":"2023-07-05T21:07:42","modified_gmt":"2023-07-05T14:07:42","slug":"film-bao-ve-mat-vot-rubber-film-iii-set-2-mat-khong-keo","status":"publish","type":"product","link":"https:\/\/www.phivutabletennis.com\/index.php\/product\/film-bao-ve-mat-vot-rubber-film-iii-set-2-mat-khong-keo\/","title":{"rendered":"FILM B\u1ea2O V\u1ec6 M\u1eb6T V\u1ee2T + RUBBER FILM III + SET\/ 2 M\u1eb6T (KH\u00d4NG KEO)"},"content":{"rendered":"<p><em><u><strong>H\u01af\u1edaNG D\u1eaaN S\u1eec D\u1ee4NG<\/strong><\/u><\/em><\/p>\n<ul>\n<li>M\u1eb7t c\u00f3 logo Butterfly \u0111\u1ec3 h\u01b0\u1edbng ra b\u00ean ngo\u00e0i,\u00a0ki\u1ec3m tra m\u1eb7t c\u00f3 ch\u1eef Butterfly \u0111\u01b0\u1ee3c in n\u1ed5i v\u00e0 m\u1eb7t kh\u00f4ng c\u00f3 ch\u1eef Butterly \u0111\u1ec3 tr\u00e1nh t\u00ecnh tr\u1ea1ng ch\u1eef d\u00ednh v\u00e0o m\u1eb7t v\u1ee3t v\u00e0 l\u00e0m d\u01a1 m\u1eb7t v\u1ee3<\/li>\n<li>\u0110\u1ec3 nguy\u00ean m\u1eb7t vu\u00f4ng hay c\u1eaft theo h\u00ecnh c\u00e2y v\u1ee3t khi s\u1eed d\u1ee5ng.<\/li>\n<li>N\u00ean s\u1eed d\u1ee5ng n\u01b0\u1edbc r\u1eeda m\u1eb7t v\u1ee3t Clean Awah, Rushawa tr\u01b0\u1edbc khi d\u00f9ng\u00a0\u0111\u1ec3 c\u00f3 \u0111\u01b0\u1ee3c hi\u1ec7u qu\u1ea3 t\u1ed1i \u0111a.<\/li>\n<li>N\u00ean \u00e1p s\u00e1t mi\u1ebfng b\u1ea3o v\u1ec7 v\u00e0o m\u1eb7t v\u1ee3t v\u00e0 kh\u00f4ng \u0111\u1ec3 \u00a0kh\u00f4ng kh\u00ed v\u00e0o.<\/li>\n<li>H\u1ed7 tr\u1ee3 t\u1ed1t cho m\u1eb7t v\u1ee3t c\u00f3 l\u1edbp keo d\u00ednh tr\u00ean b\u1ec1 m\u1eb7t.<\/li>\n<\/ul>\n<p><strong>\u200b<\/strong><strong>H\u00c0NG CH\u00cdNH H\u00c3NG S\u1ea2N XU\u1ea4T T\u1ea0I NH\u1eacT B\u1ea2N &#8211; MADE IN JAPAN<\/strong><\/p>\n","protected":false},"excerpt":{"rendered":"<p>H\u01af\u1edaNG D\u1eaaN S\u1eec D\u1ee4NG M\u1eb7t c\u00f3 logo Butterfly \u0111\u1ec3 h\u01b0\u1edbng ra b\u00ean ngo\u00e0i,\u00a0ki\u1ec3m tra m\u1eb7t c\u00f3 ch\u1eef Butterfly \u0111\u01b0\u1ee3c in n\u1ed5i v\u00e0 m\u1eb7t kh\u00f4ng c\u00f3 ch\u1eef Butterly \u0111\u1ec3 tr\u00e1nh t\u00ecnh tr\u1ea1ng ch\u1eef d\u00ednh v\u00e0o m\u1eb7t v\u1ee3t v\u00e0 l\u00e0m d\u01a1 m\u1eb7t v\u1ee3 \u0110\u1ec3 nguy\u00ean m\u1eb7t vu\u00f4ng hay c\u1eaft theo h\u00ecnh c\u00e2y v\u1ee3t khi s\u1eed d\u1ee5ng. N\u00ean [&hellip;]<\/p>\n","protected":false},"featured_media":2968,"comment_status":"open","ping_status":"closed","template":"","meta":{"_eb_attr":""},"product_cat":[144,67],"product_tag":[],"class_list":["post-2970","product","type-product","status-publish","has-post-thumbnail","hentry","product_cat-phu-kien-butterfly","product_cat-phu-kien"],"_links":{"self":[{"href":"https:\/\/www.phivutabletennis.com\/index.php\/wp-json\/wp\/v2\/product\/2970","targetHints":{"allow":["GET"]}}],"collection":[{"href":"https:\/\/www.phivutabletennis.com\/index.php\/wp-json\/wp\/v2\/product"}],"about":[{"href":"https:\/\/www.phivutabletennis.com\/index.php\/wp-json\/wp\/v2\/types\/product"}],"replies":[{"embeddable":true,"href":"https:\/\/www.phivutabletennis.com\/index.php\/wp-json\/wp\/v2\/comments?post=2970"}],"wp:featuredmedia":[{"embeddable":true,"href":"https:\/\/www.phivutabletennis.com\/index.php\/wp-json\/wp\/v2\/media\/2968"}],"wp:attachment":[{"href":"https:\/\/www.phivutabletennis.com\/index.php\/wp-json\/wp\/v2\/media?parent=2970"}],"wp:term":[{"taxonomy":"product_cat","embeddable":true,"href":"https:\/\/www.phivutabletennis.com\/index.php\/wp-json\/wp\/v2\/product_cat?post=2970"},{"taxonomy":"product_tag","embeddable":true,"href":"https:\/\/www.phivutabletennis.com\/index.php\/wp-json\/wp\/v2\/product_tag?post=2970"}],"curies":[{"name":"wp","href":"https:\/\/api.w.org\/{rel}","templated":true}]}}