{"id":2971,"date":"2023-07-04T01:27:56","date_gmt":"2023-07-03T18:27:56","guid":{"rendered":"https:\/\/www.phivutabletennis.com\/?post_type=product&#038;p=2971"},"modified":"2023-07-05T21:07:35","modified_gmt":"2023-07-05T14:07:35","slug":"film-bao-ve-mat-vot-rubber-protect-film-iii-set-2-mat-co-keo","status":"publish","type":"product","link":"https:\/\/www.phivutabletennis.com\/index.php\/product\/film-bao-ve-mat-vot-rubber-protect-film-iii-set-2-mat-co-keo\/","title":{"rendered":"FILM B\u1ea2O V\u1ec6 M\u1eb6T V\u1ee2T + RUBBER PROTECT FILM III + SET\/ 2 M\u1eb6T (C\u00d3 KEO)"},"content":{"rendered":"<p><b><i><u>H\u01b0\u1edbng d\u1eabn s\u1eed d\u1ee5ng<\/u><\/i><\/b><\/p>\n<ul>\n<li>M\u1eb7t c\u00f3 logo Butterfly \u0111\u1ec3 h\u01b0\u1edbng ra\u00a0ngo\u00e0i.<\/li>\n<li>\u0110\u1ec3 nguy\u00ean m\u1eb7t vu\u00f4ng hay c\u1eaft theo h\u00ecnh c\u00e2y v\u1ee3t khi s\u1eed d\u1ee5ng.<\/li>\n<li>N\u00ean \u00e1p s\u00e1t mi\u1ebfng b\u1ea3o v\u1ec7 v\u00e0o m\u1eb7t v\u1ee3t v\u00e0 kh\u00f4ng \u0111\u1ec3 \u00a0kh\u00f4ng kh\u00ed v\u00e0o.<\/li>\n<\/ul>\n<p><strong>\u200b<\/strong><strong>H\u00c0NG CH\u00cdNH H\u00c3NG S\u1ea2N XU\u1ea4T T\u1ea0I NH\u1eacT B\u1ea2N &#8211; MADE IN JAPAN<\/strong><\/p>\n","protected":false},"excerpt":{"rendered":"<p>H\u01b0\u1edbng d\u1eabn s\u1eed d\u1ee5ng M\u1eb7t c\u00f3 logo Butterfly \u0111\u1ec3 h\u01b0\u1edbng ra\u00a0ngo\u00e0i. \u0110\u1ec3 nguy\u00ean m\u1eb7t vu\u00f4ng hay c\u1eaft theo h\u00ecnh c\u00e2y v\u1ee3t khi s\u1eed d\u1ee5ng. N\u00ean \u00e1p s\u00e1t mi\u1ebfng b\u1ea3o v\u1ec7 v\u00e0o m\u1eb7t v\u1ee3t v\u00e0 kh\u00f4ng \u0111\u1ec3 \u00a0kh\u00f4ng kh\u00ed v\u00e0o. \u200bH\u00c0NG CH\u00cdNH H\u00c3NG S\u1ea2N XU\u1ea4T T\u1ea0I NH\u1eacT B\u1ea2N &#8211; MADE IN JAPAN<\/p>\n","protected":false},"featured_media":2972,"comment_status":"open","ping_status":"closed","template":"","meta":{"_eb_attr":""},"product_cat":[144,67],"product_tag":[],"class_list":["post-2971","product","type-product","status-publish","has-post-thumbnail","hentry","product_cat-phu-kien-butterfly","product_cat-phu-kien"],"_links":{"self":[{"href":"https:\/\/www.phivutabletennis.com\/index.php\/wp-json\/wp\/v2\/product\/2971","targetHints":{"allow":["GET"]}}],"collection":[{"href":"https:\/\/www.phivutabletennis.com\/index.php\/wp-json\/wp\/v2\/product"}],"about":[{"href":"https:\/\/www.phivutabletennis.com\/index.php\/wp-json\/wp\/v2\/types\/product"}],"replies":[{"embeddable":true,"href":"https:\/\/www.phivutabletennis.com\/index.php\/wp-json\/wp\/v2\/comments?post=2971"}],"wp:featuredmedia":[{"embeddable":true,"href":"https:\/\/www.phivutabletennis.com\/index.php\/wp-json\/wp\/v2\/media\/2972"}],"wp:attachment":[{"href":"https:\/\/www.phivutabletennis.com\/index.php\/wp-json\/wp\/v2\/media?parent=2971"}],"wp:term":[{"taxonomy":"product_cat","embeddable":true,"href":"https:\/\/www.phivutabletennis.com\/index.php\/wp-json\/wp\/v2\/product_cat?post=2971"},{"taxonomy":"product_tag","embeddable":true,"href":"https:\/\/www.phivutabletennis.com\/index.php\/wp-json\/wp\/v2\/product_tag?post=2971"}],"curies":[{"name":"wp","href":"https:\/\/api.w.org\/{rel}","templated":true}]}}