{"id":2973,"date":"2023-07-04T01:28:59","date_gmt":"2023-07-03T18:28:59","guid":{"rendered":"https:\/\/www.phivutabletennis.com\/?post_type=product&#038;p=2973"},"modified":"2023-07-05T21:07:28","modified_gmt":"2023-07-05T14:07:28","slug":"keo-hai-mat-dan-vot-chack-sheet","status":"publish","type":"product","link":"https:\/\/www.phivutabletennis.com\/index.php\/product\/keo-hai-mat-dan-vot-chack-sheet\/","title":{"rendered":"KEO HAI M\u1eb6T D\u00c1N V\u1ee2T CHACK SHEET"},"content":{"rendered":"<p>Keo 2 m\u1eb7t chuy\u00ean d\u1ee5ng, keo c\u00f3 \u0111\u1ed9 d\u00ednh cao v\u00e0\u00a0d\u1ec5 s\u1eed d\u1ee5ng, \u0111\u1eb7c bi\u1ec7t r\u1ea5t th\u00edch h\u1ee3p\u00a0cho nh\u1eefng phong v\u1ee3t c\u00f3 \u0111\u1ed9 nh\u1eb5n b\u00f3ng, tr\u01a1n v\u00e0\u00a0kh\u00f3 d\u00e1n, th\u00edch h\u1ee3p cho m\u1eb7t v\u1ee3t gai<\/p>\n<p><strong><br \/>\n\u200b<\/strong><strong>H\u00c0NG CH\u00cdNH H\u00c3NG S\u1ea2N XU\u1ea4T T\u1ea0I NH\u1eacT B\u1ea2N &#8211; MADE IN JAPAN<\/strong><\/p>\n","protected":false},"excerpt":{"rendered":"<p>Keo 2 m\u1eb7t chuy\u00ean d\u1ee5ng, keo c\u00f3 \u0111\u1ed9 d\u00ednh cao v\u00e0\u00a0d\u1ec5 s\u1eed d\u1ee5ng, \u0111\u1eb7c bi\u1ec7t r\u1ea5t th\u00edch h\u1ee3p\u00a0cho nh\u1eefng phong v\u1ee3t c\u00f3 \u0111\u1ed9 nh\u1eb5n b\u00f3ng, tr\u01a1n v\u00e0\u00a0kh\u00f3 d\u00e1n, th\u00edch h\u1ee3p cho m\u1eb7t v\u1ee3t gai \u200bH\u00c0NG CH\u00cdNH H\u00c3NG S\u1ea2N XU\u1ea4T T\u1ea0I NH\u1eacT B\u1ea2N &#8211; MADE IN JAPAN<\/p>\n","protected":false},"featured_media":2974,"comment_status":"open","ping_status":"closed","template":"","meta":{"_eb_attr":""},"product_cat":[144,67],"product_tag":[],"class_list":["post-2973","product","type-product","status-publish","has-post-thumbnail","hentry","product_cat-phu-kien-butterfly","product_cat-phu-kien"],"_links":{"self":[{"href":"https:\/\/www.phivutabletennis.com\/index.php\/wp-json\/wp\/v2\/product\/2973","targetHints":{"allow":["GET"]}}],"collection":[{"href":"https:\/\/www.phivutabletennis.com\/index.php\/wp-json\/wp\/v2\/product"}],"about":[{"href":"https:\/\/www.phivutabletennis.com\/index.php\/wp-json\/wp\/v2\/types\/product"}],"replies":[{"embeddable":true,"href":"https:\/\/www.phivutabletennis.com\/index.php\/wp-json\/wp\/v2\/comments?post=2973"}],"wp:featuredmedia":[{"embeddable":true,"href":"https:\/\/www.phivutabletennis.com\/index.php\/wp-json\/wp\/v2\/media\/2974"}],"wp:attachment":[{"href":"https:\/\/www.phivutabletennis.com\/index.php\/wp-json\/wp\/v2\/media?parent=2973"}],"wp:term":[{"taxonomy":"product_cat","embeddable":true,"href":"https:\/\/www.phivutabletennis.com\/index.php\/wp-json\/wp\/v2\/product_cat?post=2973"},{"taxonomy":"product_tag","embeddable":true,"href":"https:\/\/www.phivutabletennis.com\/index.php\/wp-json\/wp\/v2\/product_tag?post=2973"}],"curies":[{"name":"wp","href":"https:\/\/api.w.org\/{rel}","templated":true}]}}