{"id":2979,"date":"2023-07-04T01:31:15","date_gmt":"2023-07-03T18:31:15","guid":{"rendered":"https:\/\/www.phivutabletennis.com\/?post_type=product&#038;p=2979"},"modified":"2023-07-05T21:07:14","modified_gmt":"2023-07-05T14:07:14","slug":"moc-khoa-harimoto","status":"publish","type":"product","link":"https:\/\/www.phivutabletennis.com\/index.php\/product\/moc-khoa-harimoto\/","title":{"rendered":"M\u00d3C KH\u00d3A HARIMOTO"},"content":{"rendered":"<p>M\u00f3c kh\u00f3a h\u00ecnh Harimoto<\/p>\n<p>C\u00f4ng d\u1ee5ng : M\u00f3c kh\u00f3a treo<\/p>\n<p><strong>H\u00c0NG CH\u00cdNH H\u00c3NG BUTTERFLY S\u1ea2N XU\u1ea4T T\u1ea0I TRUNG QU\u1ed0C &#8211; MADE IN CHINA<\/strong><\/p>\n","protected":false},"excerpt":{"rendered":"<p>M\u00f3c kh\u00f3a h\u00ecnh Harimoto C\u00f4ng d\u1ee5ng : M\u00f3c kh\u00f3a treo H\u00c0NG CH\u00cdNH H\u00c3NG BUTTERFLY S\u1ea2N XU\u1ea4T T\u1ea0I TRUNG QU\u1ed0C &#8211; MADE IN CHINA<\/p>\n","protected":false},"featured_media":2980,"comment_status":"open","ping_status":"closed","template":"","meta":{"_eb_attr":""},"product_cat":[144,67],"product_tag":[],"class_list":["post-2979","product","type-product","status-publish","has-post-thumbnail","hentry","product_cat-phu-kien-butterfly","product_cat-phu-kien"],"_links":{"self":[{"href":"https:\/\/www.phivutabletennis.com\/index.php\/wp-json\/wp\/v2\/product\/2979","targetHints":{"allow":["GET"]}}],"collection":[{"href":"https:\/\/www.phivutabletennis.com\/index.php\/wp-json\/wp\/v2\/product"}],"about":[{"href":"https:\/\/www.phivutabletennis.com\/index.php\/wp-json\/wp\/v2\/types\/product"}],"replies":[{"embeddable":true,"href":"https:\/\/www.phivutabletennis.com\/index.php\/wp-json\/wp\/v2\/comments?post=2979"}],"wp:featuredmedia":[{"embeddable":true,"href":"https:\/\/www.phivutabletennis.com\/index.php\/wp-json\/wp\/v2\/media\/2980"}],"wp:attachment":[{"href":"https:\/\/www.phivutabletennis.com\/index.php\/wp-json\/wp\/v2\/media?parent=2979"}],"wp:term":[{"taxonomy":"product_cat","embeddable":true,"href":"https:\/\/www.phivutabletennis.com\/index.php\/wp-json\/wp\/v2\/product_cat?post=2979"},{"taxonomy":"product_tag","embeddable":true,"href":"https:\/\/www.phivutabletennis.com\/index.php\/wp-json\/wp\/v2\/product_tag?post=2979"}],"curies":[{"name":"wp","href":"https:\/\/api.w.org\/{rel}","templated":true}]}}