{"id":2983,"date":"2023-07-04T01:33:07","date_gmt":"2023-07-03T18:33:07","guid":{"rendered":"https:\/\/www.phivutabletennis.com\/?post_type=product&#038;p=2983"},"modified":"2023-07-05T21:06:58","modified_gmt":"2023-07-05T14:06:58","slug":"moc-khoa-timo-boll","status":"publish","type":"product","link":"https:\/\/www.phivutabletennis.com\/index.php\/product\/moc-khoa-timo-boll\/","title":{"rendered":"M\u00d3C KH\u00d3A TIMO BOLL"},"content":{"rendered":"<div id=\"tab-description\" class=\"tab-content\">\n<p>M\u00f3c kh\u00f3a h\u00ecnh Timo Boll<\/p>\n<p>C\u00f4ng d\u1ee5ng : M\u00f3c kh\u00f3a treo<\/p>\n<p><img decoding=\"async\" src=\"https:\/\/bongban.asia\/image\/data\/Banner\/2018\/D922EDE8-5951-40A7-8D49-B1CFD15B9933.jpg\" alt=\"\" \/><\/p>\n<p>&nbsp;<\/p>\n<p><strong>H\u00c0NG CH\u00cdNH H\u00c3NG BUTTERFLY S\u1ea2N XU\u1ea4T T\u1ea0I TRUNG QU\u1ed0C &#8211; MADE IN CHINA<\/strong><\/p>\n<\/div>\n<div id=\"jssor_1\" data-jssor-slider=\"1\">\n<div>\n<div data-scale-ratio=\"1\">\n<div data-u=\"slides\"><\/div>\n<\/div>\n<\/div>\n<\/div>\n","protected":false},"excerpt":{"rendered":"<p>M\u00f3c kh\u00f3a h\u00ecnh Timo Boll C\u00f4ng d\u1ee5ng : M\u00f3c kh\u00f3a treo &nbsp; H\u00c0NG CH\u00cdNH H\u00c3NG BUTTERFLY S\u1ea2N XU\u1ea4T T\u1ea0I TRUNG QU\u1ed0C &#8211; MADE IN CHINA<\/p>\n","protected":false},"featured_media":2984,"comment_status":"open","ping_status":"closed","template":"","meta":{"_eb_attr":""},"product_cat":[144,67],"product_tag":[],"class_list":["post-2983","product","type-product","status-publish","has-post-thumbnail","hentry","product_cat-phu-kien-butterfly","product_cat-phu-kien"],"_links":{"self":[{"href":"https:\/\/www.phivutabletennis.com\/index.php\/wp-json\/wp\/v2\/product\/2983","targetHints":{"allow":["GET"]}}],"collection":[{"href":"https:\/\/www.phivutabletennis.com\/index.php\/wp-json\/wp\/v2\/product"}],"about":[{"href":"https:\/\/www.phivutabletennis.com\/index.php\/wp-json\/wp\/v2\/types\/product"}],"replies":[{"embeddable":true,"href":"https:\/\/www.phivutabletennis.com\/index.php\/wp-json\/wp\/v2\/comments?post=2983"}],"wp:featuredmedia":[{"embeddable":true,"href":"https:\/\/www.phivutabletennis.com\/index.php\/wp-json\/wp\/v2\/media\/2984"}],"wp:attachment":[{"href":"https:\/\/www.phivutabletennis.com\/index.php\/wp-json\/wp\/v2\/media?parent=2983"}],"wp:term":[{"taxonomy":"product_cat","embeddable":true,"href":"https:\/\/www.phivutabletennis.com\/index.php\/wp-json\/wp\/v2\/product_cat?post=2983"},{"taxonomy":"product_tag","embeddable":true,"href":"https:\/\/www.phivutabletennis.com\/index.php\/wp-json\/wp\/v2\/product_tag?post=2983"}],"curies":[{"name":"wp","href":"https:\/\/api.w.org\/{rel}","templated":true}]}}