{"id":2985,"date":"2023-07-04T01:33:47","date_gmt":"2023-07-03T18:33:47","guid":{"rendered":"https:\/\/www.phivutabletennis.com\/?post_type=product&#038;p=2985"},"modified":"2023-07-05T21:06:49","modified_gmt":"2023-07-05T14:06:49","slug":"moc-khoa-zhang-jike","status":"publish","type":"product","link":"https:\/\/www.phivutabletennis.com\/index.php\/product\/moc-khoa-zhang-jike\/","title":{"rendered":"M\u00d3C KH\u00d3A ZHANG JIKE"},"content":{"rendered":"<p>M\u00f3c kh\u00f3a treo h\u00ecnh Zhang Jike<\/p>\n<p>C\u00f4ng d\u1ee5ng:\u00a0\u00a0treo kh\u00f3a, ph\u1ee5 ki\u00ean trang tr\u00ed.<\/p>\n<p><strong>H\u00c0NG CH\u00cdNH H\u00c3NG BUTTERFLY S\u1ea2N XU\u1ea4T T\u1ea0I TRUNG QU\u1ed0C &#8211; MADE IN CHINA<\/strong><\/p>\n","protected":false},"excerpt":{"rendered":"<p>M\u00f3c kh\u00f3a treo h\u00ecnh Zhang Jike C\u00f4ng d\u1ee5ng:\u00a0\u00a0treo kh\u00f3a, ph\u1ee5 ki\u00ean trang tr\u00ed. H\u00c0NG CH\u00cdNH H\u00c3NG BUTTERFLY S\u1ea2N XU\u1ea4T T\u1ea0I TRUNG QU\u1ed0C &#8211; MADE IN CHINA<\/p>\n","protected":false},"featured_media":2986,"comment_status":"open","ping_status":"closed","template":"","meta":{"_eb_attr":""},"product_cat":[144,67],"product_tag":[],"class_list":["post-2985","product","type-product","status-publish","has-post-thumbnail","hentry","product_cat-phu-kien-butterfly","product_cat-phu-kien"],"_links":{"self":[{"href":"https:\/\/www.phivutabletennis.com\/index.php\/wp-json\/wp\/v2\/product\/2985","targetHints":{"allow":["GET"]}}],"collection":[{"href":"https:\/\/www.phivutabletennis.com\/index.php\/wp-json\/wp\/v2\/product"}],"about":[{"href":"https:\/\/www.phivutabletennis.com\/index.php\/wp-json\/wp\/v2\/types\/product"}],"replies":[{"embeddable":true,"href":"https:\/\/www.phivutabletennis.com\/index.php\/wp-json\/wp\/v2\/comments?post=2985"}],"wp:featuredmedia":[{"embeddable":true,"href":"https:\/\/www.phivutabletennis.com\/index.php\/wp-json\/wp\/v2\/media\/2986"}],"wp:attachment":[{"href":"https:\/\/www.phivutabletennis.com\/index.php\/wp-json\/wp\/v2\/media?parent=2985"}],"wp:term":[{"taxonomy":"product_cat","embeddable":true,"href":"https:\/\/www.phivutabletennis.com\/index.php\/wp-json\/wp\/v2\/product_cat?post=2985"},{"taxonomy":"product_tag","embeddable":true,"href":"https:\/\/www.phivutabletennis.com\/index.php\/wp-json\/wp\/v2\/product_tag?post=2985"}],"curies":[{"name":"wp","href":"https:\/\/api.w.org\/{rel}","templated":true}]}}