{"id":2989,"date":"2023-07-04T01:35:50","date_gmt":"2023-07-03T18:35:50","guid":{"rendered":"https:\/\/www.phivutabletennis.com\/?post_type=product&#038;p=2989"},"modified":"2023-07-05T21:06:33","modified_gmt":"2023-07-05T14:06:33","slug":"phiten-butterfly-x30-vong-co-ho-tro-suc-khoe","status":"publish","type":"product","link":"https:\/\/www.phivutabletennis.com\/index.php\/product\/phiten-butterfly-x30-vong-co-ho-tro-suc-khoe\/","title":{"rendered":"PHITEN &#8211; BUTTERFLY X30 &#8211; V\u00d2NG C\u1ed4 H\u1ed6 TR\u1ee2 S\u1ee8C KH\u1eceE"},"content":{"rendered":"<p><b>V\u00d2NG C\u1ed4 S\u1ee8C KH\u1eceE RAKUWA X30<\/b><\/p>\n<p>S\u1ea3n ph\u1ea9m V\u00f2ng \u0111eo c\u1ed5 RAKUWA\u00a0X30 l\u00e0 s\u1ef1 k\u1ebft h\u1ee3p tuy\u1ec7t v\u1eddi gi\u1eefa C\u00f4ng ty Butterfly v\u00e0 C\u00f4ng ty Phiten \u2013 C\u00f4ng ty uy t\u00edn h\u00e0ng \u0111\u1ea7u Nh\u1eadt b\u1ea3n v\u00e0 tr\u00ean to\u00e0n Th\u1ebf gi\u1edbi v\u1ec1 s\u1ea3n ph\u1ea9m h\u1ed7 tr\u1ee3 s\u1ee9c kh\u1ecfe.<\/p>\n<p>\u0110\u00e2y kh\u00f4ng \u0111\u01a1n thu\u1ea7n ch\u1ec9 l\u00e0 m\u1ed9t lo\u1ea1i s\u1ea3n ph\u1ea9m trang s\u1ee9c m\u00e0 c\u00f2n c\u00f3 t\u00e1c d\u1ee5ng h\u1ed7 tr\u1ee3 v\u1ec1 s\u1ee9c kh\u1ecfe cho ng\u01b0\u1eddi s\u1eed d\u1ee5ng, v\u1edbi nh\u1eefng c\u00f4ng n\u0103ng r\u1ea5t \u0111\u1eb7c bi\u1ec7t.<\/p>\n<p>D\u00f2ng s\u1ea3n ph\u1ea9m gi\u00fap t\u0103ng c\u01b0\u1eddng s\u1ef1 tu\u1ea7n ho\u00e0n m\u00e1u, c\u00e2n b\u1eb1ng huy\u1ebft \u00e1p, th\u01b0 gi\u00e3n v\u00e0 t\u0103ng c\u01b0\u1eddng s\u1ef1 v\u1eadn \u0111\u1ed9ng c\u1ee7a c\u00e1c c\u01a1 b\u1eafp \u00a0v\u1edbi c\u00f4ng ngh\u1ec7 hi\u1ec7n \u0111\u1ea1i \u2013 C\u00f4ng ngh\u1ec7 \u00a0Phiten d\u1ef1a tr\u00ean nh\u1eefng t\u00ednh n\u0103ng \u01b0u vi\u1ec7t c\u1ee7a nguy\u00ean t\u1ed1 h\u00f3a h\u1ecdc Titan.<\/p>\n<p>V\u1edbi c\u00f4ng ngh\u1ec7 Phil, Titan \u0111\u01b0\u1ee3c \u0111\u01b0a v\u00e0o s\u1ea3n ph\u1ea9m nh\u1eb1m gi\u00fap \u0111em l\u1ea1i\u00a0l\u00e0 hi\u1ec7u qu\u1ea3 cao, kh\u00f4ng g\u00e2y d\u1ecb \u1ee9ng v\u00e0 c\u0169ng l\u00e0 m\u1ed9t gi\u1ea3i ph\u00e1p an to\u00e0n cho ng\u01b0\u1eddi s\u1eed d\u1ee5ng. D\u00f2ng \u0111i\u1ec7n trong kim lo\u1ea1i Titan s\u1ebd t\u00e1c d\u1ee5ng l\u00ean d\u00f2ng \u0111i\u1ec7n sinh h\u1ecdc trong c\u01a1 th\u1ec3 gi\u00fap c\u00e2n b\u1eb1ng \u0111i\u1ec7n t\u00edch,\u00a0k\u00edch th\u00edch qu\u00e1 tr\u00ecnh tu\u1ea7n ho\u00e0n m\u00e1u, l\u00e0m tho\u1ea3i m\u00e1i c\u00e1c d\u00e2y th\u1ea7n kinh,\u00a0c\u1ea3i thi\u1ec7n\u00a0ch\u1ea5t l\u01b0\u1ee3ng c\u1ee7a gi\u1ea5c ng\u1ee7,\u00a0n\u00e2ng cao kh\u1ea3 n\u0103ng v\u1eadn \u0111\u1ed9ng \u0111\u1ed1i v\u1edbi nh\u1eefng ng\u01b0\u1eddi ch\u01a1i th\u1ec3 thao.<\/p>\n","protected":false},"excerpt":{"rendered":"<p>V\u00d2NG C\u1ed4 S\u1ee8C KH\u1eceE RAKUWA X30 S\u1ea3n ph\u1ea9m V\u00f2ng \u0111eo c\u1ed5 RAKUWA\u00a0X30 l\u00e0 s\u1ef1 k\u1ebft h\u1ee3p tuy\u1ec7t v\u1eddi gi\u1eefa C\u00f4ng ty Butterfly v\u00e0 C\u00f4ng ty Phiten \u2013 C\u00f4ng ty uy t\u00edn h\u00e0ng \u0111\u1ea7u Nh\u1eadt b\u1ea3n v\u00e0 tr\u00ean to\u00e0n Th\u1ebf gi\u1edbi v\u1ec1 s\u1ea3n ph\u1ea9m h\u1ed7 tr\u1ee3 s\u1ee9c kh\u1ecfe. \u0110\u00e2y kh\u00f4ng \u0111\u01a1n thu\u1ea7n ch\u1ec9 l\u00e0 m\u1ed9t lo\u1ea1i [&hellip;]<\/p>\n","protected":false},"featured_media":2990,"comment_status":"open","ping_status":"closed","template":"","meta":{"_eb_attr":""},"product_cat":[144,67],"product_tag":[],"class_list":["post-2989","product","type-product","status-publish","has-post-thumbnail","hentry","product_cat-phu-kien-butterfly","product_cat-phu-kien"],"_links":{"self":[{"href":"https:\/\/www.phivutabletennis.com\/index.php\/wp-json\/wp\/v2\/product\/2989","targetHints":{"allow":["GET"]}}],"collection":[{"href":"https:\/\/www.phivutabletennis.com\/index.php\/wp-json\/wp\/v2\/product"}],"about":[{"href":"https:\/\/www.phivutabletennis.com\/index.php\/wp-json\/wp\/v2\/types\/product"}],"replies":[{"embeddable":true,"href":"https:\/\/www.phivutabletennis.com\/index.php\/wp-json\/wp\/v2\/comments?post=2989"}],"wp:featuredmedia":[{"embeddable":true,"href":"https:\/\/www.phivutabletennis.com\/index.php\/wp-json\/wp\/v2\/media\/2990"}],"wp:attachment":[{"href":"https:\/\/www.phivutabletennis.com\/index.php\/wp-json\/wp\/v2\/media?parent=2989"}],"wp:term":[{"taxonomy":"product_cat","embeddable":true,"href":"https:\/\/www.phivutabletennis.com\/index.php\/wp-json\/wp\/v2\/product_cat?post=2989"},{"taxonomy":"product_tag","embeddable":true,"href":"https:\/\/www.phivutabletennis.com\/index.php\/wp-json\/wp\/v2\/product_tag?post=2989"}],"curies":[{"name":"wp","href":"https:\/\/api.w.org\/{rel}","templated":true}]}}