{"id":2996,"date":"2023-07-04T01:40:04","date_gmt":"2023-07-03T18:40:04","guid":{"rendered":"https:\/\/www.phivutabletennis.com\/?post_type=product&#038;p=2996"},"modified":"2023-07-04T01:40:04","modified_gmt":"2023-07-03T18:40:04","slug":"ao-butterfly-chinh-hang-elistar9-shirt","status":"publish","type":"product","link":"https:\/\/www.phivutabletennis.com\/index.php\/product\/ao-butterfly-chinh-hang-elistar9-shirt\/","title":{"rendered":"\u00c1O BUTTERFLY CH\u00cdNH H\u00c3NG ELISTAR9 SHIRT"},"content":{"rendered":"<p><strong>H\u00c0NG CH\u00cdNH H\u00c3NG BUTTERFLY S\u1ea2N XU\u1ea4T T\u1ea0I NH\u1eacT B\u1ea2N\u00a0&#8211; MADE IN JAPAN<\/strong><br \/>\n<strong>Ch\u1ea5t li\u1ec7u:<\/strong>\u00a0100% Polyester, c\u00f4ng ngh\u1ec7 Viscotecs<br \/>\nPolyester l\u00e0 ch\u1ea5t li\u1ec7u \u0111\u01b0\u1ee3c nhi\u1ec1u th\u01b0\u01a1ng hi\u1ec7u th\u1eddi trang th\u1ec3 thao \u01b0u \u00e1i s\u1eed d\u1ee5ng. V\u1edbi \u0111\u1eb7c t\u00ednh \u0111\u1ed9 b\u1ec1n cao, \u00edt b\u1ecb nh\u00e0u, k\u1ebft h\u1ee3p c\u00f9ng nhi\u1ec1u c\u00f4ng ngh\u1ec7 kh\u00e1c \u0111\u1ec3 ph\u00e1t tri\u1ec3n kh\u1ea3 n\u0103ng h\u00fat tho\u00e1t m\u1ed3 h\u00f4i nhanh cho s\u1ea3n ph\u1ea9m.<br \/>\nThi\u1ebft k\u1ebf tinh t\u1ebf v\u1edbi m\u00e0u s\u1eafc s\u1ed1ng \u0111\u1ed9ng, \u0111\u01b0\u1ee3c ph\u1ed1i theo xu h\u01b0\u1edbng gradient. \u0110\u1eb7c bi\u1ec7t \u1ee9ng d\u1ee5ng k\u1ef9 thu\u1eadt in m\u00e0u c\u00f4ng ngh\u1ec7 Viscotes th\u00e2n thi\u1ec7n v\u1edbi m\u00f4i tr\u01b0\u1eddng gi\u00fap gi\u1eef nguy\u00ean k\u1ebft c\u1ea5u c\u1ee7a v\u1eadt li\u1ec7u, t\u0103ng th\u00eam s\u1ed1ng \u0111\u1ed9ng cho thi\u1ebft k\u1ebf.<br \/>\n\u01afu \u0111i\u1ec3m kh\u00f4 nhanh, h\u00fat tho\u00e1t m\u1ed3 h\u00f4i t\u1ed1t, b\u1ec1n m\u00e0u, nh\u1eb9, kh\u00f4ng g\u00e2y k\u00edch \u1ee9ng da, \u0111\u1ed9 co gi\u00e3n tho\u1ea3i m\u00e1i khi v\u1eadn \u0111\u1ed9ng, s\u1eed d\u1ee5ng v\u1eadt li\u1ec7u c\u00f3 t\u00ednh n\u0103ng ch\u1ed1ng nh\u00ecn xuy\u00ean th\u1ea5u, ngay c\u1ea3 khi b\u1ecb d\u00ednh n\u01b0\u1edbc.<br \/>\nS\u1ea3n ph\u1ea9m s\u1ea3n xu\u1ea5t t\u1ea1i Nh\u1eadt, nh\u1eadp kh\u1ea9u ch\u00ednh h\u00e3ng, c\u00f3 ch\u1ee9ng nh\u1eadn h\u1ee3p chu\u1ea9n, h\u1ee3p quy v\u1ec1 \u0111o l\u01b0\u1eddng ch\u1ea5t l\u01b0\u1ee3ng may m\u1eb7c, \u0111\u01b0\u1ee3c th\u1ec3 hi\u1ec7n b\u1eb1ng tem QR tr\u00ean m\u1ed7i s\u1ea3n ph\u1ea9m v\u00e0 c\u00f4ng b\u1ed1 t\u1ea1i S\u1edf C\u00f4ng Th\u01b0\u01a1ng TP.HCM.<\/p>\n","protected":false},"excerpt":{"rendered":"<p>H\u00c0NG CH\u00cdNH H\u00c3NG BUTTERFLY S\u1ea2N XU\u1ea4T T\u1ea0I NH\u1eacT B\u1ea2N\u00a0&#8211; MADE IN JAPAN Ch\u1ea5t li\u1ec7u:\u00a0100% Polyester, c\u00f4ng ngh\u1ec7 Viscotecs Polyester l\u00e0 ch\u1ea5t li\u1ec7u \u0111\u01b0\u1ee3c nhi\u1ec1u th\u01b0\u01a1ng hi\u1ec7u th\u1eddi trang th\u1ec3 thao \u01b0u \u00e1i s\u1eed d\u1ee5ng. V\u1edbi \u0111\u1eb7c t\u00ednh \u0111\u1ed9 b\u1ec1n cao, \u00edt b\u1ecb nh\u00e0u, k\u1ebft h\u1ee3p c\u00f9ng nhi\u1ec1u c\u00f4ng ngh\u1ec7 kh\u00e1c \u0111\u1ec3 ph\u00e1t tri\u1ec3n kh\u1ea3 n\u0103ng [&hellip;]<\/p>\n","protected":false},"featured_media":2997,"comment_status":"open","ping_status":"closed","template":"","meta":{"_eb_attr":""},"product_cat":[34],"product_tag":[],"class_list":["post-2996","product","type-product","status-publish","has-post-thumbnail","hentry","product_cat-quan-ao"],"_links":{"self":[{"href":"https:\/\/www.phivutabletennis.com\/index.php\/wp-json\/wp\/v2\/product\/2996","targetHints":{"allow":["GET"]}}],"collection":[{"href":"https:\/\/www.phivutabletennis.com\/index.php\/wp-json\/wp\/v2\/product"}],"about":[{"href":"https:\/\/www.phivutabletennis.com\/index.php\/wp-json\/wp\/v2\/types\/product"}],"replies":[{"embeddable":true,"href":"https:\/\/www.phivutabletennis.com\/index.php\/wp-json\/wp\/v2\/comments?post=2996"}],"wp:featuredmedia":[{"embeddable":true,"href":"https:\/\/www.phivutabletennis.com\/index.php\/wp-json\/wp\/v2\/media\/2997"}],"wp:attachment":[{"href":"https:\/\/www.phivutabletennis.com\/index.php\/wp-json\/wp\/v2\/media?parent=2996"}],"wp:term":[{"taxonomy":"product_cat","embeddable":true,"href":"https:\/\/www.phivutabletennis.com\/index.php\/wp-json\/wp\/v2\/product_cat?post=2996"},{"taxonomy":"product_tag","embeddable":true,"href":"https:\/\/www.phivutabletennis.com\/index.php\/wp-json\/wp\/v2\/product_tag?post=2996"}],"curies":[{"name":"wp","href":"https:\/\/api.w.org\/{rel}","templated":true}]}}