{"id":3004,"date":"2023-07-04T01:44:06","date_gmt":"2023-07-03T18:44:06","guid":{"rendered":"https:\/\/www.phivutabletennis.com\/?post_type=product&#038;p=3004"},"modified":"2023-07-04T01:44:06","modified_gmt":"2023-07-03T18:44:06","slug":"ao-butterfly-chinh-hang-elistar10-shirt","status":"publish","type":"product","link":"https:\/\/www.phivutabletennis.com\/index.php\/product\/ao-butterfly-chinh-hang-elistar10-shirt\/","title":{"rendered":"\u00c1O BUTTERFLY CH\u00cdNH H\u00c3NG ELISTAR10 SHIRT"},"content":{"rendered":"<p><strong>H\u00c0NG CH\u00cdNH H\u00c3NG BUTTERFLY S\u1ea2N XU\u1ea4T T\u1ea0I NH\u1eacT B\u1ea2N &#8211; MADE IN JAPAN<\/strong><\/p>\n<ul>\n<li><strong>Thi\u00ea\u0301t k\u00ea\u0301:<\/strong>\u00a0\u00c1o thun (unisex)<\/li>\n<li><strong>M\u00e0u s\u1eafc:\u00a0<\/strong>\u0110en, Xanh d\u01b0\u01a1ng, Cam, H\u00f4\u0300ng,<\/li>\n<li><strong>Ch\u1ea5t li\u1ec7u:\u00a0<\/strong>100% Polyester\/ (Seiren), Viscotes<\/li>\n<li><strong>Xu\u1ea5t x\u1ee9:<\/strong>\u00a0Nh\u1eadt B\u1ea3n<\/li>\n<\/ul>\n<p>S\u1ef1 k\u1ebft h\u1ee3p gi\u1eefa ch\u1ea5t li\u1ec7u v\u1ea3i cao c\u1ea5p nh\u1ea5t v\u01a1\u0301i c\u00f4ng ngh\u00ea\u0323 va\u0309i Seiren v\u00e0 c\u00f4ng ngh\u1ec7 s\u1ea3n xu\u1ea5t ti\u00ean ti\u1ebfn, ELISTAR10 SHIRT s\u01a1\u0309 h\u01b0\u0303u kh\u1ea3 n\u0103ng th\u1ea5m h\u00fat t\u1ed1t, co da\u0303n, nhe\u0323 gi\u00fap b\u1ea1n lu\u00f4n thoa\u0301ng m\u00e1t trong su\u1ed1t qu\u00e1 tr\u00ecnh t\u1eadp luy\u1ec7n v\u00e0 thi \u0111\u1ea5u.<br \/>\nS\u1ea3n ph\u1ea9m \u0111\u01b0\u1ee3c \u01b0u ti\u00ean tuy\u1ec3n ch\u1ecdn t\u00e0i tr\u1ee3 cho c\u00e1c V\u1eadn \u0111\u1ed9ng vi\u00ean k\u00fd h\u1ee3p \u0111\u1ed3ng v\u1edbi th\u01b0\u01a1ng hi\u1ec7u Butterfly.<br \/>\n\u0110\u1eb7c bi\u1ec7t \u1ee9ng d\u1ee5ng k\u1ef9 thu\u1eadt in m\u00e0u c\u00f4ng ngh\u1ec7 Viscotes th\u00e2n thi\u1ec7n v\u1edbi m\u00f4i tr\u01b0\u1eddng gi\u00fap gi\u1eef nguy\u00ean k\u1ebft c\u1ea5u c\u1ee7a v\u1eadt li\u1ec7u, t\u0103ng th\u00eam s\u1ed1ng \u0111\u1ed9ng cho thi\u1ebft k\u1ebf.<br \/>\nThi\u00ea\u0301t k\u00ea\u0301 unisex ph\u00f9 h\u1ee3p v\u1edbi m\u1ecdi \u0111\u1ed1i t\u01b0\u01a1\u0323ng y\u00eau thi\u0301ch s\u01b0\u0323 thoa\u0309i ma\u0301i, nhi\u00ea\u0300u l\u01b0\u0323a cho\u0323n ma\u0300u s\u0103\u0301c gi\u00fap b\u1ea1n t\u1ef1 tin to\u0309a sa\u0301ng trong m\u1ed7i tr\u1eadn \u0111\u1ea5u.<br \/>\nS\u1ea3n ph\u1ea9m nh\u1eadp kh\u1ea9u ch\u00ednh h\u00e3ng, c\u00f3 ch\u1ee9ng nh\u1eadn h\u1ee3p chu\u1ea9n, h\u1ee3p quy v\u1ec1 \u0111o l\u01b0\u1eddng ch\u1ea5t l\u01b0\u1ee3ng may m\u1eb7c, \u0111\u01b0\u1ee3c th\u1ec3 hi\u1ec7n b\u1eb1ng tem QR tr\u00ean m\u1ed7i s\u1ea3n ph\u1ea9m v\u00e0 c\u00f4ng b\u1ed1 t\u1ea1i S\u1edf C\u00f4ng Th\u01b0\u01a1ng TP.HCM.<\/p>\n","protected":false},"excerpt":{"rendered":"<p>H\u00c0NG CH\u00cdNH H\u00c3NG BUTTERFLY S\u1ea2N XU\u1ea4T T\u1ea0I NH\u1eacT B\u1ea2N &#8211; MADE IN JAPAN Thi\u00ea\u0301t k\u00ea\u0301:\u00a0\u00c1o thun (unisex) M\u00e0u s\u1eafc:\u00a0\u0110en, Xanh d\u01b0\u01a1ng, Cam, H\u00f4\u0300ng, Ch\u1ea5t li\u1ec7u:\u00a0100% Polyester\/ (Seiren), Viscotes Xu\u1ea5t x\u1ee9:\u00a0Nh\u1eadt B\u1ea3n S\u1ef1 k\u1ebft h\u1ee3p gi\u1eefa ch\u1ea5t li\u1ec7u v\u1ea3i cao c\u1ea5p nh\u1ea5t v\u01a1\u0301i c\u00f4ng ngh\u00ea\u0323 va\u0309i Seiren v\u00e0 c\u00f4ng ngh\u1ec7 s\u1ea3n xu\u1ea5t ti\u00ean ti\u1ebfn, ELISTAR10 SHIRT [&hellip;]<\/p>\n","protected":false},"featured_media":3008,"comment_status":"open","ping_status":"closed","template":"","meta":{"_eb_attr":""},"product_cat":[34],"product_tag":[],"class_list":["post-3004","product","type-product","status-publish","has-post-thumbnail","hentry","product_cat-quan-ao"],"_links":{"self":[{"href":"https:\/\/www.phivutabletennis.com\/index.php\/wp-json\/wp\/v2\/product\/3004","targetHints":{"allow":["GET"]}}],"collection":[{"href":"https:\/\/www.phivutabletennis.com\/index.php\/wp-json\/wp\/v2\/product"}],"about":[{"href":"https:\/\/www.phivutabletennis.com\/index.php\/wp-json\/wp\/v2\/types\/product"}],"replies":[{"embeddable":true,"href":"https:\/\/www.phivutabletennis.com\/index.php\/wp-json\/wp\/v2\/comments?post=3004"}],"wp:featuredmedia":[{"embeddable":true,"href":"https:\/\/www.phivutabletennis.com\/index.php\/wp-json\/wp\/v2\/media\/3008"}],"wp:attachment":[{"href":"https:\/\/www.phivutabletennis.com\/index.php\/wp-json\/wp\/v2\/media?parent=3004"}],"wp:term":[{"taxonomy":"product_cat","embeddable":true,"href":"https:\/\/www.phivutabletennis.com\/index.php\/wp-json\/wp\/v2\/product_cat?post=3004"},{"taxonomy":"product_tag","embeddable":true,"href":"https:\/\/www.phivutabletennis.com\/index.php\/wp-json\/wp\/v2\/product_tag?post=3004"}],"curies":[{"name":"wp","href":"https:\/\/api.w.org\/{rel}","templated":true}]}}