{"id":3023,"date":"2023-07-04T01:48:39","date_gmt":"2023-07-03T18:48:39","guid":{"rendered":"https:\/\/www.phivutabletennis.com\/?post_type=product&#038;p=3023"},"modified":"2023-07-04T01:48:39","modified_gmt":"2023-07-03T18:48:39","slug":"ao-butterfly-chinh-hang-grecely-shirt-fresh","status":"publish","type":"product","link":"https:\/\/www.phivutabletennis.com\/index.php\/product\/ao-butterfly-chinh-hang-grecely-shirt-fresh\/","title":{"rendered":"\u00c1O BUTTERFLY CH\u00cdNH H\u00c3NG GRECELY SHIRT FRESH"},"content":{"rendered":"<p><strong>H\u00c0NG CH\u00cdNH H\u00c3NG BUTTERFLY S\u1ea2N XU\u1ea4T T\u1ea0I NH\u1eacT B\u1ea2N &#8211; MADE IN JAPAN<\/strong><\/p>\n<ul>\n<li><strong>Thi\u00ea\u0301t k\u00ea\u0301:\u00a0<\/strong>\u00c1o thun (unisex)<\/li>\n<li><strong>M\u00e0u s\u1eafc:\u00a0<\/strong>Ti\u0301m, Xanh d\u01b0\u01a1ng, Cam<\/li>\n<li><strong>Ch\u1ea5t li\u1ec7u:\u00a0<\/strong>100% Polyester\/ (Seiren)<\/li>\n<li><strong>Xu\u1ea5t x\u1ee9:\u00a0<\/strong>Nh\u1eadt B\u1ea3n<\/li>\n<\/ul>\n<p>K\u1ebft h\u1ee3p gi\u1eefa va\u0309i Polyester v\u00e0 c\u00f4ng ngh\u1ec7 v\u1ea3i Seiren v\u1edbi t\u00ednh n\u0103ng ch\u1ed1ng nh\u00ecn xuy\u00ean th\u1ea5u khi th\u1ea5m m\u1ed3 h\u00f4i hay n\u01b0\u1edbc, kh\u1ea3 n\u0103ng c\u1eaft tia c\u1ef1c t\u00edm v\u00e0 ch\u1ed1ng n\u1eafng cao cu\u0300ng ky\u0303 thu\u00e2\u0323t s\u1ea3n xu\u1ea5t ti\u00ean ti\u1ebfn.<br \/>\nThi\u00ea\u0301t k\u00ea\u0301 unisex ph\u00f9 h\u1ee3p v\u1edbi m\u1ecdi \u0111\u1ed1i t\u01b0\u01a1\u0323ng y\u00eau thi\u0301ch s\u01b0\u0323 thoa\u0309i ma\u0301i ti\u1ec7n l\u1ee3i c\u00f9ng nhi\u00ea\u0300u l\u01b0\u0323a cho\u0323n ma\u0300u s\u0103\u0301c gi\u00fap b\u1ea1n t\u1ef1 tin to\u0309a sa\u0301ng trong m\u1ed7i tr\u1eadn \u0111\u1ea5u.<br \/>\nS\u1ea3n ph\u1ea9m nh\u1eadp kh\u1ea9u ch\u00ednh h\u00e3ng, c\u00f3 ch\u1ee9ng nh\u1eadn h\u1ee3p chu\u1ea9n, h\u1ee3p quy v\u1ec1 \u0111o l\u01b0\u1eddng ch\u1ea5t l\u01b0\u1ee3ng may m\u1eb7c, \u0111\u01b0\u1ee3c th\u1ec3 hi\u1ec7n b\u1eb1ng tem QR tr\u00ean m\u1ed7i s\u1ea3n ph\u1ea9m v\u00e0 c\u00f4ng b\u1ed1 t\u1ea1i S\u1edf C\u00f4ng Th\u01b0\u01a1ng TP.HCM.<\/p>\n","protected":false},"excerpt":{"rendered":"<p>H\u00c0NG CH\u00cdNH H\u00c3NG BUTTERFLY S\u1ea2N XU\u1ea4T T\u1ea0I NH\u1eacT B\u1ea2N &#8211; MADE IN JAPAN Thi\u00ea\u0301t k\u00ea\u0301:\u00a0\u00c1o thun (unisex) M\u00e0u s\u1eafc:\u00a0Ti\u0301m, Xanh d\u01b0\u01a1ng, Cam Ch\u1ea5t li\u1ec7u:\u00a0100% Polyester\/ (Seiren) Xu\u1ea5t x\u1ee9:\u00a0Nh\u1eadt B\u1ea3n K\u1ebft h\u1ee3p gi\u1eefa va\u0309i Polyester v\u00e0 c\u00f4ng ngh\u1ec7 v\u1ea3i Seiren v\u1edbi t\u00ednh n\u0103ng ch\u1ed1ng nh\u00ecn xuy\u00ean th\u1ea5u khi th\u1ea5m m\u1ed3 h\u00f4i hay n\u01b0\u1edbc, kh\u1ea3 n\u0103ng c\u1eaft [&hellip;]<\/p>\n","protected":false},"featured_media":3024,"comment_status":"open","ping_status":"closed","template":"","meta":{"_eb_attr":""},"product_cat":[34],"product_tag":[],"class_list":["post-3023","product","type-product","status-publish","has-post-thumbnail","hentry","product_cat-quan-ao"],"_links":{"self":[{"href":"https:\/\/www.phivutabletennis.com\/index.php\/wp-json\/wp\/v2\/product\/3023","targetHints":{"allow":["GET"]}}],"collection":[{"href":"https:\/\/www.phivutabletennis.com\/index.php\/wp-json\/wp\/v2\/product"}],"about":[{"href":"https:\/\/www.phivutabletennis.com\/index.php\/wp-json\/wp\/v2\/types\/product"}],"replies":[{"embeddable":true,"href":"https:\/\/www.phivutabletennis.com\/index.php\/wp-json\/wp\/v2\/comments?post=3023"}],"wp:featuredmedia":[{"embeddable":true,"href":"https:\/\/www.phivutabletennis.com\/index.php\/wp-json\/wp\/v2\/media\/3024"}],"wp:attachment":[{"href":"https:\/\/www.phivutabletennis.com\/index.php\/wp-json\/wp\/v2\/media?parent=3023"}],"wp:term":[{"taxonomy":"product_cat","embeddable":true,"href":"https:\/\/www.phivutabletennis.com\/index.php\/wp-json\/wp\/v2\/product_cat?post=3023"},{"taxonomy":"product_tag","embeddable":true,"href":"https:\/\/www.phivutabletennis.com\/index.php\/wp-json\/wp\/v2\/product_tag?post=3023"}],"curies":[{"name":"wp","href":"https:\/\/api.w.org\/{rel}","templated":true}]}}