{"id":3032,"date":"2023-07-04T01:51:25","date_gmt":"2023-07-03T18:51:25","guid":{"rendered":"https:\/\/www.phivutabletennis.com\/?post_type=product&#038;p=3032"},"modified":"2023-07-04T01:51:25","modified_gmt":"2023-07-03T18:51:25","slug":"ao-butterfly-chinh-hang-mizutani-jun-t-shirt-b-black","status":"publish","type":"product","link":"https:\/\/www.phivutabletennis.com\/index.php\/product\/ao-butterfly-chinh-hang-mizutani-jun-t-shirt-b-black\/","title":{"rendered":"\u00c1O BUTTERFLY CH\u00cdNH H\u00c3NG MIZUTANI JUN T-SHIRT B BLACK"},"content":{"rendered":"<p><strong>Ch\u1ea5t li\u1ec7u:<\/strong>\u00a0Polyester<br \/>\n<strong>M\u00e0u s\u1eafc:<\/strong>\u00a0 \u0110en<br \/>\n<strong>Size:<\/strong>\u00a0M, L<br \/>\n\u00c1o T-shirt Mizutani Jun \u2013 Phi\u00ean b\u1ea3n gi\u1edbi h\u1ea1n d\u00e0nh ri\u00eang ng\u01b0\u1eddi h\u00e2m m\u1ed9 b\u00f3ng b\u00e0n.<\/p>\n<p>Phi\u00ean b\u1ea3n k\u1ef7 ni\u1ec7m s\u1ef1 nghi\u1ec7p b\u00f3ng b\u00e0n v\u1edbi nhi\u1ec1u th\u00e0nh t\u00edch \u0111\u00e1ng nh\u1edb c\u1ee7a tuy\u1ec3n th\u1ee7 Mizutani Jun.<\/p>\n<p>\u00c1o \u0111\u01b0\u1ee3c thi\u1ebft k\u1ebf d\u01b0\u1edbi s\u1ef1 \u0111\u00f3ng g\u00f3p \u00fd ki\u1ebfn c\u1ee7a tuy\u1ec3n th\u1ee7 Mizutani Jun logo Butterfly v\u00e0 logo Mizutani Jun \u0111\u01b0\u1ee3c thi\u1ebft k\u1ebf \u0111\u01a1n gi\u1ea3n tinh t\u1ebf tr\u00ean n\u1ec1n \u00e1o \u0111en.<br \/>\nS\u1eed d\u1ee5ng ch\u1ea5t li\u1ec7u h\u00fat tho\u00e1t m\u1ed3 h\u00f4i nhanh \u00e1p d\u1ee5ng c\u00f4ng ngh\u1ec7 s\u1ea3n xu\u1ea5t ti\u00ean ti\u1ebfn t\u1eeb Nh\u1eadt B\u1ea3n gi\u00fap gi\u1ea3i ph\u00f3ng nhi\u1ec7t v\u00e0 ng\u0103n ch\u1eb7n s\u1ef1 ph\u00e1t sinh c\u1ee7a vi khu\u1ea9n v\u00e0 m\u00f9i h\u00f4i mang l\u1ea1i l\u01b0u gi\u1eef c\u1ea3m gi\u00e1c tho\u1ea3i m\u00e1i khi s\u1eed d\u1ee5ng<\/p>\n<p>S\u1ea3n ph\u1ea9m nh\u1eadp kh\u1ea9u ch\u00ednh h\u00e3ng, c\u00f3 ch\u1ee9ng nh\u1eadn h\u1ee3p chu\u1ea9n, h\u1ee3p quy v\u1ec1 \u0111o l\u01b0\u1eddng ch\u1ea5t l\u01b0\u1ee3ng may m\u1eb7c, \u0111\u01b0\u1ee3c th\u1ec3 hi\u1ec7n b\u1eb1ng tem QR tr\u00ean m\u1ed7i s\u1ea3n ph\u1ea9m v\u00e0 c\u00f4ng b\u1ed1 t\u1ea1i S\u1edf C\u00f4ng Th\u01b0\u01a1ng TP.HCM.<\/p>\n<p><img decoding=\"async\" src=\"https:\/\/bongban.asia\/image\/data\/BUTTERFLY\/quan_ao\/SIZE%20AO.JPG\" alt=\"\" \/><\/p>\n<p><strong>H\u00c0NG CH\u00cdNH H\u00c3NG BUTTERFLY S\u1ea2N XU\u1ea4T T\u1ea0I NH\u1eacT B\u1ea2N- MADE IN JAPAN<\/strong><\/p>\n","protected":false},"excerpt":{"rendered":"<p>Ch\u1ea5t li\u1ec7u:\u00a0Polyester M\u00e0u s\u1eafc:\u00a0 \u0110en Size:\u00a0M, L \u00c1o T-shirt Mizutani Jun \u2013 Phi\u00ean b\u1ea3n gi\u1edbi h\u1ea1n d\u00e0nh ri\u00eang ng\u01b0\u1eddi h\u00e2m m\u1ed9 b\u00f3ng b\u00e0n. Phi\u00ean b\u1ea3n k\u1ef7 ni\u1ec7m s\u1ef1 nghi\u1ec7p b\u00f3ng b\u00e0n v\u1edbi nhi\u1ec1u th\u00e0nh t\u00edch \u0111\u00e1ng nh\u1edb c\u1ee7a tuy\u1ec3n th\u1ee7 Mizutani Jun. \u00c1o \u0111\u01b0\u1ee3c thi\u1ebft k\u1ebf d\u01b0\u1edbi s\u1ef1 \u0111\u00f3ng g\u00f3p \u00fd ki\u1ebfn c\u1ee7a tuy\u1ec3n th\u1ee7 [&hellip;]<\/p>\n","protected":false},"featured_media":3033,"comment_status":"open","ping_status":"closed","template":"","meta":{"_eb_attr":""},"product_cat":[34],"product_tag":[],"class_list":["post-3032","product","type-product","status-publish","has-post-thumbnail","hentry","product_cat-quan-ao"],"_links":{"self":[{"href":"https:\/\/www.phivutabletennis.com\/index.php\/wp-json\/wp\/v2\/product\/3032","targetHints":{"allow":["GET"]}}],"collection":[{"href":"https:\/\/www.phivutabletennis.com\/index.php\/wp-json\/wp\/v2\/product"}],"about":[{"href":"https:\/\/www.phivutabletennis.com\/index.php\/wp-json\/wp\/v2\/types\/product"}],"replies":[{"embeddable":true,"href":"https:\/\/www.phivutabletennis.com\/index.php\/wp-json\/wp\/v2\/comments?post=3032"}],"wp:featuredmedia":[{"embeddable":true,"href":"https:\/\/www.phivutabletennis.com\/index.php\/wp-json\/wp\/v2\/media\/3033"}],"wp:attachment":[{"href":"https:\/\/www.phivutabletennis.com\/index.php\/wp-json\/wp\/v2\/media?parent=3032"}],"wp:term":[{"taxonomy":"product_cat","embeddable":true,"href":"https:\/\/www.phivutabletennis.com\/index.php\/wp-json\/wp\/v2\/product_cat?post=3032"},{"taxonomy":"product_tag","embeddable":true,"href":"https:\/\/www.phivutabletennis.com\/index.php\/wp-json\/wp\/v2\/product_tag?post=3032"}],"curies":[{"name":"wp","href":"https:\/\/api.w.org\/{rel}","templated":true}]}}