{"id":3035,"date":"2023-07-04T01:53:20","date_gmt":"2023-07-03T18:53:20","guid":{"rendered":"https:\/\/www.phivutabletennis.com\/?post_type=product&#038;p=3035"},"modified":"2023-07-04T01:53:20","modified_gmt":"2023-07-03T18:53:20","slug":"ao-butterfly-chinh-hang-playce-shirt","status":"publish","type":"product","link":"https:\/\/www.phivutabletennis.com\/index.php\/product\/ao-butterfly-chinh-hang-playce-shirt\/","title":{"rendered":"\u00c1O BUTTERFLY CH\u00cdNH H\u00c3NG PLAYCE SHIRT"},"content":{"rendered":"<p><strong>H\u00c0NG CH\u00cdNH H\u00c3NG BUTTERFLY S\u1ea2N XU\u1ea4T T\u1ea0I TRUNG QU\u00d4\u0301C\u00a0&#8211; MADE IN CHINA<\/strong><\/p>\n<ul>\n<li><strong>Thi\u00ea\u0301t k\u00ea\u0301:<\/strong>\u00a0\u00c1o thun (unisex)<\/li>\n<li><strong>M\u00e0u s\u1eafc:<\/strong>\u00a0\u0110en, Xanh d\u01b0\u01a1ng, Xanh, H\u00f4\u0300ng,<\/li>\n<li><strong>Ch\u1ea5t li\u1ec7u:\u00a0<\/strong>100% Polyester\/ B-DRY<\/li>\n<li><strong>Xu\u1ea5t x\u1ee9:\u00a0<\/strong>China<\/li>\n<\/ul>\n<p>Gi\u00e1 th\u00e0nh h\u1ee3p l\u00fd cho m\u1ed9t chi\u1ebfc \u00e1o thi \u0111\u1ea5u v\u1edbi ch\u1ea5t li\u1ec7u v\u1ea3i \u0111\u1eb7c tr\u01b0ng v\u00e0 s\u1eafc n\u00e9t.<br \/>\nPolyester l\u00e0 ch\u1ea5t li\u1ec7u \u0111\u01b0\u1ee3c nhi\u1ec1u th\u01b0\u01a1ng hi\u1ec7u th\u1eddi trang th\u1ec3 thao l\u01b0\u0323a cho\u0323n s\u1eed d\u1ee5ng. \u0110\u1eb7c t\u00ednh \u0111\u1ed9 b\u1ec1n cao, \u00edt b\u1ecb nh\u0103n, k\u1ebft h\u1ee3p c\u00f9ng nhi\u1ec1u c\u00f4ng ngh\u1ec7 kh\u00e1c \u0111\u1ec3 ph\u00e1t tri\u1ec3n kh\u1ea3 n\u0103ng h\u00fat tho\u00e1t m\u1ed3 h\u00f4i nhanh cho s\u1ea3n ph\u1ea9m.<br \/>\nC\u00f4ng ngh\u1ec7 B\u2019Dry \u0111\u01b0\u1ee3c k\u1ebft h\u1ee3p nh\u1eb1m t\u1ed1i \u0111a h\u00f3a hi\u1ec7u su\u1ea5t h\u00fat tho\u00e1t n\u01b0\u1edbc c\u1ee7a v\u1ea3i mang l\u1ea1i c\u1ea3m gi\u00e1c v\u1eeba v\u1eb7n tho\u1ea3i m\u00e1i. M\u1ed3 h\u00f4i \u0111\u01b0\u1ee3c th\u1ea5m t\u1eeb b\u00ean trong, lan ra di\u1ec7n r\u1ed9ng v\u00e0 tho\u00e1t ra ngo\u00e0i nhanh ch\u00f3ng. V\u1edbi kh\u1ea3 n\u0103ng h\u00fat tho\u00e1t n\u01b0\u1edbc tuy\u1ec7t v\u1eddi n\u00e0y, c\u01a1 th\u1ec3 lu\u00f4n tho\u00e1ng v\u00e0 gi\u1eef \u0111\u01b0\u1ee3c tr\u1ea1ng th\u00e1i tho\u1ea3i m\u00e1i khi v\u1eadn \u0111\u1ed9ng<br \/>\nThi\u00ea\u0301t k\u00ea\u0301 unisex ph\u00f9 h\u1ee3p v\u1edbi m\u1ecdi \u0111\u1ed1i t\u01b0\u01a1\u0323ng y\u00eau thi\u0301ch s\u01b0\u0323 thoa\u0309i ma\u0301i, nhi\u00ea\u0300u l\u01b0\u0323a cho\u0323n ma\u0300u s\u0103\u0301c gi\u00fap b\u1ea1n t\u1ef1 tin to\u0309a sa\u0301ng trong m\u1ed7i tr\u1eadn \u0111\u1ea5u.<br \/>\nS\u1ea3n ph\u1ea9m nh\u1eadp kh\u1ea9u ch\u00ednh h\u00e3ng, c\u00f3 ch\u1ee9ng nh\u1eadn h\u1ee3p chu\u1ea9n, h\u1ee3p quy v\u1ec1 \u0111o l\u01b0\u1eddng ch\u1ea5t l\u01b0\u1ee3ng may m\u1eb7c, \u0111\u01b0\u1ee3c th\u1ec3 hi\u1ec7n b\u1eb1ng tem QR tr\u00ean m\u1ed7i s\u1ea3n ph\u1ea9m v\u00e0 c\u00f4ng b\u1ed1 t\u1ea1i S\u1edf C\u00f4ng Th\u01b0\u01a1ng TP.HCM.<\/p>\n","protected":false},"excerpt":{"rendered":"<p>H\u00c0NG CH\u00cdNH H\u00c3NG BUTTERFLY S\u1ea2N XU\u1ea4T T\u1ea0I TRUNG QU\u00d4\u0301C\u00a0&#8211; MADE IN CHINA Thi\u00ea\u0301t k\u00ea\u0301:\u00a0\u00c1o thun (unisex) M\u00e0u s\u1eafc:\u00a0\u0110en, Xanh d\u01b0\u01a1ng, Xanh, H\u00f4\u0300ng, Ch\u1ea5t li\u1ec7u:\u00a0100% Polyester\/ B-DRY Xu\u1ea5t x\u1ee9:\u00a0China Gi\u00e1 th\u00e0nh h\u1ee3p l\u00fd cho m\u1ed9t chi\u1ebfc \u00e1o thi \u0111\u1ea5u v\u1edbi ch\u1ea5t li\u1ec7u v\u1ea3i \u0111\u1eb7c tr\u01b0ng v\u00e0 s\u1eafc n\u00e9t. Polyester l\u00e0 ch\u1ea5t li\u1ec7u \u0111\u01b0\u1ee3c nhi\u1ec1u th\u01b0\u01a1ng hi\u1ec7u [&hellip;]<\/p>\n","protected":false},"featured_media":3037,"comment_status":"open","ping_status":"closed","template":"","meta":{"_eb_attr":""},"product_cat":[34],"product_tag":[],"class_list":["post-3035","product","type-product","status-publish","has-post-thumbnail","hentry","product_cat-quan-ao"],"_links":{"self":[{"href":"https:\/\/www.phivutabletennis.com\/index.php\/wp-json\/wp\/v2\/product\/3035","targetHints":{"allow":["GET"]}}],"collection":[{"href":"https:\/\/www.phivutabletennis.com\/index.php\/wp-json\/wp\/v2\/product"}],"about":[{"href":"https:\/\/www.phivutabletennis.com\/index.php\/wp-json\/wp\/v2\/types\/product"}],"replies":[{"embeddable":true,"href":"https:\/\/www.phivutabletennis.com\/index.php\/wp-json\/wp\/v2\/comments?post=3035"}],"wp:featuredmedia":[{"embeddable":true,"href":"https:\/\/www.phivutabletennis.com\/index.php\/wp-json\/wp\/v2\/media\/3037"}],"wp:attachment":[{"href":"https:\/\/www.phivutabletennis.com\/index.php\/wp-json\/wp\/v2\/media?parent=3035"}],"wp:term":[{"taxonomy":"product_cat","embeddable":true,"href":"https:\/\/www.phivutabletennis.com\/index.php\/wp-json\/wp\/v2\/product_cat?post=3035"},{"taxonomy":"product_tag","embeddable":true,"href":"https:\/\/www.phivutabletennis.com\/index.php\/wp-json\/wp\/v2\/product_tag?post=3035"}],"curies":[{"name":"wp","href":"https:\/\/api.w.org\/{rel}","templated":true}]}}