{"id":3045,"date":"2023-07-04T07:50:53","date_gmt":"2023-07-04T00:50:53","guid":{"rendered":"https:\/\/www.phivutabletennis.com\/?post_type=product&#038;p=3045"},"modified":"2023-07-04T07:50:53","modified_gmt":"2023-07-04T00:50:53","slug":"ao-butterfly-chinh-hang-neston-shirt","status":"publish","type":"product","link":"https:\/\/www.phivutabletennis.com\/index.php\/product\/ao-butterfly-chinh-hang-neston-shirt\/","title":{"rendered":"\u00c1O BUTTERFLY CH\u00cdNH H\u00c3NG NESTON SHIRT"},"content":{"rendered":"<p><strong>H\u00c0NG CH\u00cdNH H\u00c3NG BUTTERFLY S\u1ea2N XU\u1ea4T T\u1ea0I NH\u1eacT B\u1ea2N &#8211; MADE IN JAPAN<\/strong><\/p>\n<p><strong><u>Ch\u1ea5t li\u1ec7u<\/u><\/strong><strong>:\u00a0<\/strong>Polyester<\/p>\n<p><em><strong>\u201c\u0110\u1ed4I M\u1edaI V\u00c0 S\u1ed0NG THEO C\u00c1CH RI\u00caNG C\u1ee6A B\u1ea0N \u201c<\/strong><\/em><\/p>\n<p>Thi\u1ebft k\u1ebf n\u0103ng \u0111\u1ed9ng v\u1edbi h\u1ecda ti\u1ebft t\u01b0\u01a1ng ph\u1ea3n theo m\u1ea3ng s\u00e1ng v\u00e0 t\u1ed1i v\u1edbi nhi\u1ec1u \u0111i\u1ec3m nh\u1ea5n n\u1ed5i b\u1eadt t\u0103ng th\u00eam s\u1ef1 s\u1ed1ng \u0111\u1ed9ng c\u1ee7a s\u1ea3n ph\u1ea9m.<\/p>\n<p>Thi\u1ebft k\u1ebf n\u0103ng \u0111\u1ed9ng s\u1eed d\u1ee5ng c\u00f4ng ngh\u1ec7 in chuy\u1ec3n nhi\u1ec7t, b\u1ec1n m\u00e0u, kh\u00f4ng g\u00e2y k\u00edch \u1ee9ng da, ch\u1ea5t li\u1ec7u v\u1ea3i \u0111\u01b0\u1ee3c s\u1ea3n xu\u1ea5t v\u00e0 gia c\u00f4ng t\u1ea1i Nh\u1eadt B\u1ea3n v\u1edbi \u01b0u \u0111i\u1ec3m kh\u00f4 nhanh, h\u00fat tho\u00e1t m\u1ed3 h\u00f4i t\u1ed1t, \u0111\u1ed9 co gi\u00e3n tho\u1ea3i m\u00e1i khi v\u1eadn \u0111\u1ed9ng.<\/p>\n<p>S\u1ea3n ph\u1ea9m nh\u1eadp kh\u1ea9u ch\u00ednh h\u00e3ng, c\u00f3 ch\u1ee9ng nh\u1eadn h\u1ee3p chu\u1ea9n, h\u1ee3p quy v\u1ec1 \u0111o l\u01b0\u1eddng ch\u1ea5t l\u01b0\u1ee3ng may m\u1eb7c, \u0111\u01b0\u1ee3c th\u1ec3 hi\u1ec7n b\u1eb1ng tem QR tr\u00ean m\u1ed7i s\u1ea3n ph\u1ea9m v\u00e0 c\u00f4ng b\u1ed1 t\u1ea1i S\u1edf C\u00f4ng Th\u01b0\u01a1ng TP.HCM.<\/p>\n<p><a href=\"https:\/\/www.phivutabletennis.com\/wp-content\/uploads\/2023\/07\/45800_06.jpg\"><img loading=\"lazy\" decoding=\"async\" class=\"alignnone size-full wp-image-3048\" src=\"https:\/\/www.phivutabletennis.com\/wp-content\/uploads\/2023\/07\/45800_06.jpg\" alt=\"\" width=\"1200\" height=\"1200\" srcset=\"https:\/\/www.phivutabletennis.com\/wp-content\/uploads\/2023\/07\/45800_06.jpg 1200w, https:\/\/www.phivutabletennis.com\/wp-content\/uploads\/2023\/07\/45800_06-300x300.jpg 300w, https:\/\/www.phivutabletennis.com\/wp-content\/uploads\/2023\/07\/45800_06-1024x1024.jpg 1024w, https:\/\/www.phivutabletennis.com\/wp-content\/uploads\/2023\/07\/45800_06-150x150.jpg 150w, https:\/\/www.phivutabletennis.com\/wp-content\/uploads\/2023\/07\/45800_06-768x768.jpg 768w, https:\/\/www.phivutabletennis.com\/wp-content\/uploads\/2023\/07\/45800_06-350x350.jpg 350w, https:\/\/www.phivutabletennis.com\/wp-content\/uploads\/2023\/07\/45800_06-600x600.jpg 600w, https:\/\/www.phivutabletennis.com\/wp-content\/uploads\/2023\/07\/45800_06-100x100.jpg 100w\" sizes=\"auto, (max-width: 1200px) 100vw, 1200px\" \/><\/a><\/p>\n","protected":false},"excerpt":{"rendered":"<p>H\u00c0NG CH\u00cdNH H\u00c3NG BUTTERFLY S\u1ea2N XU\u1ea4T T\u1ea0I NH\u1eacT B\u1ea2N &#8211; MADE IN JAPAN Ch\u1ea5t li\u1ec7u:\u00a0Polyester \u201c\u0110\u1ed4I M\u1edaI V\u00c0 S\u1ed0NG THEO C\u00c1CH RI\u00caNG C\u1ee6A B\u1ea0N \u201c Thi\u1ebft k\u1ebf n\u0103ng \u0111\u1ed9ng v\u1edbi h\u1ecda ti\u1ebft t\u01b0\u01a1ng ph\u1ea3n theo m\u1ea3ng s\u00e1ng v\u00e0 t\u1ed1i v\u1edbi nhi\u1ec1u \u0111i\u1ec3m nh\u1ea5n n\u1ed5i b\u1eadt t\u0103ng th\u00eam s\u1ef1 s\u1ed1ng \u0111\u1ed9ng c\u1ee7a s\u1ea3n ph\u1ea9m. Thi\u1ebft k\u1ebf [&hellip;]<\/p>\n","protected":false},"featured_media":3049,"comment_status":"open","ping_status":"closed","template":"","meta":{"_eb_attr":""},"product_cat":[34],"product_tag":[],"class_list":["post-3045","product","type-product","status-publish","has-post-thumbnail","hentry","product_cat-quan-ao"],"_links":{"self":[{"href":"https:\/\/www.phivutabletennis.com\/index.php\/wp-json\/wp\/v2\/product\/3045","targetHints":{"allow":["GET"]}}],"collection":[{"href":"https:\/\/www.phivutabletennis.com\/index.php\/wp-json\/wp\/v2\/product"}],"about":[{"href":"https:\/\/www.phivutabletennis.com\/index.php\/wp-json\/wp\/v2\/types\/product"}],"replies":[{"embeddable":true,"href":"https:\/\/www.phivutabletennis.com\/index.php\/wp-json\/wp\/v2\/comments?post=3045"}],"wp:featuredmedia":[{"embeddable":true,"href":"https:\/\/www.phivutabletennis.com\/index.php\/wp-json\/wp\/v2\/media\/3049"}],"wp:attachment":[{"href":"https:\/\/www.phivutabletennis.com\/index.php\/wp-json\/wp\/v2\/media?parent=3045"}],"wp:term":[{"taxonomy":"product_cat","embeddable":true,"href":"https:\/\/www.phivutabletennis.com\/index.php\/wp-json\/wp\/v2\/product_cat?post=3045"},{"taxonomy":"product_tag","embeddable":true,"href":"https:\/\/www.phivutabletennis.com\/index.php\/wp-json\/wp\/v2\/product_tag?post=3045"}],"curies":[{"name":"wp","href":"https:\/\/api.w.org\/{rel}","templated":true}]}}