{"id":3055,"date":"2023-07-04T07:53:30","date_gmt":"2023-07-04T00:53:30","guid":{"rendered":"https:\/\/www.phivutabletennis.com\/?post_type=product&#038;p=3055"},"modified":"2023-07-04T07:53:31","modified_gmt":"2023-07-04T00:53:31","slug":"ao-butterfly-chinh-hang-neold-shirt-2","status":"publish","type":"product","link":"https:\/\/www.phivutabletennis.com\/index.php\/product\/ao-butterfly-chinh-hang-neold-shirt-2\/","title":{"rendered":"\u00c1O BUTTERFLY CH\u00cdNH H\u00c3NG NEOLD SHIRT"},"content":{"rendered":"<p><strong><u>Ch\u1ea5t li\u1ec7u<\/u>:\u00a0<\/strong>Polyester<\/p>\n<p><u><strong>\u01afu \u0111i\u1ec3m:<\/strong>\u00a0<\/u>Thi\u1ebft k\u1ebf \u0111\u01a1n gi\u1ea3n, s\u1eed d\u1ee5ng c\u00f4ng ngh\u1ec7 in chuy\u1ec3n nhi\u1ec7t, b\u1ec1n m\u00e0u, kh\u00f4ng g\u00e2y k\u00edch \u1ee9ng da, h\u00fat tho\u00e1t m\u1ed3 h\u00f4i t\u1ed1t, c\u00f3 \u0111\u1ed9 co gi\u00e3n tho\u1ea3i m\u00e1i khi v\u1eadn \u0111\u1ed9ng.<\/p>\n<p>S\u1ea3n ph\u1ea9m nh\u1eadp kh\u1ea9u ch\u00ednh h\u00e3ng, c\u00f3 ch\u1ee9ng nh\u1eadn h\u1ee3p chu\u1ea9n, h\u1ee3p quy v\u1ec1 \u0111o l\u01b0\u1eddng ch\u1ea5t l\u01b0\u1ee3ng may m\u1eb7c, \u0111\u01b0\u1ee3c th\u1ec3 hi\u1ec7n b\u1eb1ng tem QR tr\u00ean m\u1ed7i s\u1ea3n ph\u1ea9m v\u00e0 c\u00f4ng b\u1ed1 t\u1ea1i S\u1edf C\u00f4ng Th\u01b0\u01a1ng TP.HCM.<\/p>\n<div><img decoding=\"async\" src=\"https:\/\/bongban.asia\/image\/data\/BUTTERFLY\/quan_ao\/SIZE%20AO.JPG\" alt=\"\" \/><\/div>\n<div><\/div>\n<p><strong>H\u00c0NG CH\u00cdNH H\u00c3NG BUTTERFLY S\u1ea2N XU\u1ea4T T\u1ea0I NH\u00c0 M\u00c1Y TRUNG QU\u1ed0C &#8211;\u00a0<\/strong><strong>MADE IN CHINA<\/strong><\/p>\n","protected":false},"excerpt":{"rendered":"<p>Ch\u1ea5t li\u1ec7u:\u00a0Polyester \u01afu \u0111i\u1ec3m:\u00a0Thi\u1ebft k\u1ebf \u0111\u01a1n gi\u1ea3n, s\u1eed d\u1ee5ng c\u00f4ng ngh\u1ec7 in chuy\u1ec3n nhi\u1ec7t, b\u1ec1n m\u00e0u, kh\u00f4ng g\u00e2y k\u00edch \u1ee9ng da, h\u00fat tho\u00e1t m\u1ed3 h\u00f4i t\u1ed1t, c\u00f3 \u0111\u1ed9 co gi\u00e3n tho\u1ea3i m\u00e1i khi v\u1eadn \u0111\u1ed9ng. S\u1ea3n ph\u1ea9m nh\u1eadp kh\u1ea9u ch\u00ednh h\u00e3ng, c\u00f3 ch\u1ee9ng nh\u1eadn h\u1ee3p chu\u1ea9n, h\u1ee3p quy v\u1ec1 \u0111o l\u01b0\u1eddng ch\u1ea5t l\u01b0\u1ee3ng may m\u1eb7c, [&hellip;]<\/p>\n","protected":false},"featured_media":3056,"comment_status":"open","ping_status":"closed","template":"","meta":{"_eb_attr":""},"product_cat":[34],"product_tag":[],"class_list":["post-3055","product","type-product","status-publish","has-post-thumbnail","hentry","product_cat-quan-ao"],"_links":{"self":[{"href":"https:\/\/www.phivutabletennis.com\/index.php\/wp-json\/wp\/v2\/product\/3055","targetHints":{"allow":["GET"]}}],"collection":[{"href":"https:\/\/www.phivutabletennis.com\/index.php\/wp-json\/wp\/v2\/product"}],"about":[{"href":"https:\/\/www.phivutabletennis.com\/index.php\/wp-json\/wp\/v2\/types\/product"}],"replies":[{"embeddable":true,"href":"https:\/\/www.phivutabletennis.com\/index.php\/wp-json\/wp\/v2\/comments?post=3055"}],"wp:featuredmedia":[{"embeddable":true,"href":"https:\/\/www.phivutabletennis.com\/index.php\/wp-json\/wp\/v2\/media\/3056"}],"wp:attachment":[{"href":"https:\/\/www.phivutabletennis.com\/index.php\/wp-json\/wp\/v2\/media?parent=3055"}],"wp:term":[{"taxonomy":"product_cat","embeddable":true,"href":"https:\/\/www.phivutabletennis.com\/index.php\/wp-json\/wp\/v2\/product_cat?post=3055"},{"taxonomy":"product_tag","embeddable":true,"href":"https:\/\/www.phivutabletennis.com\/index.php\/wp-json\/wp\/v2\/product_tag?post=3055"}],"curies":[{"name":"wp","href":"https:\/\/api.w.org\/{rel}","templated":true}]}}