{"id":3057,"date":"2023-07-04T07:54:45","date_gmt":"2023-07-04T00:54:45","guid":{"rendered":"https:\/\/www.phivutabletennis.com\/?post_type=product&#038;p=3057"},"modified":"2023-07-04T07:54:45","modified_gmt":"2023-07-04T00:54:45","slug":"ao-butterfly-neolia-bwh-269-red","status":"publish","type":"product","link":"https:\/\/www.phivutabletennis.com\/index.php\/product\/ao-butterfly-neolia-bwh-269-red\/","title":{"rendered":"\u00c1O BUTTERFLY NEOLIA BWH 269 RED"},"content":{"rendered":"<p>M\u1eabu \u00e1o vinh d\u1ef1 \u0111\u01b0\u1ee3c ch\u1ecdn t\u00e0i tr\u1ee3 cho \u0110\u1ed9i tuy\u1ec3n b\u00f3ng b\u00e0n Vi\u1ec7t Nam n\u0103m 2017<\/p>\n<p>H\u00e0ng ch\u00ednh h\u00e3ng Butterfly s\u1ea3n xu\u1ea5t t\u1ea1i Trung Qu\u1ed1c<\/p>\n<p>Ch\u1ea5t li\u1ec7u:\u00a0100% Polyester, h\u00fat tho\u00e1t m\u1ed3 h\u00f4i nhanh.<\/p>\n<p><img decoding=\"async\" src=\"https:\/\/bongban.asia\/image\/data\/wttc2017-02.jpg\" alt=\"\" \/><\/p>\n<p>V\u0110V Nguy\u1ec5n Th\u1ecb Nga t\u1ea1i gi\u1ea3i V\u00f4 \u0111\u1ecbch b\u00f3ng b\u00e0n Th\u1ebf gi\u1edbi 2017 &#8211; \u0110\u1ee9c<\/p>\n","protected":false},"excerpt":{"rendered":"<p>M\u1eabu \u00e1o vinh d\u1ef1 \u0111\u01b0\u1ee3c ch\u1ecdn t\u00e0i tr\u1ee3 cho \u0110\u1ed9i tuy\u1ec3n b\u00f3ng b\u00e0n Vi\u1ec7t Nam n\u0103m 2017 H\u00e0ng ch\u00ednh h\u00e3ng Butterfly s\u1ea3n xu\u1ea5t t\u1ea1i Trung Qu\u1ed1c Ch\u1ea5t li\u1ec7u:\u00a0100% Polyester, h\u00fat tho\u00e1t m\u1ed3 h\u00f4i nhanh. V\u0110V Nguy\u1ec5n Th\u1ecb Nga t\u1ea1i gi\u1ea3i V\u00f4 \u0111\u1ecbch b\u00f3ng b\u00e0n Th\u1ebf gi\u1edbi 2017 &#8211; \u0110\u1ee9c<\/p>\n","protected":false},"featured_media":3058,"comment_status":"open","ping_status":"closed","template":"","meta":{"_eb_attr":""},"product_cat":[34],"product_tag":[],"class_list":["post-3057","product","type-product","status-publish","has-post-thumbnail","hentry","product_cat-quan-ao"],"_links":{"self":[{"href":"https:\/\/www.phivutabletennis.com\/index.php\/wp-json\/wp\/v2\/product\/3057","targetHints":{"allow":["GET"]}}],"collection":[{"href":"https:\/\/www.phivutabletennis.com\/index.php\/wp-json\/wp\/v2\/product"}],"about":[{"href":"https:\/\/www.phivutabletennis.com\/index.php\/wp-json\/wp\/v2\/types\/product"}],"replies":[{"embeddable":true,"href":"https:\/\/www.phivutabletennis.com\/index.php\/wp-json\/wp\/v2\/comments?post=3057"}],"wp:featuredmedia":[{"embeddable":true,"href":"https:\/\/www.phivutabletennis.com\/index.php\/wp-json\/wp\/v2\/media\/3058"}],"wp:attachment":[{"href":"https:\/\/www.phivutabletennis.com\/index.php\/wp-json\/wp\/v2\/media?parent=3057"}],"wp:term":[{"taxonomy":"product_cat","embeddable":true,"href":"https:\/\/www.phivutabletennis.com\/index.php\/wp-json\/wp\/v2\/product_cat?post=3057"},{"taxonomy":"product_tag","embeddable":true,"href":"https:\/\/www.phivutabletennis.com\/index.php\/wp-json\/wp\/v2\/product_tag?post=3057"}],"curies":[{"name":"wp","href":"https:\/\/api.w.org\/{rel}","templated":true}]}}