{"id":3064,"date":"2023-07-04T07:58:18","date_gmt":"2023-07-04T00:58:18","guid":{"rendered":"https:\/\/www.phivutabletennis.com\/?post_type=product&#038;p=3064"},"modified":"2023-07-04T07:58:19","modified_gmt":"2023-07-04T00:58:19","slug":"ao-chinh-hang-butterfly-doislite-shirt-black","status":"publish","type":"product","link":"https:\/\/www.phivutabletennis.com\/index.php\/product\/ao-chinh-hang-butterfly-doislite-shirt-black\/","title":{"rendered":"\u00c1O CH\u00cdNH H\u00c3NG BUTTERFLY DOISLITE SHIRT BLACK"},"content":{"rendered":"<p><strong><u>Ch\u1ea5t li\u1ec7u v\u1ea3i:<\/u><\/strong>\u00a0Polyester 100%<\/p>\n<p><strong><u>M\u00e0u s\u1eafc:<\/u><\/strong>\u00a0 \u0110en<\/p>\n<p>Thi\u1ebft k\u1ebf \u0111\u01a1n gi\u1ea3n, ch\u1ea5t li\u1ec7u v\u1ea3i\u00a0tho\u00e1ng m\u00e1t, h\u00fat tho\u00e1t m\u1ed3 h\u00f4i t\u1ed1t, c\u00f3 \u0111\u1ed9 co gi\u00e3n tho\u1ea3i m\u00e1i khi v\u1eadn \u0111\u1ed9ng.<\/p>\n<div class=\"text_exposed_show\">\n<div><img decoding=\"async\" src=\"https:\/\/bongban.asia\/image\/data\/BUTTERFLY\/DOISLITE%20DEN%201.jpg\" alt=\"\" \/><\/div>\n<div>\n<p>V\u1eadn \u0111\u1ed9ng vi\u00ean Kenta Matsudaira<\/p>\n<p>&nbsp;<\/p>\n<p><strong>H\u00c0NG CH\u00cdNH H\u00c3NG BUTTERFLY S\u1ea2N XU\u1ea4T\u00a0T\u1ea0I NH\u00c0 M\u00c1Y TRUNG QU\u1ed0C.<\/strong><\/p>\n<\/div>\n<\/div>\n","protected":false},"excerpt":{"rendered":"<p>Ch\u1ea5t li\u1ec7u v\u1ea3i:\u00a0Polyester 100% M\u00e0u s\u1eafc:\u00a0 \u0110en Thi\u1ebft k\u1ebf \u0111\u01a1n gi\u1ea3n, ch\u1ea5t li\u1ec7u v\u1ea3i\u00a0tho\u00e1ng m\u00e1t, h\u00fat tho\u00e1t m\u1ed3 h\u00f4i t\u1ed1t, c\u00f3 \u0111\u1ed9 co gi\u00e3n tho\u1ea3i m\u00e1i khi v\u1eadn \u0111\u1ed9ng. V\u1eadn \u0111\u1ed9ng vi\u00ean Kenta Matsudaira &nbsp; H\u00c0NG CH\u00cdNH H\u00c3NG BUTTERFLY S\u1ea2N XU\u1ea4T\u00a0T\u1ea0I NH\u00c0 M\u00c1Y TRUNG QU\u1ed0C.<\/p>\n","protected":false},"featured_media":3065,"comment_status":"open","ping_status":"closed","template":"","meta":{"_eb_attr":""},"product_cat":[34],"product_tag":[],"class_list":["post-3064","product","type-product","status-publish","has-post-thumbnail","hentry","product_cat-quan-ao"],"_links":{"self":[{"href":"https:\/\/www.phivutabletennis.com\/index.php\/wp-json\/wp\/v2\/product\/3064","targetHints":{"allow":["GET"]}}],"collection":[{"href":"https:\/\/www.phivutabletennis.com\/index.php\/wp-json\/wp\/v2\/product"}],"about":[{"href":"https:\/\/www.phivutabletennis.com\/index.php\/wp-json\/wp\/v2\/types\/product"}],"replies":[{"embeddable":true,"href":"https:\/\/www.phivutabletennis.com\/index.php\/wp-json\/wp\/v2\/comments?post=3064"}],"wp:featuredmedia":[{"embeddable":true,"href":"https:\/\/www.phivutabletennis.com\/index.php\/wp-json\/wp\/v2\/media\/3065"}],"wp:attachment":[{"href":"https:\/\/www.phivutabletennis.com\/index.php\/wp-json\/wp\/v2\/media?parent=3064"}],"wp:term":[{"taxonomy":"product_cat","embeddable":true,"href":"https:\/\/www.phivutabletennis.com\/index.php\/wp-json\/wp\/v2\/product_cat?post=3064"},{"taxonomy":"product_tag","embeddable":true,"href":"https:\/\/www.phivutabletennis.com\/index.php\/wp-json\/wp\/v2\/product_tag?post=3064"}],"curies":[{"name":"wp","href":"https:\/\/api.w.org\/{rel}","templated":true}]}}